{"id":30159,"date":"2026-04-10T11:30:13","date_gmt":"2026-04-10T09:30:13","guid":{"rendered":"https:\/\/www.atelierdesgazelles.com\/nos-bateaux\/kaefig-fuer-mk1-cl816\/"},"modified":"2026-04-10T11:30:13","modified_gmt":"2026-04-10T09:30:13","slug":"kaefig-fuer-mk1-cl816","status":"publish","type":"product","link":"https:\/\/www.atelierdesgazelles.com\/de\/nos-bateaux\/zubehoer\/kaefig-fuer-mk1-cl816\/","title":{"rendered":"K\u00e4fig f\u00fcr MK1 CL816"},"content":{"rendered":"<p>Das Produkt <strong>Cage f\u00fcr MK1 CL816<\/strong> ist eine Referenz f\u00fcr Klampen, Klammern und Klemmkeile, die f\u00fcr die Welt von Atelier des Gazelles entwickelt wurde.<\/p>\n<p>Dieses Zubeh\u00f6rteil ist n\u00fctzlich f\u00fcr das Einstellen der Leinen und das Festmachen. Es tr\u00e4gt dazu bei, ein funktionelles Deck, saubere Man\u00f6ver und eine komfortable Nutzung beim Segeln und Ankern zu erhalten. <\/p>\n<ul>\n<li><strong>Kompatibilit\u00e4t:<\/strong> Gazelle des Sables, Gazelle Breizh, Gazelle des \u00eeles, Lascar du Toul&#8217;Ru, Morgat 320<\/li>\n<li><strong>Produktfamilie:<\/strong> Klampen, Klammern und Klemmbretter<\/li>\n<\/ul>\n<p>Um richtig zu bestellen, \u00fcberpr\u00fcfen Sie die Kompatibilit\u00e4t mit Ihrem Modell und beachten Sie die Produktbilder. Eine ideale L\u00f6sung, um Ihr Boot von Atelier des Gazelles, dem franz\u00f6sischen Hersteller von kleinen, ultra-transportierbaren Booten, zu pflegen, zu personalisieren oder zuverl\u00e4ssig zu machen. <\/p>\n<p>&nbsp;<\/p>\n","protected":false},"excerpt":{"rendered":"<p>Bootszubeh\u00f6r Klampe Atelier des Gazelles, ideal zum Einstellen von Leinen und zum Festmachen. Kompatibel mit Gazelle des Sables, Gazelle Breizh, Gazelle des \u00eeles, Lascar du Toul&#8217;Ru, Morgat 320. <\/p>\n","protected":false},"featured_media":22941,"template":"","meta":{"_acf_changed":false,"inline_featured_image":false},"product_brand":[],"product_cat":[509,526,444],"product_tag":[],"class_list":{"0":"post-30159","1":"product","2":"type-product","3":"status-publish","4":"has-post-thumbnail","6":"product_cat-beschlage","7":"product_cat-ruder","8":"product_cat-zubehoer","10":"first","11":"instock","12":"purchasable","13":"product-type-simple"},"acf":[],"yoast_head":"<!-- This site is optimized with the Yoast SEO plugin v27.4 - https:\/\/yoast.com\/product\/yoast-seo-wordpress\/ -->\n<title>K\u00e4fig f\u00fcr MK1 CL816 - Atelier des Gazelles%<\/title>\n<meta name=\"robots\" content=\"index, follow, max-snippet:-1, max-image-preview:large, max-video-preview:-1\" \/>\n<link rel=\"canonical\" href=\"https:\/\/www.atelierdesgazelles.com\/de\/nos-bateaux\/zubehoer\/kaefig-fuer-mk1-cl816\/\" \/>\n<meta property=\"og:locale\" content=\"de_DE\" \/>\n<meta property=\"og:type\" content=\"article\" \/>\n<meta property=\"og:title\" content=\"K\u00e4fig f\u00fcr MK1 CL816 - Atelier des Gazelles%\" \/>\n<meta property=\"og:description\" content=\"Bootszubeh\u00f6r Klampe Atelier des Gazelles, ideal zum Einstellen von Leinen und zum Festmachen. Kompatibel mit Gazelle des Sables, Gazelle Breizh, Gazelle des \u00eeles, Lascar du Toul&#039;Ru, Morgat 320.\" \/>\n<meta property=\"og:url\" content=\"https:\/\/www.atelierdesgazelles.com\/de\/nos-bateaux\/zubehoer\/kaefig-fuer-mk1-cl816\/\" \/>\n<meta property=\"og:site_name\" content=\"Atelier des Gazelles\" \/>\n<meta property=\"article:publisher\" content=\"https:\/\/www.facebook.com\/people\/LAtelier-Des-Gazelles\/61573097917505\/\" \/>\n<meta property=\"og:image\" content=\"https:\/\/www.atelierdesgazelles.com\/wp-content\/uploads\/2024\/07\/IMG_7250.jpg\" \/>\n\t<meta property=\"og:image:width\" content=\"2461\" \/>\n\t<meta property=\"og:image:height\" content=\"2461\" \/>\n\t<meta property=\"og:image:type\" content=\"image\/jpeg\" \/>\n<meta name=\"twitter:card\" content=\"summary_large_image\" \/>\n<meta name=\"twitter:label1\" content=\"Gesch\u00e4tzte Lesezeit\" \/>\n\t<meta name=\"twitter:data1\" content=\"1\u00a0Minute\" \/>\n<script type=\"application\/ld+json\" class=\"yoast-schema-graph\">{\"@context\":\"https:\\\/\\\/schema.org\",\"@graph\":[{\"@type\":\"WebPage\",\"@id\":\"https:\\\/\\\/www.atelierdesgazelles.com\\\/de\\\/nos-bateaux\\\/zubehoer\\\/kaefig-fuer-mk1-cl816\\\/\",\"url\":\"https:\\\/\\\/www.atelierdesgazelles.com\\\/de\\\/nos-bateaux\\\/zubehoer\\\/kaefig-fuer-mk1-cl816\\\/\",\"name\":\"K\u00e4fig f\u00fcr MK1 CL816 - Atelier des Gazelles%\",\"isPartOf\":{\"@id\":\"https:\\\/\\\/www.atelierdesgazelles.com\\\/de\\\/#website\"},\"primaryImageOfPage\":{\"@id\":\"https:\\\/\\\/www.atelierdesgazelles.com\\\/de\\\/nos-bateaux\\\/zubehoer\\\/kaefig-fuer-mk1-cl816\\\/#primaryimage\"},\"image\":{\"@id\":\"https:\\\/\\\/www.atelierdesgazelles.com\\\/de\\\/nos-bateaux\\\/zubehoer\\\/kaefig-fuer-mk1-cl816\\\/#primaryimage\"},\"thumbnailUrl\":\"https:\\\/\\\/www.atelierdesgazelles.com\\\/wp-content\\\/uploads\\\/2024\\\/07\\\/IMG_7250.jpg\",\"datePublished\":\"2026-04-10T09:30:13+00:00\",\"breadcrumb\":{\"@id\":\"https:\\\/\\\/www.atelierdesgazelles.com\\\/de\\\/nos-bateaux\\\/zubehoer\\\/kaefig-fuer-mk1-cl816\\\/#breadcrumb\"},\"inLanguage\":\"de\",\"potentialAction\":[{\"@type\":\"ReadAction\",\"target\":[\"https:\\\/\\\/www.atelierdesgazelles.com\\\/de\\\/nos-bateaux\\\/zubehoer\\\/kaefig-fuer-mk1-cl816\\\/\"]}]},{\"@type\":\"ImageObject\",\"inLanguage\":\"de\",\"@id\":\"https:\\\/\\\/www.atelierdesgazelles.com\\\/de\\\/nos-bateaux\\\/zubehoer\\\/kaefig-fuer-mk1-cl816\\\/#primaryimage\",\"url\":\"https:\\\/\\\/www.atelierdesgazelles.com\\\/wp-content\\\/uploads\\\/2024\\\/07\\\/IMG_7250.jpg\",\"contentUrl\":\"https:\\\/\\\/www.atelierdesgazelles.com\\\/wp-content\\\/uploads\\\/2024\\\/07\\\/IMG_7250.jpg\",\"width\":2461,\"height\":2461},{\"@type\":\"BreadcrumbList\",\"@id\":\"https:\\\/\\\/www.atelierdesgazelles.com\\\/de\\\/nos-bateaux\\\/zubehoer\\\/kaefig-fuer-mk1-cl816\\\/#breadcrumb\",\"itemListElement\":[{\"@type\":\"ListItem\",\"position\":1,\"name\":\"Accueil\",\"item\":\"https:\\\/\\\/www.atelierdesgazelles.com\\\/de\\\/\"},{\"@type\":\"ListItem\",\"position\":2,\"name\":\"Unsere Schiffe\",\"item\":\"https:\\\/\\\/www.atelierdesgazelles.com\\\/de\\\/unsere-schiffe-2\\\/\"},{\"@type\":\"ListItem\",\"position\":3,\"name\":\"Zubeh\u00f6r\",\"item\":\"https:\\\/\\\/www.atelierdesgazelles.com\\\/de\\\/kategorie-produkt\\\/zubehoer\\\/\"},{\"@type\":\"ListItem\",\"position\":4,\"name\":\"BESCHL\u00c4GE\",\"item\":\"https:\\\/\\\/www.atelierdesgazelles.com\\\/de\\\/kategorie-produkt\\\/zubehoer\\\/beschlage\\\/\"},{\"@type\":\"ListItem\",\"position\":5,\"name\":\"Ruder\",\"item\":\"https:\\\/\\\/www.atelierdesgazelles.com\\\/de\\\/kategorie-produkt\\\/zubehoer\\\/beschlage\\\/ruder\\\/\"},{\"@type\":\"ListItem\",\"position\":6,\"name\":\"K\u00e4fig f\u00fcr MK1 CL816\"}]},{\"@type\":\"WebSite\",\"@id\":\"https:\\\/\\\/www.atelierdesgazelles.com\\\/de\\\/#website\",\"url\":\"https:\\\/\\\/www.atelierdesgazelles.com\\\/de\\\/\",\"name\":\"l'Atelier des Gazelles\",\"description\":\"Franz\u00f6sischer Hersteller von transportablen Booten und kleinen Segelbooten\",\"publisher\":{\"@id\":\"https:\\\/\\\/www.atelierdesgazelles.com\\\/de\\\/#organization\"},\"potentialAction\":[{\"@type\":\"SearchAction\",\"target\":{\"@type\":\"EntryPoint\",\"urlTemplate\":\"https:\\\/\\\/www.atelierdesgazelles.com\\\/de\\\/?s={search_term_string}\"},\"query-input\":{\"@type\":\"PropertyValueSpecification\",\"valueRequired\":true,\"valueName\":\"search_term_string\"}}],\"inLanguage\":\"de\"},{\"@type\":\"Organization\",\"@id\":\"https:\\\/\\\/www.atelierdesgazelles.com\\\/de\\\/#organization\",\"name\":\"Atelier des Gazelles\",\"url\":\"https:\\\/\\\/www.atelierdesgazelles.com\\\/de\\\/\",\"logo\":{\"@type\":\"ImageObject\",\"inLanguage\":\"de\",\"@id\":\"https:\\\/\\\/www.atelierdesgazelles.com\\\/de\\\/#\\\/schema\\\/logo\\\/image\\\/\",\"url\":\"https:\\\/\\\/www.atelierdesgazelles.com\\\/wp-content\\\/uploads\\\/2025\\\/07\\\/LOGOTYPE--e1757420449423.png\",\"contentUrl\":\"https:\\\/\\\/www.atelierdesgazelles.com\\\/wp-content\\\/uploads\\\/2025\\\/07\\\/LOGOTYPE--e1757420449423.png\",\"width\":500,\"height\":498,\"caption\":\"Atelier des Gazelles\"},\"image\":{\"@id\":\"https:\\\/\\\/www.atelierdesgazelles.com\\\/de\\\/#\\\/schema\\\/logo\\\/image\\\/\"},\"sameAs\":[\"https:\\\/\\\/www.facebook.com\\\/people\\\/LAtelier-Des-Gazelles\\\/61573097917505\\\/\",\"https:\\\/\\\/www.youtube.com\\\/channel\\\/UCIjVXLt-UMv85l9CpZ_PtLw\",\"https:\\\/\\\/www.instagram.com\\\/l_atelierdesgazelles\\\/?igsh=NXcxOWpzZXRoZ2Nn&utm_source=qr\"]}]}<\/script>\n<!-- \/ Yoast SEO plugin. -->","yoast_head_json":{"title":"K\u00e4fig f\u00fcr MK1 CL816 - Atelier des Gazelles%","robots":{"index":"index","follow":"follow","max-snippet":"max-snippet:-1","max-image-preview":"max-image-preview:large","max-video-preview":"max-video-preview:-1"},"canonical":"https:\/\/www.atelierdesgazelles.com\/de\/nos-bateaux\/zubehoer\/kaefig-fuer-mk1-cl816\/","og_locale":"de_DE","og_type":"article","og_title":"K\u00e4fig f\u00fcr MK1 CL816 - Atelier des Gazelles%","og_description":"Bootszubeh\u00f6r Klampe Atelier des Gazelles, ideal zum Einstellen von Leinen und zum Festmachen. Kompatibel mit Gazelle des Sables, Gazelle Breizh, Gazelle des \u00eeles, Lascar du Toul'Ru, Morgat 320.","og_url":"https:\/\/www.atelierdesgazelles.com\/de\/nos-bateaux\/zubehoer\/kaefig-fuer-mk1-cl816\/","og_site_name":"Atelier des Gazelles","article_publisher":"https:\/\/www.facebook.com\/people\/LAtelier-Des-Gazelles\/61573097917505\/","og_image":[{"width":2461,"height":2461,"url":"https:\/\/www.atelierdesgazelles.com\/wp-content\/uploads\/2024\/07\/IMG_7250.jpg","type":"image\/jpeg"}],"twitter_card":"summary_large_image","twitter_misc":{"Gesch\u00e4tzte Lesezeit":"1\u00a0Minute"},"schema":{"@context":"https:\/\/schema.org","@graph":[{"@type":"WebPage","@id":"https:\/\/www.atelierdesgazelles.com\/de\/nos-bateaux\/zubehoer\/kaefig-fuer-mk1-cl816\/","url":"https:\/\/www.atelierdesgazelles.com\/de\/nos-bateaux\/zubehoer\/kaefig-fuer-mk1-cl816\/","name":"K\u00e4fig f\u00fcr MK1 CL816 - Atelier des Gazelles%","isPartOf":{"@id":"https:\/\/www.atelierdesgazelles.com\/de\/#website"},"primaryImageOfPage":{"@id":"https:\/\/www.atelierdesgazelles.com\/de\/nos-bateaux\/zubehoer\/kaefig-fuer-mk1-cl816\/#primaryimage"},"image":{"@id":"https:\/\/www.atelierdesgazelles.com\/de\/nos-bateaux\/zubehoer\/kaefig-fuer-mk1-cl816\/#primaryimage"},"thumbnailUrl":"https:\/\/www.atelierdesgazelles.com\/wp-content\/uploads\/2024\/07\/IMG_7250.jpg","datePublished":"2026-04-10T09:30:13+00:00","breadcrumb":{"@id":"https:\/\/www.atelierdesgazelles.com\/de\/nos-bateaux\/zubehoer\/kaefig-fuer-mk1-cl816\/#breadcrumb"},"inLanguage":"de","potentialAction":[{"@type":"ReadAction","target":["https:\/\/www.atelierdesgazelles.com\/de\/nos-bateaux\/zubehoer\/kaefig-fuer-mk1-cl816\/"]}]},{"@type":"ImageObject","inLanguage":"de","@id":"https:\/\/www.atelierdesgazelles.com\/de\/nos-bateaux\/zubehoer\/kaefig-fuer-mk1-cl816\/#primaryimage","url":"https:\/\/www.atelierdesgazelles.com\/wp-content\/uploads\/2024\/07\/IMG_7250.jpg","contentUrl":"https:\/\/www.atelierdesgazelles.com\/wp-content\/uploads\/2024\/07\/IMG_7250.jpg","width":2461,"height":2461},{"@type":"BreadcrumbList","@id":"https:\/\/www.atelierdesgazelles.com\/de\/nos-bateaux\/zubehoer\/kaefig-fuer-mk1-cl816\/#breadcrumb","itemListElement":[{"@type":"ListItem","position":1,"name":"Accueil","item":"https:\/\/www.atelierdesgazelles.com\/de\/"},{"@type":"ListItem","position":2,"name":"Unsere Schiffe","item":"https:\/\/www.atelierdesgazelles.com\/de\/unsere-schiffe-2\/"},{"@type":"ListItem","position":3,"name":"Zubeh\u00f6r","item":"https:\/\/www.atelierdesgazelles.com\/de\/kategorie-produkt\/zubehoer\/"},{"@type":"ListItem","position":4,"name":"BESCHL\u00c4GE","item":"https:\/\/www.atelierdesgazelles.com\/de\/kategorie-produkt\/zubehoer\/beschlage\/"},{"@type":"ListItem","position":5,"name":"Ruder","item":"https:\/\/www.atelierdesgazelles.com\/de\/kategorie-produkt\/zubehoer\/beschlage\/ruder\/"},{"@type":"ListItem","position":6,"name":"K\u00e4fig f\u00fcr MK1 CL816"}]},{"@type":"WebSite","@id":"https:\/\/www.atelierdesgazelles.com\/de\/#website","url":"https:\/\/www.atelierdesgazelles.com\/de\/","name":"l'Atelier des Gazelles","description":"Franz\u00f6sischer Hersteller von transportablen Booten und kleinen Segelbooten","publisher":{"@id":"https:\/\/www.atelierdesgazelles.com\/de\/#organization"},"potentialAction":[{"@type":"SearchAction","target":{"@type":"EntryPoint","urlTemplate":"https:\/\/www.atelierdesgazelles.com\/de\/?s={search_term_string}"},"query-input":{"@type":"PropertyValueSpecification","valueRequired":true,"valueName":"search_term_string"}}],"inLanguage":"de"},{"@type":"Organization","@id":"https:\/\/www.atelierdesgazelles.com\/de\/#organization","name":"Atelier des Gazelles","url":"https:\/\/www.atelierdesgazelles.com\/de\/","logo":{"@type":"ImageObject","inLanguage":"de","@id":"https:\/\/www.atelierdesgazelles.com\/de\/#\/schema\/logo\/image\/","url":"https:\/\/www.atelierdesgazelles.com\/wp-content\/uploads\/2025\/07\/LOGOTYPE--e1757420449423.png","contentUrl":"https:\/\/www.atelierdesgazelles.com\/wp-content\/uploads\/2025\/07\/LOGOTYPE--e1757420449423.png","width":500,"height":498,"caption":"Atelier des Gazelles"},"image":{"@id":"https:\/\/www.atelierdesgazelles.com\/de\/#\/schema\/logo\/image\/"},"sameAs":["https:\/\/www.facebook.com\/people\/LAtelier-Des-Gazelles\/61573097917505\/","https:\/\/www.youtube.com\/channel\/UCIjVXLt-UMv85l9CpZ_PtLw","https:\/\/www.instagram.com\/l_atelierdesgazelles\/?igsh=NXcxOWpzZXRoZ2Nn&utm_source=qr"]}]}},"_links":{"self":[{"href":"https:\/\/www.atelierdesgazelles.com\/de\/wp-json\/wp\/v2\/product\/30159","targetHints":{"allow":["GET"]}}],"collection":[{"href":"https:\/\/www.atelierdesgazelles.com\/de\/wp-json\/wp\/v2\/product"}],"about":[{"href":"https:\/\/www.atelierdesgazelles.com\/de\/wp-json\/wp\/v2\/types\/product"}],"wp:featuredmedia":[{"embeddable":true,"href":"https:\/\/www.atelierdesgazelles.com\/de\/wp-json\/wp\/v2\/media\/22941"}],"wp:attachment":[{"href":"https:\/\/www.atelierdesgazelles.com\/de\/wp-json\/wp\/v2\/media?parent=30159"}],"wp:term":[{"taxonomy":"product_brand","embeddable":true,"href":"https:\/\/www.atelierdesgazelles.com\/de\/wp-json\/wp\/v2\/product_brand?post=30159"},{"taxonomy":"product_cat","embeddable":true,"href":"https:\/\/www.atelierdesgazelles.com\/de\/wp-json\/wp\/v2\/product_cat?post=30159"},{"taxonomy":"product_tag","embeddable":true,"href":"https:\/\/www.atelierdesgazelles.com\/de\/wp-json\/wp\/v2\/product_tag?post=30159"}],"curies":[{"name":"wp","href":"https:\/\/api.w.org\/{rel}","templated":true}]}}