{"id":27756,"date":"2024-07-12T15:38:46","date_gmt":"2024-07-12T13:38:46","guid":{"rendered":"https:\/\/www.atelierdesgazelles.com\/de\/nos-bateaux\/morgat-320-modell-2026-version-4\/"},"modified":"2026-02-09T18:13:35","modified_gmt":"2026-02-09T17:13:35","slug":"morgat-320-modell-2026-version-4","status":"publish","type":"product","link":"https:\/\/www.atelierdesgazelles.com\/de\/nos-bateaux\/boote-und-kleine-segelboote\/segel-und-ruderboote\/morgat-320-modell-2026-version-4\/","title":{"rendered":"Morgat 320 (Modell 2026 Version 4)"},"content":{"rendered":"<p>COCKPIT<\/p>\n<ul>\n<li>Cockpit mit rutschfesten Klebestreifen<\/li>\n<li>Holzr\u00fcckwand<\/li>\n<li>Vakuum schnell selbstlenzend<\/li>\n<li>1 Vorderbank mit 2 wasserdichten Luken<\/li>\n<li>1 R\u00fcckbank mit Truhe<br \/>\n300x300cm<\/li>\n<li>1 Besatzung auf der Vorderachse<\/li>\n<\/ul>\n<p class=\"p1\">H\u00dcLLE<\/p>\n<ul>\n<li>Wahl der Farbe des Rumpfes (RAL)<\/li>\n<li>Automatisches Vorschaltger\u00e4t 60Lt<\/li>\n<li>Ruder, Ruderpinne mit Block, Ronstan-Klemme und Gelenkstange<\/li>\n<\/ul>\n<p>BRIDGE<\/p>\n<ul>\n<li>Vorderes Deck aus ge\u00f6ltem Holz Sapelli-Beschichtung<\/li>\n<li>2 hintere Klampen, 1 vordere Klampe<\/li>\n<li>1 Mastfu\u00df<\/li>\n<li>4 Tolets, 1 Schwimmerbank (= vordere Schwimmerbank) und 4 Schwimmerdamen aus verchromtem Messing<\/li>\n<li>2 Ruder 2,30 m aus nordischer Kiefer<\/li>\n<li>1 Godelingel<\/li>\n<\/ul>\n<p>&nbsp;<\/p>\n<p>&nbsp;<\/p>\n","protected":false},"excerpt":{"rendered":"<p><strong>Navigation neu erfunden<\/strong><\/p>\n<p><strong>Datum der Erstellung: 2017<\/strong><\/p>\n<p>Die <strong data-start=\"238\" data-end=\"252\">Morgat 320<\/strong> ist in enger Zusammenarbeit mit K\u00fcstenfischern entstanden und vereint <strong data-start=\"259\" data-end=\"294\">Leichtigkeit, Robustheit und Komfort<\/strong>. Dank seiner Konstruktion ohne Schwert kann er in aller Freiheit auf Grund gehen und anlegen, wo immer Sie Lust haben. Ohne einen F\u00fchrerschein zu ben\u00f6tigen, wird das Segeln zu einem Vergn\u00fcgen f\u00fcr jedermann, mit <strong data-start=\"489\" data-end=\"526\">weniger als 3 Minuten Vorbereitungszeit<\/strong>.<\/p>\n<p>Der Steuerstand bietet sowohl im Sitzen als auch im Stehen eine hervorragende Sicht.<\/p>\n<p data-start=\"671\" data-end=\"871\">Die Morgat 320 ist praktisch und gut durchdacht. Sie ist <strong data-start=\"713\" data-end=\"740\">selbstlenzend<\/strong> und verf\u00fcgt \u00fcber einen vollkommen ebenen Boden, der durch multifunktionale Gep\u00e4ckf\u00e4cher erg\u00e4nzt wird, die Sie nach Ihren Bed\u00fcrfnissen einrichten k\u00f6nnen. Das Schiff ist von Natur aus <strong data-start=\"873\" data-end=\"901\">unsinkbar <\/strong>und verf\u00fcgt \u00fcber Auftriebsreserven, die mit Polyurethanschaum gef\u00fcllt sind, um maximale Sicherheit zu gew\u00e4hrleisten.<\/p>\n<p data-start=\"1004\" data-end=\"1189\">Die gesamte Ausr\u00fcstung kann im ger\u00e4umigen vorderen Kofferraum verstaut werden, wodurch ein <strong data-start=\"1088\" data-end=\"1108\">ger\u00e4umiges Cockpit<\/strong> entsteht, in dem Motor, Netze, Langleinen, Spinde und andere sperrige Ausr\u00fcstungsgegenst\u00e4nde untergebracht werden k\u00f6nnen.<\/p>\n<p data-start=\"1191\" data-end=\"1418\">Die Morgat 320 ist <strong data-start=\"1191\" data-end=\"1217\">vielseitig und intuitiv<\/strong> und bietet Ihnen eine neue Art, das Meer zu erleben. Entdecken Sie einsame Buchten, essen Sie auf Sandb\u00e4nken zu Mittag oder erkunden Sie fischreiche Felsen&#8230; in aller Freiheit.<\/p>\n<p><strong>Kostenlose Bereitstellung auf der Baustelle und kostenlose \u00dcbernahme.<\/strong><\/p>\n","protected":false},"featured_media":27766,"template":"","meta":{"_acf_changed":false,"inline_featured_image":false},"product_brand":[],"product_cat":[439,477],"product_tag":[],"class_list":{"0":"post-27756","1":"product","2":"type-product","3":"status-publish","4":"has-post-thumbnail","6":"product_cat-boote-und-kleine-segelboote","7":"product_cat-segel-und-ruderboote","8":"product_shipping_class-boote","10":"first","11":"instock","12":"taxable","13":"shipping-taxable","14":"purchasable","15":"product-type-simple"},"acf":[],"yoast_head":"<!-- This site is optimized with the Yoast SEO plugin v27.4 - https:\/\/yoast.com\/product\/yoast-seo-wordpress\/ -->\n<title>Morgat 320 (Modell 2026 Version 4) - Atelier des Gazelles%<\/title>\n<meta name=\"robots\" content=\"index, follow, max-snippet:-1, max-image-preview:large, max-video-preview:-1\" \/>\n<link rel=\"canonical\" href=\"https:\/\/www.atelierdesgazelles.com\/de\/nos-bateaux\/boote-und-kleine-segelboote\/segel-und-ruderboote\/morgat-320-modell-2026-version-4\/\" \/>\n<meta property=\"og:locale\" content=\"de_DE\" \/>\n<meta property=\"og:type\" content=\"article\" \/>\n<meta property=\"og:title\" content=\"Morgat 320 (Modell 2026 Version 4) - Atelier des Gazelles%\" \/>\n<meta property=\"og:description\" content=\"Navigation neu erfunden  Datum der Erstellung: 2017  Die Morgat 320 ist in enger Zusammenarbeit mit K\u00fcstenfischern entstanden und vereint Leichtigkeit, Robustheit und Komfort. Dank seiner Konstruktion ohne Schwert kann er in aller Freiheit auf Grund gehen und anlegen, wo immer Sie Lust haben. Ohne einen F\u00fchrerschein zu ben\u00f6tigen, wird das Segeln zu einem Vergn\u00fcgen f\u00fcr jedermann, mit weniger als 3 Minuten Vorbereitungszeit.  Der Steuerstand bietet sowohl im Sitzen als auch im Stehen eine hervorragende Sicht. Die Morgat 320 ist praktisch und gut durchdacht. Sie ist selbstlenzend und verf\u00fcgt \u00fcber einen vollkommen ebenen Boden, der durch multifunktionale Gep\u00e4ckf\u00e4cher erg\u00e4nzt wird, die Sie nach Ihren Bed\u00fcrfnissen einrichten k\u00f6nnen. Das Schiff ist von Natur aus unsinkbar und verf\u00fcgt \u00fcber Auftriebsreserven, die mit Polyurethanschaum gef\u00fcllt sind, um maximale Sicherheit zu gew\u00e4hrleisten. Die gesamte Ausr\u00fcstung kann im ger\u00e4umigen vorderen Kofferraum verstaut werden, wodurch ein ger\u00e4umiges Cockpit entsteht, in dem Motor, Netze, Langleinen, Spinde und andere sperrige Ausr\u00fcstungsgegenst\u00e4nde untergebracht werden k\u00f6nnen. Die Morgat 320 ist vielseitig und intuitiv und bietet Ihnen eine neue Art, das Meer zu erleben. Entdecken Sie einsame Buchten, essen Sie auf Sandb\u00e4nken zu Mittag oder erkunden Sie fischreiche Felsen... in aller Freiheit. Kostenlose Bereitstellung auf der Baustelle und kostenlose \u00dcbernahme.\" \/>\n<meta property=\"og:url\" content=\"https:\/\/www.atelierdesgazelles.com\/de\/nos-bateaux\/boote-und-kleine-segelboote\/segel-und-ruderboote\/morgat-320-modell-2026-version-4\/\" \/>\n<meta property=\"og:site_name\" content=\"Atelier des Gazelles\" \/>\n<meta property=\"article:publisher\" content=\"https:\/\/www.facebook.com\/people\/LAtelier-Des-Gazelles\/61573097917505\/\" \/>\n<meta property=\"article:modified_time\" content=\"2026-02-09T17:13:35+00:00\" \/>\n<meta property=\"og:image\" content=\"https:\/\/www.atelierdesgazelles.com\/wp-content\/uploads\/2024\/07\/Morgat-320.png\" \/>\n\t<meta property=\"og:image:width\" content=\"1207\" \/>\n\t<meta property=\"og:image:height\" content=\"1207\" \/>\n\t<meta property=\"og:image:type\" content=\"image\/png\" \/>\n<meta name=\"twitter:card\" content=\"summary_large_image\" \/>\n<meta name=\"twitter:label1\" content=\"Gesch\u00e4tzte Lesezeit\" \/>\n\t<meta name=\"twitter:data1\" content=\"1\u00a0Minute\" \/>\n<script type=\"application\/ld+json\" class=\"yoast-schema-graph\">{\"@context\":\"https:\\\/\\\/schema.org\",\"@graph\":[{\"@type\":\"WebPage\",\"@id\":\"https:\\\/\\\/www.atelierdesgazelles.com\\\/de\\\/nos-bateaux\\\/boote-und-kleine-segelboote\\\/segel-und-ruderboote\\\/morgat-320-modell-2026-version-4\\\/\",\"url\":\"https:\\\/\\\/www.atelierdesgazelles.com\\\/de\\\/nos-bateaux\\\/boote-und-kleine-segelboote\\\/segel-und-ruderboote\\\/morgat-320-modell-2026-version-4\\\/\",\"name\":\"Morgat 320 (Modell 2026 Version 4) - Atelier des Gazelles%\",\"isPartOf\":{\"@id\":\"https:\\\/\\\/www.atelierdesgazelles.com\\\/de\\\/#website\"},\"primaryImageOfPage\":{\"@id\":\"https:\\\/\\\/www.atelierdesgazelles.com\\\/de\\\/nos-bateaux\\\/boote-und-kleine-segelboote\\\/segel-und-ruderboote\\\/morgat-320-modell-2026-version-4\\\/#primaryimage\"},\"image\":{\"@id\":\"https:\\\/\\\/www.atelierdesgazelles.com\\\/de\\\/nos-bateaux\\\/boote-und-kleine-segelboote\\\/segel-und-ruderboote\\\/morgat-320-modell-2026-version-4\\\/#primaryimage\"},\"thumbnailUrl\":\"https:\\\/\\\/www.atelierdesgazelles.com\\\/wp-content\\\/uploads\\\/2024\\\/07\\\/Morgat-320.png\",\"datePublished\":\"2024-07-12T13:38:46+00:00\",\"dateModified\":\"2026-02-09T17:13:35+00:00\",\"breadcrumb\":{\"@id\":\"https:\\\/\\\/www.atelierdesgazelles.com\\\/de\\\/nos-bateaux\\\/boote-und-kleine-segelboote\\\/segel-und-ruderboote\\\/morgat-320-modell-2026-version-4\\\/#breadcrumb\"},\"inLanguage\":\"de\",\"potentialAction\":[{\"@type\":\"ReadAction\",\"target\":[\"https:\\\/\\\/www.atelierdesgazelles.com\\\/de\\\/nos-bateaux\\\/boote-und-kleine-segelboote\\\/segel-und-ruderboote\\\/morgat-320-modell-2026-version-4\\\/\"]}]},{\"@type\":\"ImageObject\",\"inLanguage\":\"de\",\"@id\":\"https:\\\/\\\/www.atelierdesgazelles.com\\\/de\\\/nos-bateaux\\\/boote-und-kleine-segelboote\\\/segel-und-ruderboote\\\/morgat-320-modell-2026-version-4\\\/#primaryimage\",\"url\":\"https:\\\/\\\/www.atelierdesgazelles.com\\\/wp-content\\\/uploads\\\/2024\\\/07\\\/Morgat-320.png\",\"contentUrl\":\"https:\\\/\\\/www.atelierdesgazelles.com\\\/wp-content\\\/uploads\\\/2024\\\/07\\\/Morgat-320.png\",\"width\":1207,\"height\":1207},{\"@type\":\"BreadcrumbList\",\"@id\":\"https:\\\/\\\/www.atelierdesgazelles.com\\\/de\\\/nos-bateaux\\\/boote-und-kleine-segelboote\\\/segel-und-ruderboote\\\/morgat-320-modell-2026-version-4\\\/#breadcrumb\",\"itemListElement\":[{\"@type\":\"ListItem\",\"position\":1,\"name\":\"Accueil\",\"item\":\"https:\\\/\\\/www.atelierdesgazelles.com\\\/de\\\/\"},{\"@type\":\"ListItem\",\"position\":2,\"name\":\"Unsere Schiffe\",\"item\":\"https:\\\/\\\/www.atelierdesgazelles.com\\\/de\\\/unsere-schiffe-2\\\/\"},{\"@type\":\"ListItem\",\"position\":3,\"name\":\"Boote und kleine Segelboote\",\"item\":\"https:\\\/\\\/www.atelierdesgazelles.com\\\/de\\\/kategorie-produkt\\\/boote-und-kleine-segelboote\\\/\"},{\"@type\":\"ListItem\",\"position\":4,\"name\":\"Segel- und Ruderboote\",\"item\":\"https:\\\/\\\/www.atelierdesgazelles.com\\\/de\\\/kategorie-produkt\\\/boote-und-kleine-segelboote\\\/segel-und-ruderboote\\\/\"},{\"@type\":\"ListItem\",\"position\":5,\"name\":\"Morgat 320 (Modell 2026 Version 4)\"}]},{\"@type\":\"WebSite\",\"@id\":\"https:\\\/\\\/www.atelierdesgazelles.com\\\/de\\\/#website\",\"url\":\"https:\\\/\\\/www.atelierdesgazelles.com\\\/de\\\/\",\"name\":\"l'Atelier des Gazelles\",\"description\":\"Franz\u00f6sischer Hersteller von transportablen Booten und kleinen Segelbooten\",\"publisher\":{\"@id\":\"https:\\\/\\\/www.atelierdesgazelles.com\\\/de\\\/#organization\"},\"potentialAction\":[{\"@type\":\"SearchAction\",\"target\":{\"@type\":\"EntryPoint\",\"urlTemplate\":\"https:\\\/\\\/www.atelierdesgazelles.com\\\/de\\\/?s={search_term_string}\"},\"query-input\":{\"@type\":\"PropertyValueSpecification\",\"valueRequired\":true,\"valueName\":\"search_term_string\"}}],\"inLanguage\":\"de\"},{\"@type\":\"Organization\",\"@id\":\"https:\\\/\\\/www.atelierdesgazelles.com\\\/de\\\/#organization\",\"name\":\"Atelier des Gazelles\",\"url\":\"https:\\\/\\\/www.atelierdesgazelles.com\\\/de\\\/\",\"logo\":{\"@type\":\"ImageObject\",\"inLanguage\":\"de\",\"@id\":\"https:\\\/\\\/www.atelierdesgazelles.com\\\/de\\\/#\\\/schema\\\/logo\\\/image\\\/\",\"url\":\"https:\\\/\\\/www.atelierdesgazelles.com\\\/wp-content\\\/uploads\\\/2025\\\/07\\\/LOGOTYPE--e1757420449423.png\",\"contentUrl\":\"https:\\\/\\\/www.atelierdesgazelles.com\\\/wp-content\\\/uploads\\\/2025\\\/07\\\/LOGOTYPE--e1757420449423.png\",\"width\":500,\"height\":498,\"caption\":\"Atelier des Gazelles\"},\"image\":{\"@id\":\"https:\\\/\\\/www.atelierdesgazelles.com\\\/de\\\/#\\\/schema\\\/logo\\\/image\\\/\"},\"sameAs\":[\"https:\\\/\\\/www.facebook.com\\\/people\\\/LAtelier-Des-Gazelles\\\/61573097917505\\\/\",\"https:\\\/\\\/www.youtube.com\\\/channel\\\/UCIjVXLt-UMv85l9CpZ_PtLw\",\"https:\\\/\\\/www.instagram.com\\\/l_atelierdesgazelles\\\/?igsh=NXcxOWpzZXRoZ2Nn&utm_source=qr\"]}]}<\/script>\n<!-- \/ Yoast SEO plugin. -->","yoast_head_json":{"title":"Morgat 320 (Modell 2026 Version 4) - Atelier des Gazelles%","robots":{"index":"index","follow":"follow","max-snippet":"max-snippet:-1","max-image-preview":"max-image-preview:large","max-video-preview":"max-video-preview:-1"},"canonical":"https:\/\/www.atelierdesgazelles.com\/de\/nos-bateaux\/boote-und-kleine-segelboote\/segel-und-ruderboote\/morgat-320-modell-2026-version-4\/","og_locale":"de_DE","og_type":"article","og_title":"Morgat 320 (Modell 2026 Version 4) - Atelier des Gazelles%","og_description":"Navigation neu erfunden  Datum der Erstellung: 2017  Die Morgat 320 ist in enger Zusammenarbeit mit K\u00fcstenfischern entstanden und vereint Leichtigkeit, Robustheit und Komfort. Dank seiner Konstruktion ohne Schwert kann er in aller Freiheit auf Grund gehen und anlegen, wo immer Sie Lust haben. Ohne einen F\u00fchrerschein zu ben\u00f6tigen, wird das Segeln zu einem Vergn\u00fcgen f\u00fcr jedermann, mit weniger als 3 Minuten Vorbereitungszeit.  Der Steuerstand bietet sowohl im Sitzen als auch im Stehen eine hervorragende Sicht. Die Morgat 320 ist praktisch und gut durchdacht. Sie ist selbstlenzend und verf\u00fcgt \u00fcber einen vollkommen ebenen Boden, der durch multifunktionale Gep\u00e4ckf\u00e4cher erg\u00e4nzt wird, die Sie nach Ihren Bed\u00fcrfnissen einrichten k\u00f6nnen. Das Schiff ist von Natur aus unsinkbar und verf\u00fcgt \u00fcber Auftriebsreserven, die mit Polyurethanschaum gef\u00fcllt sind, um maximale Sicherheit zu gew\u00e4hrleisten. Die gesamte Ausr\u00fcstung kann im ger\u00e4umigen vorderen Kofferraum verstaut werden, wodurch ein ger\u00e4umiges Cockpit entsteht, in dem Motor, Netze, Langleinen, Spinde und andere sperrige Ausr\u00fcstungsgegenst\u00e4nde untergebracht werden k\u00f6nnen. Die Morgat 320 ist vielseitig und intuitiv und bietet Ihnen eine neue Art, das Meer zu erleben. Entdecken Sie einsame Buchten, essen Sie auf Sandb\u00e4nken zu Mittag oder erkunden Sie fischreiche Felsen... in aller Freiheit. Kostenlose Bereitstellung auf der Baustelle und kostenlose \u00dcbernahme.","og_url":"https:\/\/www.atelierdesgazelles.com\/de\/nos-bateaux\/boote-und-kleine-segelboote\/segel-und-ruderboote\/morgat-320-modell-2026-version-4\/","og_site_name":"Atelier des Gazelles","article_publisher":"https:\/\/www.facebook.com\/people\/LAtelier-Des-Gazelles\/61573097917505\/","article_modified_time":"2026-02-09T17:13:35+00:00","og_image":[{"width":1207,"height":1207,"url":"https:\/\/www.atelierdesgazelles.com\/wp-content\/uploads\/2024\/07\/Morgat-320.png","type":"image\/png"}],"twitter_card":"summary_large_image","twitter_misc":{"Gesch\u00e4tzte Lesezeit":"1\u00a0Minute"},"schema":{"@context":"https:\/\/schema.org","@graph":[{"@type":"WebPage","@id":"https:\/\/www.atelierdesgazelles.com\/de\/nos-bateaux\/boote-und-kleine-segelboote\/segel-und-ruderboote\/morgat-320-modell-2026-version-4\/","url":"https:\/\/www.atelierdesgazelles.com\/de\/nos-bateaux\/boote-und-kleine-segelboote\/segel-und-ruderboote\/morgat-320-modell-2026-version-4\/","name":"Morgat 320 (Modell 2026 Version 4) - Atelier des Gazelles%","isPartOf":{"@id":"https:\/\/www.atelierdesgazelles.com\/de\/#website"},"primaryImageOfPage":{"@id":"https:\/\/www.atelierdesgazelles.com\/de\/nos-bateaux\/boote-und-kleine-segelboote\/segel-und-ruderboote\/morgat-320-modell-2026-version-4\/#primaryimage"},"image":{"@id":"https:\/\/www.atelierdesgazelles.com\/de\/nos-bateaux\/boote-und-kleine-segelboote\/segel-und-ruderboote\/morgat-320-modell-2026-version-4\/#primaryimage"},"thumbnailUrl":"https:\/\/www.atelierdesgazelles.com\/wp-content\/uploads\/2024\/07\/Morgat-320.png","datePublished":"2024-07-12T13:38:46+00:00","dateModified":"2026-02-09T17:13:35+00:00","breadcrumb":{"@id":"https:\/\/www.atelierdesgazelles.com\/de\/nos-bateaux\/boote-und-kleine-segelboote\/segel-und-ruderboote\/morgat-320-modell-2026-version-4\/#breadcrumb"},"inLanguage":"de","potentialAction":[{"@type":"ReadAction","target":["https:\/\/www.atelierdesgazelles.com\/de\/nos-bateaux\/boote-und-kleine-segelboote\/segel-und-ruderboote\/morgat-320-modell-2026-version-4\/"]}]},{"@type":"ImageObject","inLanguage":"de","@id":"https:\/\/www.atelierdesgazelles.com\/de\/nos-bateaux\/boote-und-kleine-segelboote\/segel-und-ruderboote\/morgat-320-modell-2026-version-4\/#primaryimage","url":"https:\/\/www.atelierdesgazelles.com\/wp-content\/uploads\/2024\/07\/Morgat-320.png","contentUrl":"https:\/\/www.atelierdesgazelles.com\/wp-content\/uploads\/2024\/07\/Morgat-320.png","width":1207,"height":1207},{"@type":"BreadcrumbList","@id":"https:\/\/www.atelierdesgazelles.com\/de\/nos-bateaux\/boote-und-kleine-segelboote\/segel-und-ruderboote\/morgat-320-modell-2026-version-4\/#breadcrumb","itemListElement":[{"@type":"ListItem","position":1,"name":"Accueil","item":"https:\/\/www.atelierdesgazelles.com\/de\/"},{"@type":"ListItem","position":2,"name":"Unsere Schiffe","item":"https:\/\/www.atelierdesgazelles.com\/de\/unsere-schiffe-2\/"},{"@type":"ListItem","position":3,"name":"Boote und kleine Segelboote","item":"https:\/\/www.atelierdesgazelles.com\/de\/kategorie-produkt\/boote-und-kleine-segelboote\/"},{"@type":"ListItem","position":4,"name":"Segel- und Ruderboote","item":"https:\/\/www.atelierdesgazelles.com\/de\/kategorie-produkt\/boote-und-kleine-segelboote\/segel-und-ruderboote\/"},{"@type":"ListItem","position":5,"name":"Morgat 320 (Modell 2026 Version 4)"}]},{"@type":"WebSite","@id":"https:\/\/www.atelierdesgazelles.com\/de\/#website","url":"https:\/\/www.atelierdesgazelles.com\/de\/","name":"l'Atelier des Gazelles","description":"Franz\u00f6sischer Hersteller von transportablen Booten und kleinen Segelbooten","publisher":{"@id":"https:\/\/www.atelierdesgazelles.com\/de\/#organization"},"potentialAction":[{"@type":"SearchAction","target":{"@type":"EntryPoint","urlTemplate":"https:\/\/www.atelierdesgazelles.com\/de\/?s={search_term_string}"},"query-input":{"@type":"PropertyValueSpecification","valueRequired":true,"valueName":"search_term_string"}}],"inLanguage":"de"},{"@type":"Organization","@id":"https:\/\/www.atelierdesgazelles.com\/de\/#organization","name":"Atelier des Gazelles","url":"https:\/\/www.atelierdesgazelles.com\/de\/","logo":{"@type":"ImageObject","inLanguage":"de","@id":"https:\/\/www.atelierdesgazelles.com\/de\/#\/schema\/logo\/image\/","url":"https:\/\/www.atelierdesgazelles.com\/wp-content\/uploads\/2025\/07\/LOGOTYPE--e1757420449423.png","contentUrl":"https:\/\/www.atelierdesgazelles.com\/wp-content\/uploads\/2025\/07\/LOGOTYPE--e1757420449423.png","width":500,"height":498,"caption":"Atelier des Gazelles"},"image":{"@id":"https:\/\/www.atelierdesgazelles.com\/de\/#\/schema\/logo\/image\/"},"sameAs":["https:\/\/www.facebook.com\/people\/LAtelier-Des-Gazelles\/61573097917505\/","https:\/\/www.youtube.com\/channel\/UCIjVXLt-UMv85l9CpZ_PtLw","https:\/\/www.instagram.com\/l_atelierdesgazelles\/?igsh=NXcxOWpzZXRoZ2Nn&utm_source=qr"]}]}},"_links":{"self":[{"href":"https:\/\/www.atelierdesgazelles.com\/de\/wp-json\/wp\/v2\/product\/27756","targetHints":{"allow":["GET"]}}],"collection":[{"href":"https:\/\/www.atelierdesgazelles.com\/de\/wp-json\/wp\/v2\/product"}],"about":[{"href":"https:\/\/www.atelierdesgazelles.com\/de\/wp-json\/wp\/v2\/types\/product"}],"wp:featuredmedia":[{"embeddable":true,"href":"https:\/\/www.atelierdesgazelles.com\/de\/wp-json\/wp\/v2\/media\/27766"}],"wp:attachment":[{"href":"https:\/\/www.atelierdesgazelles.com\/de\/wp-json\/wp\/v2\/media?parent=27756"}],"wp:term":[{"taxonomy":"product_brand","embeddable":true,"href":"https:\/\/www.atelierdesgazelles.com\/de\/wp-json\/wp\/v2\/product_brand?post=27756"},{"taxonomy":"product_cat","embeddable":true,"href":"https:\/\/www.atelierdesgazelles.com\/de\/wp-json\/wp\/v2\/product_cat?post=27756"},{"taxonomy":"product_tag","embeddable":true,"href":"https:\/\/www.atelierdesgazelles.com\/de\/wp-json\/wp\/v2\/product_tag?post=27756"}],"curies":[{"name":"wp","href":"https:\/\/api.w.org\/{rel}","templated":true}]}}