{"id":27669,"date":"2024-07-30T15:55:11","date_gmt":"2024-07-30T13:55:11","guid":{"rendered":"https:\/\/www.atelierdesgazelles.com\/de\/nos-bateaux\/lascar-du-toulru-modell-2026-version-3\/"},"modified":"2026-02-10T17:35:41","modified_gmt":"2026-02-10T16:35:41","slug":"lascar-du-toulru-modell-2026-version-3","status":"publish","type":"product","link":"https:\/\/www.atelierdesgazelles.com\/de\/nos-bateaux\/boote-und-kleine-segelboote\/segel-und-ruderboote\/lascar-du-toulru-modell-2026-version-3\/","title":{"rendered":"Lascar du Toul&#8217;Ru (Modell 2026 Version 3)"},"content":{"rendered":"<h2>Ihr Lascar du Toul&#8217;Ru Standard<\/h2>\n<h3>Cockpit<\/h3>\n<ul>\n<li>Cockpit mit rutschfesten Klebestreifen<\/li>\n<li>Holzr\u00fcckwand<\/li>\n<li>2 wasserdichte Aufbewahrungsklappen<\/li>\n<li>3 B\u00e4nke: eine feste Vorderbank, eine mittlere und eine hintere Bank, die herausnehmbar sind<\/li>\n<li>Schnell leer<\/li>\n<li>Listons Holz<\/li>\n<\/ul>\n<h3>Rumpf<\/h3>\n<ul>\n<li>Wahl der Farbe des Rumpfes (RAL)<\/li>\n<li>Doppelter gesch\u00e4umter Polyesterrumpf, 2 seitliche Strandkiele, 1 weicher Edelstahl-Kielstreifen, 1 integriertes Kielrad, 1 Schleppleine<\/li>\n<li>Automatisches Vorschaltger\u00e4t 35L<\/li>\n<\/ul>\n<h3>Das Unentbehrliche<\/h3>\n<ul>\n<li class=\"p1\">1 Strandwagen<\/li>\n<\/ul>\n<h3>Br\u00fccke<\/h3>\n<ul>\n<li>Cremefarben RAL 1015<\/li>\n<li>Vorderes Deck ge\u00f6ltes Holz Sapelli-Beschichtung<\/li>\n<li>2 hintere Klampen, 1 vordere Klampe<\/li>\n<li>1 Mastfu\u00df<\/li>\n<li>1 Godelingel<\/li>\n<li>4 Tolets, eine Schwimmerbank und Schwimmerdamen aus verchromtem Messing<\/li>\n<li>2 Ruder 1,90 m aus nordischer Kiefer<\/li>\n<\/ul>\n","protected":false},"excerpt":{"rendered":"<p><strong>Navigation neu erfunden<\/strong><\/p>\n<p><strong>Datum der Erstellung: 2009<\/strong><\/p>\n<p data-start=\"152\" data-end=\"457\">Die <strong data-start=\"232\" data-end=\"253\">Lascar du Toul&#8217;Ru<\/strong> ist eine Mischung aus einem bretonischen Kanu, einem Segelruderboot und sogar einem Segelbeiboot. Sie besticht durch ihre au\u00dfergew\u00f6hnliche Stabilit\u00e4t und die Freude am Segeln, unabh\u00e4ngig davon, welchen Antrieb Sie w\u00e4hlen: 2 PS-Motor, Elektromotor, Segel zu einem Drittel, Rudern oder Paddeln.<\/p>\n<p data-start=\"459\" data-end=\"695\">Das Boot ist einfach zu man\u00f6vrieren und leicht zu handhaben und besticht durch seine zeitlose Eleganz sowohl am Kai als auch auf See. Ein wahres Schmuckst\u00fcck zum kleinen Preis, das sich an alle Spielpl\u00e4tze anpasst, sowohl auf dem Meer als auch auf dem Fluss.<\/p>\n<p data-start=\"697\" data-end=\"814\">Dieses Segel- und Ruderboot ist an seinem rechten Heckspiegel zu erkennen, der ein typisches Merkmal der <strong data-start=\"787\" data-end=\"813\">alten bretonischen Ruder<\/strong>boote ist.<\/p>\n<p><strong>Kostenlose Bereitstellung auf der Baustelle und kostenlose \u00dcbernahme.<\/strong><\/p>\n","protected":false},"featured_media":27649,"template":"","meta":{"_acf_changed":false,"inline_featured_image":false},"product_brand":[],"product_cat":[439,477],"product_tag":[],"class_list":{"0":"post-27669","1":"product","2":"type-product","3":"status-publish","4":"has-post-thumbnail","6":"product_cat-boote-und-kleine-segelboote","7":"product_cat-segel-und-ruderboote","8":"product_shipping_class-boote","10":"first","11":"instock","12":"taxable","13":"shipping-taxable","14":"purchasable","15":"product-type-simple"},"acf":[],"yoast_head":"<!-- This site is optimized with the Yoast SEO plugin v27.4 - https:\/\/yoast.com\/product\/yoast-seo-wordpress\/ -->\n<title>Lascar du Toul&#039;Ru (Modell 2026 Version 3) - Atelier des Gazelles%<\/title>\n<meta name=\"robots\" content=\"index, follow, max-snippet:-1, max-image-preview:large, max-video-preview:-1\" \/>\n<link rel=\"canonical\" href=\"https:\/\/www.atelierdesgazelles.com\/de\/nos-bateaux\/boote-und-kleine-segelboote\/segel-und-ruderboote\/lascar-du-toulru-modell-2026-version-3\/\" \/>\n<meta property=\"og:locale\" content=\"de_DE\" \/>\n<meta property=\"og:type\" content=\"article\" \/>\n<meta property=\"og:title\" content=\"Lascar du Toul&#039;Ru (Modell 2026 Version 3) - Atelier des Gazelles%\" \/>\n<meta property=\"og:description\" content=\"Navigation neu erfunden  Datum der Erstellung: 2009 Die Lascar du Toul&#039;Ru ist eine Mischung aus einem bretonischen Kanu, einem Segelruderboot und sogar einem Segelbeiboot. Sie besticht durch ihre au\u00dfergew\u00f6hnliche Stabilit\u00e4t und die Freude am Segeln, unabh\u00e4ngig davon, welchen Antrieb Sie w\u00e4hlen: 2 PS-Motor, Elektromotor, Segel zu einem Drittel, Rudern oder Paddeln. Das Boot ist einfach zu man\u00f6vrieren und leicht zu handhaben und besticht durch seine zeitlose Eleganz sowohl am Kai als auch auf See. Ein wahres Schmuckst\u00fcck zum kleinen Preis, das sich an alle Spielpl\u00e4tze anpasst, sowohl auf dem Meer als auch auf dem Fluss. Dieses Segel- und Ruderboot ist an seinem rechten Heckspiegel zu erkennen, der ein typisches Merkmal der alten bretonischen Ruderboote ist. Kostenlose Bereitstellung auf der Baustelle und kostenlose \u00dcbernahme.\" \/>\n<meta property=\"og:url\" content=\"https:\/\/www.atelierdesgazelles.com\/de\/nos-bateaux\/boote-und-kleine-segelboote\/segel-und-ruderboote\/lascar-du-toulru-modell-2026-version-3\/\" \/>\n<meta property=\"og:site_name\" content=\"Atelier des Gazelles\" \/>\n<meta property=\"article:publisher\" content=\"https:\/\/www.facebook.com\/people\/LAtelier-Des-Gazelles\/61573097917505\/\" \/>\n<meta property=\"article:modified_time\" content=\"2026-02-10T16:35:41+00:00\" \/>\n<meta property=\"og:image\" content=\"https:\/\/www.atelierdesgazelles.com\/wp-content\/uploads\/2024\/07\/Lascar-du-ToulRu.jpg\" \/>\n\t<meta property=\"og:image:width\" content=\"1920\" \/>\n\t<meta property=\"og:image:height\" content=\"1080\" \/>\n\t<meta property=\"og:image:type\" content=\"image\/jpeg\" \/>\n<meta name=\"twitter:card\" content=\"summary_large_image\" \/>\n<meta name=\"twitter:label1\" content=\"Gesch\u00e4tzte Lesezeit\" \/>\n\t<meta name=\"twitter:data1\" content=\"1\u00a0Minute\" \/>\n<script type=\"application\/ld+json\" class=\"yoast-schema-graph\">{\"@context\":\"https:\\\/\\\/schema.org\",\"@graph\":[{\"@type\":\"WebPage\",\"@id\":\"https:\\\/\\\/www.atelierdesgazelles.com\\\/de\\\/nos-bateaux\\\/boote-und-kleine-segelboote\\\/segel-und-ruderboote\\\/lascar-du-toulru-modell-2026-version-3\\\/\",\"url\":\"https:\\\/\\\/www.atelierdesgazelles.com\\\/de\\\/nos-bateaux\\\/boote-und-kleine-segelboote\\\/segel-und-ruderboote\\\/lascar-du-toulru-modell-2026-version-3\\\/\",\"name\":\"Lascar du Toul'Ru (Modell 2026 Version 3) - Atelier des Gazelles%\",\"isPartOf\":{\"@id\":\"https:\\\/\\\/www.atelierdesgazelles.com\\\/de\\\/#website\"},\"primaryImageOfPage\":{\"@id\":\"https:\\\/\\\/www.atelierdesgazelles.com\\\/de\\\/nos-bateaux\\\/boote-und-kleine-segelboote\\\/segel-und-ruderboote\\\/lascar-du-toulru-modell-2026-version-3\\\/#primaryimage\"},\"image\":{\"@id\":\"https:\\\/\\\/www.atelierdesgazelles.com\\\/de\\\/nos-bateaux\\\/boote-und-kleine-segelboote\\\/segel-und-ruderboote\\\/lascar-du-toulru-modell-2026-version-3\\\/#primaryimage\"},\"thumbnailUrl\":\"https:\\\/\\\/www.atelierdesgazelles.com\\\/wp-content\\\/uploads\\\/2024\\\/07\\\/Lascar-du-ToulRu.jpg\",\"datePublished\":\"2024-07-30T13:55:11+00:00\",\"dateModified\":\"2026-02-10T16:35:41+00:00\",\"breadcrumb\":{\"@id\":\"https:\\\/\\\/www.atelierdesgazelles.com\\\/de\\\/nos-bateaux\\\/boote-und-kleine-segelboote\\\/segel-und-ruderboote\\\/lascar-du-toulru-modell-2026-version-3\\\/#breadcrumb\"},\"inLanguage\":\"de\",\"potentialAction\":[{\"@type\":\"ReadAction\",\"target\":[\"https:\\\/\\\/www.atelierdesgazelles.com\\\/de\\\/nos-bateaux\\\/boote-und-kleine-segelboote\\\/segel-und-ruderboote\\\/lascar-du-toulru-modell-2026-version-3\\\/\"]}]},{\"@type\":\"ImageObject\",\"inLanguage\":\"de\",\"@id\":\"https:\\\/\\\/www.atelierdesgazelles.com\\\/de\\\/nos-bateaux\\\/boote-und-kleine-segelboote\\\/segel-und-ruderboote\\\/lascar-du-toulru-modell-2026-version-3\\\/#primaryimage\",\"url\":\"https:\\\/\\\/www.atelierdesgazelles.com\\\/wp-content\\\/uploads\\\/2024\\\/07\\\/Lascar-du-ToulRu.jpg\",\"contentUrl\":\"https:\\\/\\\/www.atelierdesgazelles.com\\\/wp-content\\\/uploads\\\/2024\\\/07\\\/Lascar-du-ToulRu.jpg\",\"width\":1920,\"height\":1080},{\"@type\":\"BreadcrumbList\",\"@id\":\"https:\\\/\\\/www.atelierdesgazelles.com\\\/de\\\/nos-bateaux\\\/boote-und-kleine-segelboote\\\/segel-und-ruderboote\\\/lascar-du-toulru-modell-2026-version-3\\\/#breadcrumb\",\"itemListElement\":[{\"@type\":\"ListItem\",\"position\":1,\"name\":\"Accueil\",\"item\":\"https:\\\/\\\/www.atelierdesgazelles.com\\\/de\\\/\"},{\"@type\":\"ListItem\",\"position\":2,\"name\":\"Unsere Schiffe\",\"item\":\"https:\\\/\\\/www.atelierdesgazelles.com\\\/de\\\/unsere-schiffe-2\\\/\"},{\"@type\":\"ListItem\",\"position\":3,\"name\":\"Boote und kleine Segelboote\",\"item\":\"https:\\\/\\\/www.atelierdesgazelles.com\\\/de\\\/kategorie-produkt\\\/boote-und-kleine-segelboote\\\/\"},{\"@type\":\"ListItem\",\"position\":4,\"name\":\"Segel- und Ruderboote\",\"item\":\"https:\\\/\\\/www.atelierdesgazelles.com\\\/de\\\/kategorie-produkt\\\/boote-und-kleine-segelboote\\\/segel-und-ruderboote\\\/\"},{\"@type\":\"ListItem\",\"position\":5,\"name\":\"Lascar du Toul&#8217;Ru (Modell 2026 Version 3)\"}]},{\"@type\":\"WebSite\",\"@id\":\"https:\\\/\\\/www.atelierdesgazelles.com\\\/de\\\/#website\",\"url\":\"https:\\\/\\\/www.atelierdesgazelles.com\\\/de\\\/\",\"name\":\"l'Atelier des Gazelles\",\"description\":\"Franz\u00f6sischer Hersteller von transportablen Booten und kleinen Segelbooten\",\"publisher\":{\"@id\":\"https:\\\/\\\/www.atelierdesgazelles.com\\\/de\\\/#organization\"},\"potentialAction\":[{\"@type\":\"SearchAction\",\"target\":{\"@type\":\"EntryPoint\",\"urlTemplate\":\"https:\\\/\\\/www.atelierdesgazelles.com\\\/de\\\/?s={search_term_string}\"},\"query-input\":{\"@type\":\"PropertyValueSpecification\",\"valueRequired\":true,\"valueName\":\"search_term_string\"}}],\"inLanguage\":\"de\"},{\"@type\":\"Organization\",\"@id\":\"https:\\\/\\\/www.atelierdesgazelles.com\\\/de\\\/#organization\",\"name\":\"Atelier des Gazelles\",\"url\":\"https:\\\/\\\/www.atelierdesgazelles.com\\\/de\\\/\",\"logo\":{\"@type\":\"ImageObject\",\"inLanguage\":\"de\",\"@id\":\"https:\\\/\\\/www.atelierdesgazelles.com\\\/de\\\/#\\\/schema\\\/logo\\\/image\\\/\",\"url\":\"https:\\\/\\\/www.atelierdesgazelles.com\\\/wp-content\\\/uploads\\\/2025\\\/07\\\/LOGOTYPE--e1757420449423.png\",\"contentUrl\":\"https:\\\/\\\/www.atelierdesgazelles.com\\\/wp-content\\\/uploads\\\/2025\\\/07\\\/LOGOTYPE--e1757420449423.png\",\"width\":500,\"height\":498,\"caption\":\"Atelier des Gazelles\"},\"image\":{\"@id\":\"https:\\\/\\\/www.atelierdesgazelles.com\\\/de\\\/#\\\/schema\\\/logo\\\/image\\\/\"},\"sameAs\":[\"https:\\\/\\\/www.facebook.com\\\/people\\\/LAtelier-Des-Gazelles\\\/61573097917505\\\/\",\"https:\\\/\\\/www.youtube.com\\\/channel\\\/UCIjVXLt-UMv85l9CpZ_PtLw\",\"https:\\\/\\\/www.instagram.com\\\/l_atelierdesgazelles\\\/?igsh=NXcxOWpzZXRoZ2Nn&utm_source=qr\"]}]}<\/script>\n<!-- \/ Yoast SEO plugin. -->","yoast_head_json":{"title":"Lascar du Toul'Ru (Modell 2026 Version 3) - Atelier des Gazelles%","robots":{"index":"index","follow":"follow","max-snippet":"max-snippet:-1","max-image-preview":"max-image-preview:large","max-video-preview":"max-video-preview:-1"},"canonical":"https:\/\/www.atelierdesgazelles.com\/de\/nos-bateaux\/boote-und-kleine-segelboote\/segel-und-ruderboote\/lascar-du-toulru-modell-2026-version-3\/","og_locale":"de_DE","og_type":"article","og_title":"Lascar du Toul'Ru (Modell 2026 Version 3) - Atelier des Gazelles%","og_description":"Navigation neu erfunden  Datum der Erstellung: 2009 Die Lascar du Toul'Ru ist eine Mischung aus einem bretonischen Kanu, einem Segelruderboot und sogar einem Segelbeiboot. Sie besticht durch ihre au\u00dfergew\u00f6hnliche Stabilit\u00e4t und die Freude am Segeln, unabh\u00e4ngig davon, welchen Antrieb Sie w\u00e4hlen: 2 PS-Motor, Elektromotor, Segel zu einem Drittel, Rudern oder Paddeln. Das Boot ist einfach zu man\u00f6vrieren und leicht zu handhaben und besticht durch seine zeitlose Eleganz sowohl am Kai als auch auf See. Ein wahres Schmuckst\u00fcck zum kleinen Preis, das sich an alle Spielpl\u00e4tze anpasst, sowohl auf dem Meer als auch auf dem Fluss. Dieses Segel- und Ruderboot ist an seinem rechten Heckspiegel zu erkennen, der ein typisches Merkmal der alten bretonischen Ruderboote ist. Kostenlose Bereitstellung auf der Baustelle und kostenlose \u00dcbernahme.","og_url":"https:\/\/www.atelierdesgazelles.com\/de\/nos-bateaux\/boote-und-kleine-segelboote\/segel-und-ruderboote\/lascar-du-toulru-modell-2026-version-3\/","og_site_name":"Atelier des Gazelles","article_publisher":"https:\/\/www.facebook.com\/people\/LAtelier-Des-Gazelles\/61573097917505\/","article_modified_time":"2026-02-10T16:35:41+00:00","og_image":[{"width":1920,"height":1080,"url":"https:\/\/www.atelierdesgazelles.com\/wp-content\/uploads\/2024\/07\/Lascar-du-ToulRu.jpg","type":"image\/jpeg"}],"twitter_card":"summary_large_image","twitter_misc":{"Gesch\u00e4tzte Lesezeit":"1\u00a0Minute"},"schema":{"@context":"https:\/\/schema.org","@graph":[{"@type":"WebPage","@id":"https:\/\/www.atelierdesgazelles.com\/de\/nos-bateaux\/boote-und-kleine-segelboote\/segel-und-ruderboote\/lascar-du-toulru-modell-2026-version-3\/","url":"https:\/\/www.atelierdesgazelles.com\/de\/nos-bateaux\/boote-und-kleine-segelboote\/segel-und-ruderboote\/lascar-du-toulru-modell-2026-version-3\/","name":"Lascar du Toul'Ru (Modell 2026 Version 3) - Atelier des Gazelles%","isPartOf":{"@id":"https:\/\/www.atelierdesgazelles.com\/de\/#website"},"primaryImageOfPage":{"@id":"https:\/\/www.atelierdesgazelles.com\/de\/nos-bateaux\/boote-und-kleine-segelboote\/segel-und-ruderboote\/lascar-du-toulru-modell-2026-version-3\/#primaryimage"},"image":{"@id":"https:\/\/www.atelierdesgazelles.com\/de\/nos-bateaux\/boote-und-kleine-segelboote\/segel-und-ruderboote\/lascar-du-toulru-modell-2026-version-3\/#primaryimage"},"thumbnailUrl":"https:\/\/www.atelierdesgazelles.com\/wp-content\/uploads\/2024\/07\/Lascar-du-ToulRu.jpg","datePublished":"2024-07-30T13:55:11+00:00","dateModified":"2026-02-10T16:35:41+00:00","breadcrumb":{"@id":"https:\/\/www.atelierdesgazelles.com\/de\/nos-bateaux\/boote-und-kleine-segelboote\/segel-und-ruderboote\/lascar-du-toulru-modell-2026-version-3\/#breadcrumb"},"inLanguage":"de","potentialAction":[{"@type":"ReadAction","target":["https:\/\/www.atelierdesgazelles.com\/de\/nos-bateaux\/boote-und-kleine-segelboote\/segel-und-ruderboote\/lascar-du-toulru-modell-2026-version-3\/"]}]},{"@type":"ImageObject","inLanguage":"de","@id":"https:\/\/www.atelierdesgazelles.com\/de\/nos-bateaux\/boote-und-kleine-segelboote\/segel-und-ruderboote\/lascar-du-toulru-modell-2026-version-3\/#primaryimage","url":"https:\/\/www.atelierdesgazelles.com\/wp-content\/uploads\/2024\/07\/Lascar-du-ToulRu.jpg","contentUrl":"https:\/\/www.atelierdesgazelles.com\/wp-content\/uploads\/2024\/07\/Lascar-du-ToulRu.jpg","width":1920,"height":1080},{"@type":"BreadcrumbList","@id":"https:\/\/www.atelierdesgazelles.com\/de\/nos-bateaux\/boote-und-kleine-segelboote\/segel-und-ruderboote\/lascar-du-toulru-modell-2026-version-3\/#breadcrumb","itemListElement":[{"@type":"ListItem","position":1,"name":"Accueil","item":"https:\/\/www.atelierdesgazelles.com\/de\/"},{"@type":"ListItem","position":2,"name":"Unsere Schiffe","item":"https:\/\/www.atelierdesgazelles.com\/de\/unsere-schiffe-2\/"},{"@type":"ListItem","position":3,"name":"Boote und kleine Segelboote","item":"https:\/\/www.atelierdesgazelles.com\/de\/kategorie-produkt\/boote-und-kleine-segelboote\/"},{"@type":"ListItem","position":4,"name":"Segel- und Ruderboote","item":"https:\/\/www.atelierdesgazelles.com\/de\/kategorie-produkt\/boote-und-kleine-segelboote\/segel-und-ruderboote\/"},{"@type":"ListItem","position":5,"name":"Lascar du Toul&#8217;Ru (Modell 2026 Version 3)"}]},{"@type":"WebSite","@id":"https:\/\/www.atelierdesgazelles.com\/de\/#website","url":"https:\/\/www.atelierdesgazelles.com\/de\/","name":"l'Atelier des Gazelles","description":"Franz\u00f6sischer Hersteller von transportablen Booten und kleinen Segelbooten","publisher":{"@id":"https:\/\/www.atelierdesgazelles.com\/de\/#organization"},"potentialAction":[{"@type":"SearchAction","target":{"@type":"EntryPoint","urlTemplate":"https:\/\/www.atelierdesgazelles.com\/de\/?s={search_term_string}"},"query-input":{"@type":"PropertyValueSpecification","valueRequired":true,"valueName":"search_term_string"}}],"inLanguage":"de"},{"@type":"Organization","@id":"https:\/\/www.atelierdesgazelles.com\/de\/#organization","name":"Atelier des Gazelles","url":"https:\/\/www.atelierdesgazelles.com\/de\/","logo":{"@type":"ImageObject","inLanguage":"de","@id":"https:\/\/www.atelierdesgazelles.com\/de\/#\/schema\/logo\/image\/","url":"https:\/\/www.atelierdesgazelles.com\/wp-content\/uploads\/2025\/07\/LOGOTYPE--e1757420449423.png","contentUrl":"https:\/\/www.atelierdesgazelles.com\/wp-content\/uploads\/2025\/07\/LOGOTYPE--e1757420449423.png","width":500,"height":498,"caption":"Atelier des Gazelles"},"image":{"@id":"https:\/\/www.atelierdesgazelles.com\/de\/#\/schema\/logo\/image\/"},"sameAs":["https:\/\/www.facebook.com\/people\/LAtelier-Des-Gazelles\/61573097917505\/","https:\/\/www.youtube.com\/channel\/UCIjVXLt-UMv85l9CpZ_PtLw","https:\/\/www.instagram.com\/l_atelierdesgazelles\/?igsh=NXcxOWpzZXRoZ2Nn&utm_source=qr"]}]}},"_links":{"self":[{"href":"https:\/\/www.atelierdesgazelles.com\/de\/wp-json\/wp\/v2\/product\/27669","targetHints":{"allow":["GET"]}}],"collection":[{"href":"https:\/\/www.atelierdesgazelles.com\/de\/wp-json\/wp\/v2\/product"}],"about":[{"href":"https:\/\/www.atelierdesgazelles.com\/de\/wp-json\/wp\/v2\/types\/product"}],"wp:featuredmedia":[{"embeddable":true,"href":"https:\/\/www.atelierdesgazelles.com\/de\/wp-json\/wp\/v2\/media\/27649"}],"wp:attachment":[{"href":"https:\/\/www.atelierdesgazelles.com\/de\/wp-json\/wp\/v2\/media?parent=27669"}],"wp:term":[{"taxonomy":"product_brand","embeddable":true,"href":"https:\/\/www.atelierdesgazelles.com\/de\/wp-json\/wp\/v2\/product_brand?post=27669"},{"taxonomy":"product_cat","embeddable":true,"href":"https:\/\/www.atelierdesgazelles.com\/de\/wp-json\/wp\/v2\/product_cat?post=27669"},{"taxonomy":"product_tag","embeddable":true,"href":"https:\/\/www.atelierdesgazelles.com\/de\/wp-json\/wp\/v2\/product_tag?post=27669"}],"curies":[{"name":"wp","href":"https:\/\/api.w.org\/{rel}","templated":true}]}}