{"id":27571,"date":"2024-07-12T10:15:47","date_gmt":"2024-07-12T08:15:47","guid":{"rendered":"https:\/\/www.atelierdesgazelles.com\/de\/nos-bateaux\/die-gazelle-breizh-modell-2025-version-1\/"},"modified":"2026-02-11T11:06:02","modified_gmt":"2026-02-11T10:06:02","slug":"die-gazelle-breizh-modell-2025-version-1","status":"publish","type":"product","link":"https:\/\/www.atelierdesgazelles.com\/de\/nos-bateaux\/boote-und-kleine-segelboote\/kielboote\/die-gazelle-breizh-modell-2025-version-1\/","title":{"rendered":"Die Gazelle Breizh (Modell 2025 Version 1)"},"content":{"rendered":"<h2>Ihre Standard Breizh Gazelle<\/h2>\n<h3>Cockpit<\/h3>\n<ul>\n<li>Cockpit mit rutschfesten Klebestreifen<\/li>\n<li>1 gro\u00dfer vorderer Kofferraum mit einer wasserdichten Klappe von 370&#215;370 mm<\/li>\n<li>2 wasserdichte Stauraumklappen<\/li>\n<li>1 Crew unter dem Achterdeck<\/li>\n<li>Herausnehmbare R\u00fcckbank<\/li>\n<li>Mast und Spiere aus Aluminium, eloxiert und wei\u00df thermolackiert<\/li>\n<li>1 Schleppleine<\/li>\n<li>1 Teleskop-Paddel<\/li>\n<li>1 Sch\u00f6pfkelle<\/li>\n<li>1 Wetterfahne<\/li>\n<li>1 automatische Schnellentleerung<\/li>\n<\/ul>\n<h3>Rumpf<\/h3>\n<ul>\n<li>Wahl der Farbe des Rumpfes (RAL)<\/li>\n<li>2 Strandkiele, Kielprofilschutz aus Edelstahl, integrierte Rolle, Schleppleine<\/li>\n<li>Automatisches Vorschaltger\u00e4t 90L<\/li>\n<li>Ruder, Ruderpinne mit Block, Ronstan-Klemme und Gelenkstange<\/li>\n<\/ul>\n<h3>Br\u00fccke<\/h3>\n<ul>\n<li>Cremefarben RAL 1015<\/li>\n<li>Vorderdeck, Hinterdeck und Heckspiegel aus ge\u00f6ltem Holz mit Sapelli-Beschichtung<\/li>\n<li>2 hintere Klampen, 1 vordere Klampe<\/li>\n<li>2 Mastbefestigungen (Cat-Boat und Sloop)<\/li>\n<li>1 Turm f\u00fcr die Ronstan-Selbstfahrerfock<\/li>\n<li>1 Sicherungsstopfen f\u00fcr die Ballastentl\u00fcftung<\/li>\n<li>1 Chaumard<\/li>\n<\/ul>\n","protected":false},"excerpt":{"rendered":"<p><strong>Navigation neu erfunden<\/strong><\/p>\n<p><strong>Datum der Erstellung: 2014<\/strong><\/p>\n<p data-start=\"99\" data-end=\"195\">Dieses kleine Segelboot mit Ballast vereint die Freuden einer Jolle mit den Qualit\u00e4ten und dem Komfort eines Kielbootes.<\/p>\n<p data-start=\"197\" data-end=\"392\">Die Gazelle Breizh ist im Verh\u00e4ltnis sportlicher als die Gazelle des \u00eeles. Sie kr\u00e4ngt nat\u00fcrlich und bietet Jollenliebhabern ein wahres Vergn\u00fcgen&#8230; mit Komfort und Sicherheit als Bonus!<\/p>\n<p data-start=\"394\" data-end=\"539\">Das schr\u00e4ge Heck ist von den Thunfischf\u00e4ngern aus Groix inspiriert. Dieses Segelboot verleiht ihm die Eleganz klassischer Linien und den Charme der Tradition.<\/p>\n<p><strong>Kostenlose Bereitstellung auf der Baustelle und kostenlose \u00dcbernahme.<\/strong><\/p>\n","protected":false},"featured_media":27646,"template":"","meta":{"_acf_changed":false,"inline_featured_image":false},"product_brand":[],"product_cat":[439,475],"product_tag":[],"class_list":{"0":"post-27571","1":"product","2":"type-product","3":"status-publish","4":"has-post-thumbnail","6":"product_cat-boote-und-kleine-segelboote","7":"product_cat-kielboote","8":"product_shipping_class-boote","10":"first","11":"instock","12":"taxable","13":"shipping-taxable","14":"purchasable","15":"product-type-simple"},"acf":[],"yoast_head":"<!-- This site is optimized with the Yoast SEO plugin v27.4 - https:\/\/yoast.com\/product\/yoast-seo-wordpress\/ -->\n<title>Die Gazelle Breizh (Modell 2025 Version 1) - Atelier des Gazelles%<\/title>\n<meta name=\"robots\" content=\"index, follow, max-snippet:-1, max-image-preview:large, max-video-preview:-1\" \/>\n<link rel=\"canonical\" href=\"https:\/\/www.atelierdesgazelles.com\/de\/nos-bateaux\/boote-und-kleine-segelboote\/kielboote\/die-gazelle-breizh-modell-2025-version-1\/\" \/>\n<meta property=\"og:locale\" content=\"de_DE\" \/>\n<meta property=\"og:type\" content=\"article\" \/>\n<meta property=\"og:title\" content=\"Die Gazelle Breizh (Modell 2025 Version 1) - Atelier des Gazelles%\" \/>\n<meta property=\"og:description\" content=\"Navigation neu erfunden  Datum der Erstellung: 2014 Dieses kleine Segelboot mit Ballast vereint die Freuden einer Jolle mit den Qualit\u00e4ten und dem Komfort eines Kielbootes. Die Gazelle Breizh ist im Verh\u00e4ltnis sportlicher als die Gazelle des \u00eeles. Sie kr\u00e4ngt nat\u00fcrlich und bietet Jollenliebhabern ein wahres Vergn\u00fcgen... mit Komfort und Sicherheit als Bonus! Das schr\u00e4ge Heck ist von den Thunfischf\u00e4ngern aus Groix inspiriert. Dieses Segelboot verleiht ihm die Eleganz klassischer Linien und den Charme der Tradition. Kostenlose Bereitstellung auf der Baustelle und kostenlose \u00dcbernahme.\" \/>\n<meta property=\"og:url\" content=\"https:\/\/www.atelierdesgazelles.com\/de\/nos-bateaux\/boote-und-kleine-segelboote\/kielboote\/die-gazelle-breizh-modell-2025-version-1\/\" \/>\n<meta property=\"og:site_name\" content=\"Atelier des Gazelles\" \/>\n<meta property=\"article:publisher\" content=\"https:\/\/www.facebook.com\/people\/LAtelier-Des-Gazelles\/61573097917505\/\" \/>\n<meta property=\"article:modified_time\" content=\"2026-02-11T10:06:02+00:00\" \/>\n<meta property=\"og:image\" content=\"https:\/\/www.atelierdesgazelles.com\/wp-content\/uploads\/2024\/07\/Gazelle-Breizh.jpg\" \/>\n\t<meta property=\"og:image:width\" content=\"1920\" \/>\n\t<meta property=\"og:image:height\" content=\"1080\" \/>\n\t<meta property=\"og:image:type\" content=\"image\/jpeg\" \/>\n<meta name=\"twitter:card\" content=\"summary_large_image\" \/>\n<meta name=\"twitter:label1\" content=\"Gesch\u00e4tzte Lesezeit\" \/>\n\t<meta name=\"twitter:data1\" content=\"1\u00a0Minute\" \/>\n<script type=\"application\/ld+json\" class=\"yoast-schema-graph\">{\"@context\":\"https:\\\/\\\/schema.org\",\"@graph\":[{\"@type\":\"WebPage\",\"@id\":\"https:\\\/\\\/www.atelierdesgazelles.com\\\/de\\\/nos-bateaux\\\/boote-und-kleine-segelboote\\\/kielboote\\\/die-gazelle-breizh-modell-2025-version-1\\\/\",\"url\":\"https:\\\/\\\/www.atelierdesgazelles.com\\\/de\\\/nos-bateaux\\\/boote-und-kleine-segelboote\\\/kielboote\\\/die-gazelle-breizh-modell-2025-version-1\\\/\",\"name\":\"Die Gazelle Breizh (Modell 2025 Version 1) - Atelier des Gazelles%\",\"isPartOf\":{\"@id\":\"https:\\\/\\\/www.atelierdesgazelles.com\\\/de\\\/#website\"},\"primaryImageOfPage\":{\"@id\":\"https:\\\/\\\/www.atelierdesgazelles.com\\\/de\\\/nos-bateaux\\\/boote-und-kleine-segelboote\\\/kielboote\\\/die-gazelle-breizh-modell-2025-version-1\\\/#primaryimage\"},\"image\":{\"@id\":\"https:\\\/\\\/www.atelierdesgazelles.com\\\/de\\\/nos-bateaux\\\/boote-und-kleine-segelboote\\\/kielboote\\\/die-gazelle-breizh-modell-2025-version-1\\\/#primaryimage\"},\"thumbnailUrl\":\"https:\\\/\\\/www.atelierdesgazelles.com\\\/wp-content\\\/uploads\\\/2024\\\/07\\\/Gazelle-Breizh.jpg\",\"datePublished\":\"2024-07-12T08:15:47+00:00\",\"dateModified\":\"2026-02-11T10:06:02+00:00\",\"breadcrumb\":{\"@id\":\"https:\\\/\\\/www.atelierdesgazelles.com\\\/de\\\/nos-bateaux\\\/boote-und-kleine-segelboote\\\/kielboote\\\/die-gazelle-breizh-modell-2025-version-1\\\/#breadcrumb\"},\"inLanguage\":\"de\",\"potentialAction\":[{\"@type\":\"ReadAction\",\"target\":[\"https:\\\/\\\/www.atelierdesgazelles.com\\\/de\\\/nos-bateaux\\\/boote-und-kleine-segelboote\\\/kielboote\\\/die-gazelle-breizh-modell-2025-version-1\\\/\"]}]},{\"@type\":\"ImageObject\",\"inLanguage\":\"de\",\"@id\":\"https:\\\/\\\/www.atelierdesgazelles.com\\\/de\\\/nos-bateaux\\\/boote-und-kleine-segelboote\\\/kielboote\\\/die-gazelle-breizh-modell-2025-version-1\\\/#primaryimage\",\"url\":\"https:\\\/\\\/www.atelierdesgazelles.com\\\/wp-content\\\/uploads\\\/2024\\\/07\\\/Gazelle-Breizh.jpg\",\"contentUrl\":\"https:\\\/\\\/www.atelierdesgazelles.com\\\/wp-content\\\/uploads\\\/2024\\\/07\\\/Gazelle-Breizh.jpg\",\"width\":1920,\"height\":1080},{\"@type\":\"BreadcrumbList\",\"@id\":\"https:\\\/\\\/www.atelierdesgazelles.com\\\/de\\\/nos-bateaux\\\/boote-und-kleine-segelboote\\\/kielboote\\\/die-gazelle-breizh-modell-2025-version-1\\\/#breadcrumb\",\"itemListElement\":[{\"@type\":\"ListItem\",\"position\":1,\"name\":\"Accueil\",\"item\":\"https:\\\/\\\/www.atelierdesgazelles.com\\\/de\\\/\"},{\"@type\":\"ListItem\",\"position\":2,\"name\":\"Unsere Schiffe\",\"item\":\"https:\\\/\\\/www.atelierdesgazelles.com\\\/de\\\/unsere-schiffe-2\\\/\"},{\"@type\":\"ListItem\",\"position\":3,\"name\":\"Boote und kleine Segelboote\",\"item\":\"https:\\\/\\\/www.atelierdesgazelles.com\\\/de\\\/kategorie-produkt\\\/boote-und-kleine-segelboote\\\/\"},{\"@type\":\"ListItem\",\"position\":4,\"name\":\"Kielboote\",\"item\":\"https:\\\/\\\/www.atelierdesgazelles.com\\\/de\\\/kategorie-produkt\\\/boote-und-kleine-segelboote\\\/kielboote\\\/\"},{\"@type\":\"ListItem\",\"position\":5,\"name\":\"Die Gazelle Breizh (Modell 2025 Version 1)\"}]},{\"@type\":\"WebSite\",\"@id\":\"https:\\\/\\\/www.atelierdesgazelles.com\\\/de\\\/#website\",\"url\":\"https:\\\/\\\/www.atelierdesgazelles.com\\\/de\\\/\",\"name\":\"l'Atelier des Gazelles\",\"description\":\"Franz\u00f6sischer Hersteller von transportablen Booten und kleinen Segelbooten\",\"publisher\":{\"@id\":\"https:\\\/\\\/www.atelierdesgazelles.com\\\/de\\\/#organization\"},\"potentialAction\":[{\"@type\":\"SearchAction\",\"target\":{\"@type\":\"EntryPoint\",\"urlTemplate\":\"https:\\\/\\\/www.atelierdesgazelles.com\\\/de\\\/?s={search_term_string}\"},\"query-input\":{\"@type\":\"PropertyValueSpecification\",\"valueRequired\":true,\"valueName\":\"search_term_string\"}}],\"inLanguage\":\"de\"},{\"@type\":\"Organization\",\"@id\":\"https:\\\/\\\/www.atelierdesgazelles.com\\\/de\\\/#organization\",\"name\":\"Atelier des Gazelles\",\"url\":\"https:\\\/\\\/www.atelierdesgazelles.com\\\/de\\\/\",\"logo\":{\"@type\":\"ImageObject\",\"inLanguage\":\"de\",\"@id\":\"https:\\\/\\\/www.atelierdesgazelles.com\\\/de\\\/#\\\/schema\\\/logo\\\/image\\\/\",\"url\":\"https:\\\/\\\/www.atelierdesgazelles.com\\\/wp-content\\\/uploads\\\/2025\\\/07\\\/LOGOTYPE--e1757420449423.png\",\"contentUrl\":\"https:\\\/\\\/www.atelierdesgazelles.com\\\/wp-content\\\/uploads\\\/2025\\\/07\\\/LOGOTYPE--e1757420449423.png\",\"width\":500,\"height\":498,\"caption\":\"Atelier des Gazelles\"},\"image\":{\"@id\":\"https:\\\/\\\/www.atelierdesgazelles.com\\\/de\\\/#\\\/schema\\\/logo\\\/image\\\/\"},\"sameAs\":[\"https:\\\/\\\/www.facebook.com\\\/people\\\/LAtelier-Des-Gazelles\\\/61573097917505\\\/\",\"https:\\\/\\\/www.youtube.com\\\/channel\\\/UCIjVXLt-UMv85l9CpZ_PtLw\",\"https:\\\/\\\/www.instagram.com\\\/l_atelierdesgazelles\\\/?igsh=NXcxOWpzZXRoZ2Nn&utm_source=qr\"]}]}<\/script>\n<!-- \/ Yoast SEO plugin. -->","yoast_head_json":{"title":"Die Gazelle Breizh (Modell 2025 Version 1) - Atelier des Gazelles%","robots":{"index":"index","follow":"follow","max-snippet":"max-snippet:-1","max-image-preview":"max-image-preview:large","max-video-preview":"max-video-preview:-1"},"canonical":"https:\/\/www.atelierdesgazelles.com\/de\/nos-bateaux\/boote-und-kleine-segelboote\/kielboote\/die-gazelle-breizh-modell-2025-version-1\/","og_locale":"de_DE","og_type":"article","og_title":"Die Gazelle Breizh (Modell 2025 Version 1) - Atelier des Gazelles%","og_description":"Navigation neu erfunden  Datum der Erstellung: 2014 Dieses kleine Segelboot mit Ballast vereint die Freuden einer Jolle mit den Qualit\u00e4ten und dem Komfort eines Kielbootes. Die Gazelle Breizh ist im Verh\u00e4ltnis sportlicher als die Gazelle des \u00eeles. Sie kr\u00e4ngt nat\u00fcrlich und bietet Jollenliebhabern ein wahres Vergn\u00fcgen... mit Komfort und Sicherheit als Bonus! Das schr\u00e4ge Heck ist von den Thunfischf\u00e4ngern aus Groix inspiriert. Dieses Segelboot verleiht ihm die Eleganz klassischer Linien und den Charme der Tradition. Kostenlose Bereitstellung auf der Baustelle und kostenlose \u00dcbernahme.","og_url":"https:\/\/www.atelierdesgazelles.com\/de\/nos-bateaux\/boote-und-kleine-segelboote\/kielboote\/die-gazelle-breizh-modell-2025-version-1\/","og_site_name":"Atelier des Gazelles","article_publisher":"https:\/\/www.facebook.com\/people\/LAtelier-Des-Gazelles\/61573097917505\/","article_modified_time":"2026-02-11T10:06:02+00:00","og_image":[{"width":1920,"height":1080,"url":"https:\/\/www.atelierdesgazelles.com\/wp-content\/uploads\/2024\/07\/Gazelle-Breizh.jpg","type":"image\/jpeg"}],"twitter_card":"summary_large_image","twitter_misc":{"Gesch\u00e4tzte Lesezeit":"1\u00a0Minute"},"schema":{"@context":"https:\/\/schema.org","@graph":[{"@type":"WebPage","@id":"https:\/\/www.atelierdesgazelles.com\/de\/nos-bateaux\/boote-und-kleine-segelboote\/kielboote\/die-gazelle-breizh-modell-2025-version-1\/","url":"https:\/\/www.atelierdesgazelles.com\/de\/nos-bateaux\/boote-und-kleine-segelboote\/kielboote\/die-gazelle-breizh-modell-2025-version-1\/","name":"Die Gazelle Breizh (Modell 2025 Version 1) - Atelier des Gazelles%","isPartOf":{"@id":"https:\/\/www.atelierdesgazelles.com\/de\/#website"},"primaryImageOfPage":{"@id":"https:\/\/www.atelierdesgazelles.com\/de\/nos-bateaux\/boote-und-kleine-segelboote\/kielboote\/die-gazelle-breizh-modell-2025-version-1\/#primaryimage"},"image":{"@id":"https:\/\/www.atelierdesgazelles.com\/de\/nos-bateaux\/boote-und-kleine-segelboote\/kielboote\/die-gazelle-breizh-modell-2025-version-1\/#primaryimage"},"thumbnailUrl":"https:\/\/www.atelierdesgazelles.com\/wp-content\/uploads\/2024\/07\/Gazelle-Breizh.jpg","datePublished":"2024-07-12T08:15:47+00:00","dateModified":"2026-02-11T10:06:02+00:00","breadcrumb":{"@id":"https:\/\/www.atelierdesgazelles.com\/de\/nos-bateaux\/boote-und-kleine-segelboote\/kielboote\/die-gazelle-breizh-modell-2025-version-1\/#breadcrumb"},"inLanguage":"de","potentialAction":[{"@type":"ReadAction","target":["https:\/\/www.atelierdesgazelles.com\/de\/nos-bateaux\/boote-und-kleine-segelboote\/kielboote\/die-gazelle-breizh-modell-2025-version-1\/"]}]},{"@type":"ImageObject","inLanguage":"de","@id":"https:\/\/www.atelierdesgazelles.com\/de\/nos-bateaux\/boote-und-kleine-segelboote\/kielboote\/die-gazelle-breizh-modell-2025-version-1\/#primaryimage","url":"https:\/\/www.atelierdesgazelles.com\/wp-content\/uploads\/2024\/07\/Gazelle-Breizh.jpg","contentUrl":"https:\/\/www.atelierdesgazelles.com\/wp-content\/uploads\/2024\/07\/Gazelle-Breizh.jpg","width":1920,"height":1080},{"@type":"BreadcrumbList","@id":"https:\/\/www.atelierdesgazelles.com\/de\/nos-bateaux\/boote-und-kleine-segelboote\/kielboote\/die-gazelle-breizh-modell-2025-version-1\/#breadcrumb","itemListElement":[{"@type":"ListItem","position":1,"name":"Accueil","item":"https:\/\/www.atelierdesgazelles.com\/de\/"},{"@type":"ListItem","position":2,"name":"Unsere Schiffe","item":"https:\/\/www.atelierdesgazelles.com\/de\/unsere-schiffe-2\/"},{"@type":"ListItem","position":3,"name":"Boote und kleine Segelboote","item":"https:\/\/www.atelierdesgazelles.com\/de\/kategorie-produkt\/boote-und-kleine-segelboote\/"},{"@type":"ListItem","position":4,"name":"Kielboote","item":"https:\/\/www.atelierdesgazelles.com\/de\/kategorie-produkt\/boote-und-kleine-segelboote\/kielboote\/"},{"@type":"ListItem","position":5,"name":"Die Gazelle Breizh (Modell 2025 Version 1)"}]},{"@type":"WebSite","@id":"https:\/\/www.atelierdesgazelles.com\/de\/#website","url":"https:\/\/www.atelierdesgazelles.com\/de\/","name":"l'Atelier des Gazelles","description":"Franz\u00f6sischer Hersteller von transportablen Booten und kleinen Segelbooten","publisher":{"@id":"https:\/\/www.atelierdesgazelles.com\/de\/#organization"},"potentialAction":[{"@type":"SearchAction","target":{"@type":"EntryPoint","urlTemplate":"https:\/\/www.atelierdesgazelles.com\/de\/?s={search_term_string}"},"query-input":{"@type":"PropertyValueSpecification","valueRequired":true,"valueName":"search_term_string"}}],"inLanguage":"de"},{"@type":"Organization","@id":"https:\/\/www.atelierdesgazelles.com\/de\/#organization","name":"Atelier des Gazelles","url":"https:\/\/www.atelierdesgazelles.com\/de\/","logo":{"@type":"ImageObject","inLanguage":"de","@id":"https:\/\/www.atelierdesgazelles.com\/de\/#\/schema\/logo\/image\/","url":"https:\/\/www.atelierdesgazelles.com\/wp-content\/uploads\/2025\/07\/LOGOTYPE--e1757420449423.png","contentUrl":"https:\/\/www.atelierdesgazelles.com\/wp-content\/uploads\/2025\/07\/LOGOTYPE--e1757420449423.png","width":500,"height":498,"caption":"Atelier des Gazelles"},"image":{"@id":"https:\/\/www.atelierdesgazelles.com\/de\/#\/schema\/logo\/image\/"},"sameAs":["https:\/\/www.facebook.com\/people\/LAtelier-Des-Gazelles\/61573097917505\/","https:\/\/www.youtube.com\/channel\/UCIjVXLt-UMv85l9CpZ_PtLw","https:\/\/www.instagram.com\/l_atelierdesgazelles\/?igsh=NXcxOWpzZXRoZ2Nn&utm_source=qr"]}]}},"_links":{"self":[{"href":"https:\/\/www.atelierdesgazelles.com\/de\/wp-json\/wp\/v2\/product\/27571","targetHints":{"allow":["GET"]}}],"collection":[{"href":"https:\/\/www.atelierdesgazelles.com\/de\/wp-json\/wp\/v2\/product"}],"about":[{"href":"https:\/\/www.atelierdesgazelles.com\/de\/wp-json\/wp\/v2\/types\/product"}],"wp:featuredmedia":[{"embeddable":true,"href":"https:\/\/www.atelierdesgazelles.com\/de\/wp-json\/wp\/v2\/media\/27646"}],"wp:attachment":[{"href":"https:\/\/www.atelierdesgazelles.com\/de\/wp-json\/wp\/v2\/media?parent=27571"}],"wp:term":[{"taxonomy":"product_brand","embeddable":true,"href":"https:\/\/www.atelierdesgazelles.com\/de\/wp-json\/wp\/v2\/product_brand?post=27571"},{"taxonomy":"product_cat","embeddable":true,"href":"https:\/\/www.atelierdesgazelles.com\/de\/wp-json\/wp\/v2\/product_cat?post=27571"},{"taxonomy":"product_tag","embeddable":true,"href":"https:\/\/www.atelierdesgazelles.com\/de\/wp-json\/wp\/v2\/product_tag?post=27571"}],"curies":[{"name":"wp","href":"https:\/\/api.w.org\/{rel}","templated":true}]}}