{"id":27515,"date":"2024-04-05T11:34:51","date_gmt":"2024-04-05T09:34:51","guid":{"rendered":"https:\/\/www.atelierdesgazelles.com\/de\/nos-bateaux\/die-gazelle-des-sables-modell-2026-version-4\/"},"modified":"2026-02-11T10:35:40","modified_gmt":"2026-02-11T09:35:40","slug":"die-gazelle-des-sables-modell-2026-version-4","status":"publish","type":"product","link":"https:\/\/www.atelierdesgazelles.com\/de\/nos-bateaux\/boote-und-kleine-segelboote\/kielboote\/die-gazelle-des-sables-modell-2026-version-4\/","title":{"rendered":"Die Gazelle des Sables (Modell 2026 Version 4)"},"content":{"rendered":"<h2>Ihre Standard-Gazelle des Sables<\/h2>\n<h3>Cockpit<\/h3>\n<ul>\n<li>Cockpit mit rutschfesten Klebestreifen<\/li>\n<li>2 wasserdichte Stauraumklappen<\/li>\n<li>Herausnehmbare R\u00fcckbank<\/li>\n<li>Mast und Spiere aus Aluminium, eloxiert und wei\u00df thermolackiert<\/li>\n<li>1 Schleppleine<\/li>\n<li>1 Teleskop-Paddel<\/li>\n<li>1 Sch\u00f6pfkelle<\/li>\n<li>1 Wetterfahne<\/li>\n<li>1 leer schnell<\/li>\n<\/ul>\n<h3>Rumpf<\/h3>\n<ul>\n<li>Wahl der Farbe des Rumpfes (RAL)<\/li>\n<li>2 Strandkiele, Kielprofilschutz aus Edelstahl, integrierte Rolle, Schleppleine<\/li>\n<li>70L automatischer Ballast<\/li>\n<li>Ruder, Ruderpinne mit Block, Ronstan-Klemme und Gelenkstange<\/li>\n<\/ul>\n<h3>Das Unentbehrliche<\/h3>\n<ul>\n<li>1 h\u00f6lzerner Strandwagen<\/li>\n<\/ul>\n<h3>Br\u00fccke<\/h3>\n<ul>\n<li>Cremefarben RAL 1015<\/li>\n<li>Vorderes Deck aus ge\u00f6ltem Holz Sapelli-Beschichtung<\/li>\n<li>2 Heckklampen und eine Frontklampe aus Edelstahl<\/li>\n<li>2 Mastbefestigungen (Cat-Boat und Sloop)<\/li>\n<li>1 Turm f\u00fcr die Ronstan-Selbstfahrerfock<\/li>\n<li>1 Sicherheitsstopfen f\u00fcr die Ballastentl\u00fcftung<\/li>\n<\/ul>\n","protected":false},"excerpt":{"rendered":"<p><strong>Navigation neu erfunden<\/strong><\/p>\n<p><strong>Datum der Erstellung: 2005<\/strong><\/p>\n<p>Die Gazelle des Sables ist von den traditionellen Booten der Sables d&#8217;Olonne inspiriert und sieht aus wie ein kleines Segelboot und ein Mini-Kielboot. Sie besticht durch ihr geringes Gewicht, ihre Man\u00f6vrierf\u00e4higkeit und ihre Sicherheit. Sie ist spielerisch und ultra-transportabel und bietet Platz f\u00fcr 1 bis 2 Erwachsene (bis zu 180 kg) f\u00fcr einfache Segelt\u00f6rns. Komfortabel und beruhigend, bietet sie ein geselliges Erlebnis auf dem Wasser, allein, mit der Familie oder mit Freunden.  <\/p>\n<p>Ob im Sommer oder Winter, auf dem Meer oder auf Fl\u00fcssen, die Gazelle des Sables ist ein vielseitiges Segelboot, das das ganze Jahr \u00fcber ohne Einschr\u00e4nkung genutzt werden kann. Schlie\u00dfen Sie sich der Gemeinschaft der Gazellisten an, die aus mehr als 800 Familien besteht, und erleben Sie gemeinsame und herzliche Segelt\u00f6rns in Frankreich und im Ausland. <\/p>\n<p><strong>Kostenlose Bereitstellung auf der Baustelle und kostenlose \u00dcbernahme.<\/strong><\/p>\n","protected":false},"featured_media":27648,"template":"","meta":{"_acf_changed":false,"inline_featured_image":false},"product_brand":[],"product_cat":[439,475],"product_tag":[],"class_list":{"0":"post-27515","1":"product","2":"type-product","3":"status-publish","4":"has-post-thumbnail","6":"product_cat-boote-und-kleine-segelboote","7":"product_cat-kielboote","8":"product_shipping_class-boote","10":"first","11":"instock","12":"taxable","13":"shipping-taxable","14":"purchasable","15":"product-type-simple"},"acf":[],"yoast_head":"<!-- This site is optimized with the Yoast SEO plugin v27.4 - https:\/\/yoast.com\/product\/yoast-seo-wordpress\/ -->\n<title>Die Gazelle des Sables (Modell 2026 Version 4) - Atelier des Gazelles%<\/title>\n<meta name=\"robots\" content=\"index, follow, max-snippet:-1, max-image-preview:large, max-video-preview:-1\" \/>\n<link rel=\"canonical\" href=\"https:\/\/www.atelierdesgazelles.com\/de\/nos-bateaux\/boote-und-kleine-segelboote\/kielboote\/die-gazelle-des-sables-modell-2026-version-4\/\" \/>\n<meta property=\"og:locale\" content=\"de_DE\" \/>\n<meta property=\"og:type\" content=\"article\" \/>\n<meta property=\"og:title\" content=\"Die Gazelle des Sables (Modell 2026 Version 4) - Atelier des Gazelles%\" \/>\n<meta property=\"og:description\" content=\"Navigation neu erfunden  Datum der Erstellung: 2005  Die Gazelle des Sables ist von den traditionellen Booten der Sables d&#039;Olonne inspiriert und sieht aus wie ein kleines Segelboot und ein Mini-Kielboot. Sie besticht durch ihr geringes Gewicht, ihre Man\u00f6vrierf\u00e4higkeit und ihre Sicherheit. Sie ist spielerisch und ultra-transportabel und bietet Platz f\u00fcr 1 bis 2 Erwachsene (bis zu 180 kg) f\u00fcr einfache Segelt\u00f6rns. Komfortabel und beruhigend, bietet sie ein geselliges Erlebnis auf dem Wasser, allein, mit der Familie oder mit Freunden.   Ob im Sommer oder Winter, auf dem Meer oder auf Fl\u00fcssen, die Gazelle des Sables ist ein vielseitiges Segelboot, das das ganze Jahr \u00fcber ohne Einschr\u00e4nkung genutzt werden kann. Schlie\u00dfen Sie sich der Gemeinschaft der Gazellisten an, die aus mehr als 800 Familien besteht, und erleben Sie gemeinsame und herzliche Segelt\u00f6rns in Frankreich und im Ausland.   Kostenlose Bereitstellung auf der Baustelle und kostenlose \u00dcbernahme.\" \/>\n<meta property=\"og:url\" content=\"https:\/\/www.atelierdesgazelles.com\/de\/nos-bateaux\/boote-und-kleine-segelboote\/kielboote\/die-gazelle-des-sables-modell-2026-version-4\/\" \/>\n<meta property=\"og:site_name\" content=\"Atelier des Gazelles\" \/>\n<meta property=\"article:publisher\" content=\"https:\/\/www.facebook.com\/people\/LAtelier-Des-Gazelles\/61573097917505\/\" \/>\n<meta property=\"article:modified_time\" content=\"2026-02-11T09:35:40+00:00\" \/>\n<meta property=\"og:image\" content=\"https:\/\/www.atelierdesgazelles.com\/wp-content\/uploads\/2024\/07\/Gazelle-des-Sables.jpg\" \/>\n\t<meta property=\"og:image:width\" content=\"1920\" \/>\n\t<meta property=\"og:image:height\" content=\"1080\" \/>\n\t<meta property=\"og:image:type\" content=\"image\/jpeg\" \/>\n<meta name=\"twitter:card\" content=\"summary_large_image\" \/>\n<meta name=\"twitter:label1\" content=\"Gesch\u00e4tzte Lesezeit\" \/>\n\t<meta name=\"twitter:data1\" content=\"1\u00a0Minute\" \/>\n<script type=\"application\/ld+json\" class=\"yoast-schema-graph\">{\"@context\":\"https:\\\/\\\/schema.org\",\"@graph\":[{\"@type\":\"WebPage\",\"@id\":\"https:\\\/\\\/www.atelierdesgazelles.com\\\/de\\\/nos-bateaux\\\/boote-und-kleine-segelboote\\\/kielboote\\\/die-gazelle-des-sables-modell-2026-version-4\\\/\",\"url\":\"https:\\\/\\\/www.atelierdesgazelles.com\\\/de\\\/nos-bateaux\\\/boote-und-kleine-segelboote\\\/kielboote\\\/die-gazelle-des-sables-modell-2026-version-4\\\/\",\"name\":\"Die Gazelle des Sables (Modell 2026 Version 4) - Atelier des Gazelles%\",\"isPartOf\":{\"@id\":\"https:\\\/\\\/www.atelierdesgazelles.com\\\/de\\\/#website\"},\"primaryImageOfPage\":{\"@id\":\"https:\\\/\\\/www.atelierdesgazelles.com\\\/de\\\/nos-bateaux\\\/boote-und-kleine-segelboote\\\/kielboote\\\/die-gazelle-des-sables-modell-2026-version-4\\\/#primaryimage\"},\"image\":{\"@id\":\"https:\\\/\\\/www.atelierdesgazelles.com\\\/de\\\/nos-bateaux\\\/boote-und-kleine-segelboote\\\/kielboote\\\/die-gazelle-des-sables-modell-2026-version-4\\\/#primaryimage\"},\"thumbnailUrl\":\"https:\\\/\\\/www.atelierdesgazelles.com\\\/wp-content\\\/uploads\\\/2024\\\/07\\\/Gazelle-des-Sables.jpg\",\"datePublished\":\"2024-04-05T09:34:51+00:00\",\"dateModified\":\"2026-02-11T09:35:40+00:00\",\"breadcrumb\":{\"@id\":\"https:\\\/\\\/www.atelierdesgazelles.com\\\/de\\\/nos-bateaux\\\/boote-und-kleine-segelboote\\\/kielboote\\\/die-gazelle-des-sables-modell-2026-version-4\\\/#breadcrumb\"},\"inLanguage\":\"de\",\"potentialAction\":[{\"@type\":\"ReadAction\",\"target\":[\"https:\\\/\\\/www.atelierdesgazelles.com\\\/de\\\/nos-bateaux\\\/boote-und-kleine-segelboote\\\/kielboote\\\/die-gazelle-des-sables-modell-2026-version-4\\\/\"]}]},{\"@type\":\"ImageObject\",\"inLanguage\":\"de\",\"@id\":\"https:\\\/\\\/www.atelierdesgazelles.com\\\/de\\\/nos-bateaux\\\/boote-und-kleine-segelboote\\\/kielboote\\\/die-gazelle-des-sables-modell-2026-version-4\\\/#primaryimage\",\"url\":\"https:\\\/\\\/www.atelierdesgazelles.com\\\/wp-content\\\/uploads\\\/2024\\\/07\\\/Gazelle-des-Sables.jpg\",\"contentUrl\":\"https:\\\/\\\/www.atelierdesgazelles.com\\\/wp-content\\\/uploads\\\/2024\\\/07\\\/Gazelle-des-Sables.jpg\",\"width\":1920,\"height\":1080},{\"@type\":\"BreadcrumbList\",\"@id\":\"https:\\\/\\\/www.atelierdesgazelles.com\\\/de\\\/nos-bateaux\\\/boote-und-kleine-segelboote\\\/kielboote\\\/die-gazelle-des-sables-modell-2026-version-4\\\/#breadcrumb\",\"itemListElement\":[{\"@type\":\"ListItem\",\"position\":1,\"name\":\"Accueil\",\"item\":\"https:\\\/\\\/www.atelierdesgazelles.com\\\/de\\\/\"},{\"@type\":\"ListItem\",\"position\":2,\"name\":\"Unsere Schiffe\",\"item\":\"https:\\\/\\\/www.atelierdesgazelles.com\\\/de\\\/unsere-schiffe-2\\\/\"},{\"@type\":\"ListItem\",\"position\":3,\"name\":\"Boote und kleine Segelboote\",\"item\":\"https:\\\/\\\/www.atelierdesgazelles.com\\\/de\\\/kategorie-produkt\\\/boote-und-kleine-segelboote\\\/\"},{\"@type\":\"ListItem\",\"position\":4,\"name\":\"Kielboote\",\"item\":\"https:\\\/\\\/www.atelierdesgazelles.com\\\/de\\\/kategorie-produkt\\\/boote-und-kleine-segelboote\\\/kielboote\\\/\"},{\"@type\":\"ListItem\",\"position\":5,\"name\":\"Die Gazelle des Sables (Modell 2026 Version 4)\"}]},{\"@type\":\"WebSite\",\"@id\":\"https:\\\/\\\/www.atelierdesgazelles.com\\\/de\\\/#website\",\"url\":\"https:\\\/\\\/www.atelierdesgazelles.com\\\/de\\\/\",\"name\":\"l'Atelier des Gazelles\",\"description\":\"Franz\u00f6sischer Hersteller von transportablen Booten und kleinen Segelbooten\",\"publisher\":{\"@id\":\"https:\\\/\\\/www.atelierdesgazelles.com\\\/de\\\/#organization\"},\"potentialAction\":[{\"@type\":\"SearchAction\",\"target\":{\"@type\":\"EntryPoint\",\"urlTemplate\":\"https:\\\/\\\/www.atelierdesgazelles.com\\\/de\\\/?s={search_term_string}\"},\"query-input\":{\"@type\":\"PropertyValueSpecification\",\"valueRequired\":true,\"valueName\":\"search_term_string\"}}],\"inLanguage\":\"de\"},{\"@type\":\"Organization\",\"@id\":\"https:\\\/\\\/www.atelierdesgazelles.com\\\/de\\\/#organization\",\"name\":\"Atelier des Gazelles\",\"url\":\"https:\\\/\\\/www.atelierdesgazelles.com\\\/de\\\/\",\"logo\":{\"@type\":\"ImageObject\",\"inLanguage\":\"de\",\"@id\":\"https:\\\/\\\/www.atelierdesgazelles.com\\\/de\\\/#\\\/schema\\\/logo\\\/image\\\/\",\"url\":\"https:\\\/\\\/www.atelierdesgazelles.com\\\/wp-content\\\/uploads\\\/2025\\\/07\\\/LOGOTYPE--e1757420449423.png\",\"contentUrl\":\"https:\\\/\\\/www.atelierdesgazelles.com\\\/wp-content\\\/uploads\\\/2025\\\/07\\\/LOGOTYPE--e1757420449423.png\",\"width\":500,\"height\":498,\"caption\":\"Atelier des Gazelles\"},\"image\":{\"@id\":\"https:\\\/\\\/www.atelierdesgazelles.com\\\/de\\\/#\\\/schema\\\/logo\\\/image\\\/\"},\"sameAs\":[\"https:\\\/\\\/www.facebook.com\\\/people\\\/LAtelier-Des-Gazelles\\\/61573097917505\\\/\",\"https:\\\/\\\/www.youtube.com\\\/channel\\\/UCIjVXLt-UMv85l9CpZ_PtLw\",\"https:\\\/\\\/www.instagram.com\\\/l_atelierdesgazelles\\\/?igsh=NXcxOWpzZXRoZ2Nn&utm_source=qr\"]}]}<\/script>\n<!-- \/ Yoast SEO plugin. -->","yoast_head_json":{"title":"Die Gazelle des Sables (Modell 2026 Version 4) - Atelier des Gazelles%","robots":{"index":"index","follow":"follow","max-snippet":"max-snippet:-1","max-image-preview":"max-image-preview:large","max-video-preview":"max-video-preview:-1"},"canonical":"https:\/\/www.atelierdesgazelles.com\/de\/nos-bateaux\/boote-und-kleine-segelboote\/kielboote\/die-gazelle-des-sables-modell-2026-version-4\/","og_locale":"de_DE","og_type":"article","og_title":"Die Gazelle des Sables (Modell 2026 Version 4) - Atelier des Gazelles%","og_description":"Navigation neu erfunden  Datum der Erstellung: 2005  Die Gazelle des Sables ist von den traditionellen Booten der Sables d'Olonne inspiriert und sieht aus wie ein kleines Segelboot und ein Mini-Kielboot. Sie besticht durch ihr geringes Gewicht, ihre Man\u00f6vrierf\u00e4higkeit und ihre Sicherheit. Sie ist spielerisch und ultra-transportabel und bietet Platz f\u00fcr 1 bis 2 Erwachsene (bis zu 180 kg) f\u00fcr einfache Segelt\u00f6rns. Komfortabel und beruhigend, bietet sie ein geselliges Erlebnis auf dem Wasser, allein, mit der Familie oder mit Freunden.   Ob im Sommer oder Winter, auf dem Meer oder auf Fl\u00fcssen, die Gazelle des Sables ist ein vielseitiges Segelboot, das das ganze Jahr \u00fcber ohne Einschr\u00e4nkung genutzt werden kann. Schlie\u00dfen Sie sich der Gemeinschaft der Gazellisten an, die aus mehr als 800 Familien besteht, und erleben Sie gemeinsame und herzliche Segelt\u00f6rns in Frankreich und im Ausland.   Kostenlose Bereitstellung auf der Baustelle und kostenlose \u00dcbernahme.","og_url":"https:\/\/www.atelierdesgazelles.com\/de\/nos-bateaux\/boote-und-kleine-segelboote\/kielboote\/die-gazelle-des-sables-modell-2026-version-4\/","og_site_name":"Atelier des Gazelles","article_publisher":"https:\/\/www.facebook.com\/people\/LAtelier-Des-Gazelles\/61573097917505\/","article_modified_time":"2026-02-11T09:35:40+00:00","og_image":[{"width":1920,"height":1080,"url":"https:\/\/www.atelierdesgazelles.com\/wp-content\/uploads\/2024\/07\/Gazelle-des-Sables.jpg","type":"image\/jpeg"}],"twitter_card":"summary_large_image","twitter_misc":{"Gesch\u00e4tzte Lesezeit":"1\u00a0Minute"},"schema":{"@context":"https:\/\/schema.org","@graph":[{"@type":"WebPage","@id":"https:\/\/www.atelierdesgazelles.com\/de\/nos-bateaux\/boote-und-kleine-segelboote\/kielboote\/die-gazelle-des-sables-modell-2026-version-4\/","url":"https:\/\/www.atelierdesgazelles.com\/de\/nos-bateaux\/boote-und-kleine-segelboote\/kielboote\/die-gazelle-des-sables-modell-2026-version-4\/","name":"Die Gazelle des Sables (Modell 2026 Version 4) - Atelier des Gazelles%","isPartOf":{"@id":"https:\/\/www.atelierdesgazelles.com\/de\/#website"},"primaryImageOfPage":{"@id":"https:\/\/www.atelierdesgazelles.com\/de\/nos-bateaux\/boote-und-kleine-segelboote\/kielboote\/die-gazelle-des-sables-modell-2026-version-4\/#primaryimage"},"image":{"@id":"https:\/\/www.atelierdesgazelles.com\/de\/nos-bateaux\/boote-und-kleine-segelboote\/kielboote\/die-gazelle-des-sables-modell-2026-version-4\/#primaryimage"},"thumbnailUrl":"https:\/\/www.atelierdesgazelles.com\/wp-content\/uploads\/2024\/07\/Gazelle-des-Sables.jpg","datePublished":"2024-04-05T09:34:51+00:00","dateModified":"2026-02-11T09:35:40+00:00","breadcrumb":{"@id":"https:\/\/www.atelierdesgazelles.com\/de\/nos-bateaux\/boote-und-kleine-segelboote\/kielboote\/die-gazelle-des-sables-modell-2026-version-4\/#breadcrumb"},"inLanguage":"de","potentialAction":[{"@type":"ReadAction","target":["https:\/\/www.atelierdesgazelles.com\/de\/nos-bateaux\/boote-und-kleine-segelboote\/kielboote\/die-gazelle-des-sables-modell-2026-version-4\/"]}]},{"@type":"ImageObject","inLanguage":"de","@id":"https:\/\/www.atelierdesgazelles.com\/de\/nos-bateaux\/boote-und-kleine-segelboote\/kielboote\/die-gazelle-des-sables-modell-2026-version-4\/#primaryimage","url":"https:\/\/www.atelierdesgazelles.com\/wp-content\/uploads\/2024\/07\/Gazelle-des-Sables.jpg","contentUrl":"https:\/\/www.atelierdesgazelles.com\/wp-content\/uploads\/2024\/07\/Gazelle-des-Sables.jpg","width":1920,"height":1080},{"@type":"BreadcrumbList","@id":"https:\/\/www.atelierdesgazelles.com\/de\/nos-bateaux\/boote-und-kleine-segelboote\/kielboote\/die-gazelle-des-sables-modell-2026-version-4\/#breadcrumb","itemListElement":[{"@type":"ListItem","position":1,"name":"Accueil","item":"https:\/\/www.atelierdesgazelles.com\/de\/"},{"@type":"ListItem","position":2,"name":"Unsere Schiffe","item":"https:\/\/www.atelierdesgazelles.com\/de\/unsere-schiffe-2\/"},{"@type":"ListItem","position":3,"name":"Boote und kleine Segelboote","item":"https:\/\/www.atelierdesgazelles.com\/de\/kategorie-produkt\/boote-und-kleine-segelboote\/"},{"@type":"ListItem","position":4,"name":"Kielboote","item":"https:\/\/www.atelierdesgazelles.com\/de\/kategorie-produkt\/boote-und-kleine-segelboote\/kielboote\/"},{"@type":"ListItem","position":5,"name":"Die Gazelle des Sables (Modell 2026 Version 4)"}]},{"@type":"WebSite","@id":"https:\/\/www.atelierdesgazelles.com\/de\/#website","url":"https:\/\/www.atelierdesgazelles.com\/de\/","name":"l'Atelier des Gazelles","description":"Franz\u00f6sischer Hersteller von transportablen Booten und kleinen Segelbooten","publisher":{"@id":"https:\/\/www.atelierdesgazelles.com\/de\/#organization"},"potentialAction":[{"@type":"SearchAction","target":{"@type":"EntryPoint","urlTemplate":"https:\/\/www.atelierdesgazelles.com\/de\/?s={search_term_string}"},"query-input":{"@type":"PropertyValueSpecification","valueRequired":true,"valueName":"search_term_string"}}],"inLanguage":"de"},{"@type":"Organization","@id":"https:\/\/www.atelierdesgazelles.com\/de\/#organization","name":"Atelier des Gazelles","url":"https:\/\/www.atelierdesgazelles.com\/de\/","logo":{"@type":"ImageObject","inLanguage":"de","@id":"https:\/\/www.atelierdesgazelles.com\/de\/#\/schema\/logo\/image\/","url":"https:\/\/www.atelierdesgazelles.com\/wp-content\/uploads\/2025\/07\/LOGOTYPE--e1757420449423.png","contentUrl":"https:\/\/www.atelierdesgazelles.com\/wp-content\/uploads\/2025\/07\/LOGOTYPE--e1757420449423.png","width":500,"height":498,"caption":"Atelier des Gazelles"},"image":{"@id":"https:\/\/www.atelierdesgazelles.com\/de\/#\/schema\/logo\/image\/"},"sameAs":["https:\/\/www.facebook.com\/people\/LAtelier-Des-Gazelles\/61573097917505\/","https:\/\/www.youtube.com\/channel\/UCIjVXLt-UMv85l9CpZ_PtLw","https:\/\/www.instagram.com\/l_atelierdesgazelles\/?igsh=NXcxOWpzZXRoZ2Nn&utm_source=qr"]}]}},"_links":{"self":[{"href":"https:\/\/www.atelierdesgazelles.com\/de\/wp-json\/wp\/v2\/product\/27515","targetHints":{"allow":["GET"]}}],"collection":[{"href":"https:\/\/www.atelierdesgazelles.com\/de\/wp-json\/wp\/v2\/product"}],"about":[{"href":"https:\/\/www.atelierdesgazelles.com\/de\/wp-json\/wp\/v2\/types\/product"}],"wp:featuredmedia":[{"embeddable":true,"href":"https:\/\/www.atelierdesgazelles.com\/de\/wp-json\/wp\/v2\/media\/27648"}],"wp:attachment":[{"href":"https:\/\/www.atelierdesgazelles.com\/de\/wp-json\/wp\/v2\/media?parent=27515"}],"wp:term":[{"taxonomy":"product_brand","embeddable":true,"href":"https:\/\/www.atelierdesgazelles.com\/de\/wp-json\/wp\/v2\/product_brand?post=27515"},{"taxonomy":"product_cat","embeddable":true,"href":"https:\/\/www.atelierdesgazelles.com\/de\/wp-json\/wp\/v2\/product_cat?post=27515"},{"taxonomy":"product_tag","embeddable":true,"href":"https:\/\/www.atelierdesgazelles.com\/de\/wp-json\/wp\/v2\/product_tag?post=27515"}],"curies":[{"name":"wp","href":"https:\/\/api.w.org\/{rel}","templated":true}]}}