{"id":27211,"date":"2025-06-12T12:06:55","date_gmt":"2025-06-12T10:06:55","guid":{"rendered":"https:\/\/www.atelierdesgazelles.com\/de\/nos-bateaux\/la-gazelle-des-iles-n167-modell-2025-version-2\/"},"modified":"2025-11-03T17:10:44","modified_gmt":"2025-11-03T16:10:44","slug":"la-gazelle-des-iles-n167-modell-2025-version-2","status":"publish","type":"product","link":"https:\/\/www.atelierdesgazelles.com\/de\/nos-bateaux\/boote-und-kleine-segelboote\/verfuegbare-schiffe\/la-gazelle-des-iles-n167-modell-2025-version-2\/","title":{"rendered":"La Gazelle des \u00eeles n\u00b0167 (Modell 2025 Version 2)"},"content":{"rendered":"<h2>Ihre Standard-Inselgazelle<\/h2>\n<h3>Cockpit<\/h3>\n<ul>\n<li>Cockpit mit rutschfesten Klebestreifen<\/li>\n<li>1 gro\u00dfer vorderer Kofferraum mit einer wasserdichten Klappe von 370&#215;370 mm<\/li>\n<li>5 wasserdichte Stauraumklappen<\/li>\n<li>Abnehmbare R\u00fcckbank und Vorderbank<\/li>\n<li>Mast und Spiere aus Aluminium, eloxiert und wei\u00df thermolackiert<\/li>\n<li>1 teleskopisches Gaffelpaddel<\/li>\n<li>1 Schleppleine<\/li>\n<li>1 Sch\u00f6pfkelle<\/li>\n<li>1 Wetterfahne<\/li>\n<li>schnell leer selbstlenzend<\/li>\n<\/ul>\n<h3>Rumpf<\/h3>\n<ul>\n<li>Wahl der Farbe des Rumpfes (RAL)<\/li>\n<li>2 Strandkiele, Kielprofilschutz aus Edelstahl, integrierte Rolle, Schleppleine<\/li>\n<li>150L automatischer Ballast<\/li>\n<li>Ruder, Ruderpinne mit Block, Ronstan-Klemme und Gelenkstange<\/li>\n<\/ul>\n<h3>Br\u00fccke<\/h3>\n<ul>\n<li>Cremefarben RAL 1015<\/li>\n<li>Vorderdeck, Hinterdeck und Heckspiegel aus ge\u00f6ltem Holz mit Sapelli-Beschichtung<\/li>\n<li>2 hintere Klampen, 3 vordere Klampen<\/li>\n<li>2 Mastbefestigungen (Cat-Boat und Sloop)<\/li>\n<li>1 Turm f\u00fcr die Ronstan-Selbstfahrerfock<\/li>\n<li>1 Sicherheitsstopfen f\u00fcr die Ballastentl\u00fcftung<\/li>\n<li>1 Chaumard<\/li>\n<\/ul>\n","protected":false},"excerpt":{"rendered":"<p>Beschreibung Ihrer Standard-Inselgazelle ist am Ende der Seite verf\u00fcgbar.<\/p>\n<p><strong>Kostenlose Bereitstellung auf der Baustelle und kostenlose \u00dcbernahme.<\/strong><\/p>\n<p><strong>Um dieses Boot zu bestellen, m\u00fcssen Sie eine Anzahlung von 300 \u20ac leisten.  <\/strong><br \/>\nIn direkter Verbindung mit Patrick Besni\u00e9 erm\u00f6glicht Ihnen dieses Depot, einen Termin in unserer Produktionsplanung zu reservieren, unter Ber\u00fccksichtigung der verf\u00fcgbaren Best\u00e4nde und der laufenden Produktion. Sie ist 6 Monate lang g\u00fcltig und garantiert die Beibehaltung des geltenden Tarifs. Nach dieser R\u00fcckmeldung k\u00f6nnen Sie den Termin vereinbaren und Ihre Anzahlung leisten, um die Produktion zu starten.  <\/p>\n[fusion_button link=\"https:\/\/www.atelierdesgazelles.com\/pourquoi-pre-commander-votre-bateau-avec-la-gazelle-des-sables\/\" title=\"Warum sollten Sie Ihr Boot bei La Gazelle des Sables vorbestellen?\" target=\"_self\"]Warum vorbestellen?[\/fusion_button]\n<p>&nbsp;<\/p>\n<p>&nbsp;<\/p>\n","protected":false},"featured_media":27215,"template":"","meta":{"_acf_changed":false,"inline_featured_image":false},"product_brand":[],"product_cat":[439,440],"product_tag":[],"class_list":{"0":"post-27211","1":"product","2":"type-product","3":"status-publish","4":"has-post-thumbnail","6":"product_cat-boote-und-kleine-segelboote","7":"product_cat-verfuegbare-schiffe","9":"first","10":"outofstock","11":"taxable","12":"shipping-taxable","13":"purchasable","14":"product-type-simple"},"acf":[],"yoast_head":"<!-- This site is optimized with the Yoast SEO plugin v27.4 - https:\/\/yoast.com\/product\/yoast-seo-wordpress\/ -->\n<title>La Gazelle des \u00eeles n\u00b0167 (Modell 2025 Version 2) - Atelier des Gazelles%<\/title>\n<meta name=\"robots\" content=\"index, follow, max-snippet:-1, max-image-preview:large, max-video-preview:-1\" \/>\n<link rel=\"canonical\" href=\"https:\/\/www.atelierdesgazelles.com\/de\/nos-bateaux\/boote-und-kleine-segelboote\/verfuegbare-schiffe\/la-gazelle-des-iles-n167-modell-2025-version-2\/\" \/>\n<meta property=\"og:locale\" content=\"de_DE\" \/>\n<meta property=\"og:type\" content=\"article\" \/>\n<meta property=\"og:title\" content=\"La Gazelle des \u00eeles n\u00b0167 (Modell 2025 Version 2) - Atelier des Gazelles%\" \/>\n<meta property=\"og:description\" content=\"Beschreibung Ihrer Standard-Inselgazelle ist am Ende der Seite verf\u00fcgbar. Kostenlose Bereitstellung auf der Baustelle und kostenlose \u00dcbernahme. Um dieses Boot zu bestellen, m\u00fcssen Sie eine Anzahlung von 300 \u20ac leisten.  In direkter Verbindung mit Patrick Besni\u00e9 erm\u00f6glicht Ihnen dieses Depot, einen Termin in unserer Produktionsplanung zu reservieren, unter Ber\u00fccksichtigung der verf\u00fcgbaren Best\u00e4nde und der laufenden Produktion. Sie ist 6 Monate lang g\u00fcltig und garantiert die Beibehaltung des geltenden Tarifs. Nach dieser R\u00fcckmeldung k\u00f6nnen Sie den Termin vereinbaren und Ihre Anzahlung leisten, um die Produktion zu starten.   &nbsp; &nbsp;\" \/>\n<meta property=\"og:url\" content=\"https:\/\/www.atelierdesgazelles.com\/de\/nos-bateaux\/boote-und-kleine-segelboote\/verfuegbare-schiffe\/la-gazelle-des-iles-n167-modell-2025-version-2\/\" \/>\n<meta property=\"og:site_name\" content=\"Atelier des Gazelles\" \/>\n<meta property=\"article:publisher\" content=\"https:\/\/www.facebook.com\/people\/LAtelier-Des-Gazelles\/61573097917505\/\" \/>\n<meta property=\"article:modified_time\" content=\"2025-11-03T16:10:44+00:00\" \/>\n<meta property=\"og:image\" content=\"https:\/\/www.atelierdesgazelles.com\/wp-content\/uploads\/2025\/06\/photo-de-categorie-2.jpg\" \/>\n\t<meta property=\"og:image:width\" content=\"2309\" \/>\n\t<meta property=\"og:image:height\" content=\"2308\" \/>\n\t<meta property=\"og:image:type\" content=\"image\/jpeg\" \/>\n<meta name=\"twitter:card\" content=\"summary_large_image\" \/>\n<meta name=\"twitter:label1\" content=\"Gesch\u00e4tzte Lesezeit\" \/>\n\t<meta name=\"twitter:data1\" content=\"1\u00a0Minute\" \/>\n<script type=\"application\/ld+json\" class=\"yoast-schema-graph\">{\"@context\":\"https:\\\/\\\/schema.org\",\"@graph\":[{\"@type\":\"WebPage\",\"@id\":\"https:\\\/\\\/www.atelierdesgazelles.com\\\/de\\\/nos-bateaux\\\/boote-und-kleine-segelboote\\\/verfuegbare-schiffe\\\/la-gazelle-des-iles-n167-modell-2025-version-2\\\/\",\"url\":\"https:\\\/\\\/www.atelierdesgazelles.com\\\/de\\\/nos-bateaux\\\/boote-und-kleine-segelboote\\\/verfuegbare-schiffe\\\/la-gazelle-des-iles-n167-modell-2025-version-2\\\/\",\"name\":\"La Gazelle des \u00eeles n\u00b0167 (Modell 2025 Version 2) - Atelier des Gazelles%\",\"isPartOf\":{\"@id\":\"https:\\\/\\\/www.atelierdesgazelles.com\\\/de\\\/#website\"},\"primaryImageOfPage\":{\"@id\":\"https:\\\/\\\/www.atelierdesgazelles.com\\\/de\\\/nos-bateaux\\\/boote-und-kleine-segelboote\\\/verfuegbare-schiffe\\\/la-gazelle-des-iles-n167-modell-2025-version-2\\\/#primaryimage\"},\"image\":{\"@id\":\"https:\\\/\\\/www.atelierdesgazelles.com\\\/de\\\/nos-bateaux\\\/boote-und-kleine-segelboote\\\/verfuegbare-schiffe\\\/la-gazelle-des-iles-n167-modell-2025-version-2\\\/#primaryimage\"},\"thumbnailUrl\":\"https:\\\/\\\/www.atelierdesgazelles.com\\\/wp-content\\\/uploads\\\/2025\\\/06\\\/photo-de-categorie-2.jpg\",\"datePublished\":\"2025-06-12T10:06:55+00:00\",\"dateModified\":\"2025-11-03T16:10:44+00:00\",\"breadcrumb\":{\"@id\":\"https:\\\/\\\/www.atelierdesgazelles.com\\\/de\\\/nos-bateaux\\\/boote-und-kleine-segelboote\\\/verfuegbare-schiffe\\\/la-gazelle-des-iles-n167-modell-2025-version-2\\\/#breadcrumb\"},\"inLanguage\":\"de\",\"potentialAction\":[{\"@type\":\"ReadAction\",\"target\":[\"https:\\\/\\\/www.atelierdesgazelles.com\\\/de\\\/nos-bateaux\\\/boote-und-kleine-segelboote\\\/verfuegbare-schiffe\\\/la-gazelle-des-iles-n167-modell-2025-version-2\\\/\"]}]},{\"@type\":\"ImageObject\",\"inLanguage\":\"de\",\"@id\":\"https:\\\/\\\/www.atelierdesgazelles.com\\\/de\\\/nos-bateaux\\\/boote-und-kleine-segelboote\\\/verfuegbare-schiffe\\\/la-gazelle-des-iles-n167-modell-2025-version-2\\\/#primaryimage\",\"url\":\"https:\\\/\\\/www.atelierdesgazelles.com\\\/wp-content\\\/uploads\\\/2025\\\/06\\\/photo-de-categorie-2.jpg\",\"contentUrl\":\"https:\\\/\\\/www.atelierdesgazelles.com\\\/wp-content\\\/uploads\\\/2025\\\/06\\\/photo-de-categorie-2.jpg\",\"width\":2309,\"height\":2308},{\"@type\":\"BreadcrumbList\",\"@id\":\"https:\\\/\\\/www.atelierdesgazelles.com\\\/de\\\/nos-bateaux\\\/boote-und-kleine-segelboote\\\/verfuegbare-schiffe\\\/la-gazelle-des-iles-n167-modell-2025-version-2\\\/#breadcrumb\",\"itemListElement\":[{\"@type\":\"ListItem\",\"position\":1,\"name\":\"Accueil\",\"item\":\"https:\\\/\\\/www.atelierdesgazelles.com\\\/de\\\/\"},{\"@type\":\"ListItem\",\"position\":2,\"name\":\"Unsere Schiffe\",\"item\":\"https:\\\/\\\/www.atelierdesgazelles.com\\\/de\\\/unsere-schiffe-2\\\/\"},{\"@type\":\"ListItem\",\"position\":3,\"name\":\"Boote und kleine Segelboote\",\"item\":\"https:\\\/\\\/www.atelierdesgazelles.com\\\/de\\\/kategorie-produkt\\\/boote-und-kleine-segelboote\\\/\"},{\"@type\":\"ListItem\",\"position\":4,\"name\":\"Verf\u00fcgbare Schiffe\",\"item\":\"https:\\\/\\\/www.atelierdesgazelles.com\\\/de\\\/kategorie-produkt\\\/boote-und-kleine-segelboote\\\/verfuegbare-schiffe\\\/\"},{\"@type\":\"ListItem\",\"position\":5,\"name\":\"La Gazelle des \u00eeles n\u00b0167 (Modell 2025 Version 2)\"}]},{\"@type\":\"WebSite\",\"@id\":\"https:\\\/\\\/www.atelierdesgazelles.com\\\/de\\\/#website\",\"url\":\"https:\\\/\\\/www.atelierdesgazelles.com\\\/de\\\/\",\"name\":\"l'Atelier des Gazelles\",\"description\":\"Franz\u00f6sischer Hersteller von transportablen Booten und kleinen Segelbooten\",\"publisher\":{\"@id\":\"https:\\\/\\\/www.atelierdesgazelles.com\\\/de\\\/#organization\"},\"potentialAction\":[{\"@type\":\"SearchAction\",\"target\":{\"@type\":\"EntryPoint\",\"urlTemplate\":\"https:\\\/\\\/www.atelierdesgazelles.com\\\/de\\\/?s={search_term_string}\"},\"query-input\":{\"@type\":\"PropertyValueSpecification\",\"valueRequired\":true,\"valueName\":\"search_term_string\"}}],\"inLanguage\":\"de\"},{\"@type\":\"Organization\",\"@id\":\"https:\\\/\\\/www.atelierdesgazelles.com\\\/de\\\/#organization\",\"name\":\"Atelier des Gazelles\",\"url\":\"https:\\\/\\\/www.atelierdesgazelles.com\\\/de\\\/\",\"logo\":{\"@type\":\"ImageObject\",\"inLanguage\":\"de\",\"@id\":\"https:\\\/\\\/www.atelierdesgazelles.com\\\/de\\\/#\\\/schema\\\/logo\\\/image\\\/\",\"url\":\"https:\\\/\\\/www.atelierdesgazelles.com\\\/wp-content\\\/uploads\\\/2025\\\/07\\\/LOGOTYPE--e1757420449423.png\",\"contentUrl\":\"https:\\\/\\\/www.atelierdesgazelles.com\\\/wp-content\\\/uploads\\\/2025\\\/07\\\/LOGOTYPE--e1757420449423.png\",\"width\":500,\"height\":498,\"caption\":\"Atelier des Gazelles\"},\"image\":{\"@id\":\"https:\\\/\\\/www.atelierdesgazelles.com\\\/de\\\/#\\\/schema\\\/logo\\\/image\\\/\"},\"sameAs\":[\"https:\\\/\\\/www.facebook.com\\\/people\\\/LAtelier-Des-Gazelles\\\/61573097917505\\\/\",\"https:\\\/\\\/www.youtube.com\\\/channel\\\/UCIjVXLt-UMv85l9CpZ_PtLw\",\"https:\\\/\\\/www.instagram.com\\\/l_atelierdesgazelles\\\/?igsh=NXcxOWpzZXRoZ2Nn&utm_source=qr\"]}]}<\/script>\n<!-- \/ Yoast SEO plugin. -->","yoast_head_json":{"title":"La Gazelle des \u00eeles n\u00b0167 (Modell 2025 Version 2) - Atelier des Gazelles%","robots":{"index":"index","follow":"follow","max-snippet":"max-snippet:-1","max-image-preview":"max-image-preview:large","max-video-preview":"max-video-preview:-1"},"canonical":"https:\/\/www.atelierdesgazelles.com\/de\/nos-bateaux\/boote-und-kleine-segelboote\/verfuegbare-schiffe\/la-gazelle-des-iles-n167-modell-2025-version-2\/","og_locale":"de_DE","og_type":"article","og_title":"La Gazelle des \u00eeles n\u00b0167 (Modell 2025 Version 2) - Atelier des Gazelles%","og_description":"Beschreibung Ihrer Standard-Inselgazelle ist am Ende der Seite verf\u00fcgbar. Kostenlose Bereitstellung auf der Baustelle und kostenlose \u00dcbernahme. Um dieses Boot zu bestellen, m\u00fcssen Sie eine Anzahlung von 300 \u20ac leisten.  In direkter Verbindung mit Patrick Besni\u00e9 erm\u00f6glicht Ihnen dieses Depot, einen Termin in unserer Produktionsplanung zu reservieren, unter Ber\u00fccksichtigung der verf\u00fcgbaren Best\u00e4nde und der laufenden Produktion. Sie ist 6 Monate lang g\u00fcltig und garantiert die Beibehaltung des geltenden Tarifs. Nach dieser R\u00fcckmeldung k\u00f6nnen Sie den Termin vereinbaren und Ihre Anzahlung leisten, um die Produktion zu starten.   &nbsp; &nbsp;","og_url":"https:\/\/www.atelierdesgazelles.com\/de\/nos-bateaux\/boote-und-kleine-segelboote\/verfuegbare-schiffe\/la-gazelle-des-iles-n167-modell-2025-version-2\/","og_site_name":"Atelier des Gazelles","article_publisher":"https:\/\/www.facebook.com\/people\/LAtelier-Des-Gazelles\/61573097917505\/","article_modified_time":"2025-11-03T16:10:44+00:00","og_image":[{"width":2309,"height":2308,"url":"https:\/\/www.atelierdesgazelles.com\/wp-content\/uploads\/2025\/06\/photo-de-categorie-2.jpg","type":"image\/jpeg"}],"twitter_card":"summary_large_image","twitter_misc":{"Gesch\u00e4tzte Lesezeit":"1\u00a0Minute"},"schema":{"@context":"https:\/\/schema.org","@graph":[{"@type":"WebPage","@id":"https:\/\/www.atelierdesgazelles.com\/de\/nos-bateaux\/boote-und-kleine-segelboote\/verfuegbare-schiffe\/la-gazelle-des-iles-n167-modell-2025-version-2\/","url":"https:\/\/www.atelierdesgazelles.com\/de\/nos-bateaux\/boote-und-kleine-segelboote\/verfuegbare-schiffe\/la-gazelle-des-iles-n167-modell-2025-version-2\/","name":"La Gazelle des \u00eeles n\u00b0167 (Modell 2025 Version 2) - Atelier des Gazelles%","isPartOf":{"@id":"https:\/\/www.atelierdesgazelles.com\/de\/#website"},"primaryImageOfPage":{"@id":"https:\/\/www.atelierdesgazelles.com\/de\/nos-bateaux\/boote-und-kleine-segelboote\/verfuegbare-schiffe\/la-gazelle-des-iles-n167-modell-2025-version-2\/#primaryimage"},"image":{"@id":"https:\/\/www.atelierdesgazelles.com\/de\/nos-bateaux\/boote-und-kleine-segelboote\/verfuegbare-schiffe\/la-gazelle-des-iles-n167-modell-2025-version-2\/#primaryimage"},"thumbnailUrl":"https:\/\/www.atelierdesgazelles.com\/wp-content\/uploads\/2025\/06\/photo-de-categorie-2.jpg","datePublished":"2025-06-12T10:06:55+00:00","dateModified":"2025-11-03T16:10:44+00:00","breadcrumb":{"@id":"https:\/\/www.atelierdesgazelles.com\/de\/nos-bateaux\/boote-und-kleine-segelboote\/verfuegbare-schiffe\/la-gazelle-des-iles-n167-modell-2025-version-2\/#breadcrumb"},"inLanguage":"de","potentialAction":[{"@type":"ReadAction","target":["https:\/\/www.atelierdesgazelles.com\/de\/nos-bateaux\/boote-und-kleine-segelboote\/verfuegbare-schiffe\/la-gazelle-des-iles-n167-modell-2025-version-2\/"]}]},{"@type":"ImageObject","inLanguage":"de","@id":"https:\/\/www.atelierdesgazelles.com\/de\/nos-bateaux\/boote-und-kleine-segelboote\/verfuegbare-schiffe\/la-gazelle-des-iles-n167-modell-2025-version-2\/#primaryimage","url":"https:\/\/www.atelierdesgazelles.com\/wp-content\/uploads\/2025\/06\/photo-de-categorie-2.jpg","contentUrl":"https:\/\/www.atelierdesgazelles.com\/wp-content\/uploads\/2025\/06\/photo-de-categorie-2.jpg","width":2309,"height":2308},{"@type":"BreadcrumbList","@id":"https:\/\/www.atelierdesgazelles.com\/de\/nos-bateaux\/boote-und-kleine-segelboote\/verfuegbare-schiffe\/la-gazelle-des-iles-n167-modell-2025-version-2\/#breadcrumb","itemListElement":[{"@type":"ListItem","position":1,"name":"Accueil","item":"https:\/\/www.atelierdesgazelles.com\/de\/"},{"@type":"ListItem","position":2,"name":"Unsere Schiffe","item":"https:\/\/www.atelierdesgazelles.com\/de\/unsere-schiffe-2\/"},{"@type":"ListItem","position":3,"name":"Boote und kleine Segelboote","item":"https:\/\/www.atelierdesgazelles.com\/de\/kategorie-produkt\/boote-und-kleine-segelboote\/"},{"@type":"ListItem","position":4,"name":"Verf\u00fcgbare Schiffe","item":"https:\/\/www.atelierdesgazelles.com\/de\/kategorie-produkt\/boote-und-kleine-segelboote\/verfuegbare-schiffe\/"},{"@type":"ListItem","position":5,"name":"La Gazelle des \u00eeles n\u00b0167 (Modell 2025 Version 2)"}]},{"@type":"WebSite","@id":"https:\/\/www.atelierdesgazelles.com\/de\/#website","url":"https:\/\/www.atelierdesgazelles.com\/de\/","name":"l'Atelier des Gazelles","description":"Franz\u00f6sischer Hersteller von transportablen Booten und kleinen Segelbooten","publisher":{"@id":"https:\/\/www.atelierdesgazelles.com\/de\/#organization"},"potentialAction":[{"@type":"SearchAction","target":{"@type":"EntryPoint","urlTemplate":"https:\/\/www.atelierdesgazelles.com\/de\/?s={search_term_string}"},"query-input":{"@type":"PropertyValueSpecification","valueRequired":true,"valueName":"search_term_string"}}],"inLanguage":"de"},{"@type":"Organization","@id":"https:\/\/www.atelierdesgazelles.com\/de\/#organization","name":"Atelier des Gazelles","url":"https:\/\/www.atelierdesgazelles.com\/de\/","logo":{"@type":"ImageObject","inLanguage":"de","@id":"https:\/\/www.atelierdesgazelles.com\/de\/#\/schema\/logo\/image\/","url":"https:\/\/www.atelierdesgazelles.com\/wp-content\/uploads\/2025\/07\/LOGOTYPE--e1757420449423.png","contentUrl":"https:\/\/www.atelierdesgazelles.com\/wp-content\/uploads\/2025\/07\/LOGOTYPE--e1757420449423.png","width":500,"height":498,"caption":"Atelier des Gazelles"},"image":{"@id":"https:\/\/www.atelierdesgazelles.com\/de\/#\/schema\/logo\/image\/"},"sameAs":["https:\/\/www.facebook.com\/people\/LAtelier-Des-Gazelles\/61573097917505\/","https:\/\/www.youtube.com\/channel\/UCIjVXLt-UMv85l9CpZ_PtLw","https:\/\/www.instagram.com\/l_atelierdesgazelles\/?igsh=NXcxOWpzZXRoZ2Nn&utm_source=qr"]}]}},"_links":{"self":[{"href":"https:\/\/www.atelierdesgazelles.com\/de\/wp-json\/wp\/v2\/product\/27211","targetHints":{"allow":["GET"]}}],"collection":[{"href":"https:\/\/www.atelierdesgazelles.com\/de\/wp-json\/wp\/v2\/product"}],"about":[{"href":"https:\/\/www.atelierdesgazelles.com\/de\/wp-json\/wp\/v2\/types\/product"}],"wp:featuredmedia":[{"embeddable":true,"href":"https:\/\/www.atelierdesgazelles.com\/de\/wp-json\/wp\/v2\/media\/27215"}],"wp:attachment":[{"href":"https:\/\/www.atelierdesgazelles.com\/de\/wp-json\/wp\/v2\/media?parent=27211"}],"wp:term":[{"taxonomy":"product_brand","embeddable":true,"href":"https:\/\/www.atelierdesgazelles.com\/de\/wp-json\/wp\/v2\/product_brand?post=27211"},{"taxonomy":"product_cat","embeddable":true,"href":"https:\/\/www.atelierdesgazelles.com\/de\/wp-json\/wp\/v2\/product_cat?post=27211"},{"taxonomy":"product_tag","embeddable":true,"href":"https:\/\/www.atelierdesgazelles.com\/de\/wp-json\/wp\/v2\/product_tag?post=27211"}],"curies":[{"name":"wp","href":"https:\/\/api.w.org\/{rel}","templated":true}]}}