{"id":27205,"date":"2025-04-25T18:15:51","date_gmt":"2025-04-25T16:15:51","guid":{"rendered":"https:\/\/www.atelierdesgazelles.com\/de\/nos-bateaux\/osapian-aussenbordmotor-550w\/"},"modified":"2025-11-03T17:10:42","modified_gmt":"2025-11-03T16:10:42","slug":"osapian-aussenbordmotor-550w","status":"publish","type":"product","link":"https:\/\/www.atelierdesgazelles.com\/de\/nos-bateaux\/zubehoer\/osapian-aussenbordmotor-550w\/","title":{"rendered":"Osapian Au\u00dfenbordmotor 550W"},"content":{"rendered":"<p>Der Osapian 550W Elektro-Au\u00dfenbordmotor kombiniert Leistung, Leichtigkeit und einfache Bedienung. Er wurde f\u00fcr umweltbewusste Bootsfahrer entwickelt und bietet einen leisen und effizienten Antrieb, der sich perfekt f\u00fcr Seen, Fl\u00fcsse und Meeresk\u00fcsten eignet. Mit seinen 5 Vorw\u00e4rts- und 3 R\u00fcckw\u00e4rtsg\u00e4ngen erm\u00f6glicht er eine pr\u00e4zise und reibungslose Man\u00f6vrierf\u00e4higkeit. Die verstellbare Welle passt sich an verschiedene Wassertiefen an, w\u00e4hrend das Schnellbefestigungssystem die Installation auf einer Vielzahl von Booten, einschlie\u00dflich Beibooten, Kajaks und kleinen Booten, erleichtert. Er ist robust und energiesparend und bietet je nach verwendeter Batterie eine optimale Laufzeit.    <\/p>\n","protected":false},"excerpt":{"rendered":"<p><span data-sheets-root=\"1\">Der Osapian 550W Elektro-Au\u00dfenbordmotor ist eine zuverl\u00e4ssige und umweltfreundliche L\u00f6sung f\u00fcr das Bootfahren in S\u00fc\u00dfwasser und auf See. Er ist leicht, leise und einfach zu installieren und bietet einen effizienten Antrieb mit 5 Vorw\u00e4rts- und 3 R\u00fcckw\u00e4rtsg\u00e4ngen. Ideal f\u00fcr kleine Boote, Beiboote und Kajaks.  <\/span><\/p>\n","protected":false},"featured_media":27209,"template":"","meta":{"_acf_changed":false,"inline_featured_image":false},"product_brand":[],"product_cat":[444],"product_tag":[],"class_list":{"0":"post-27205","1":"product","2":"type-product","3":"status-publish","4":"has-post-thumbnail","6":"product_cat-zubehoer","8":"first","9":"instock","10":"taxable","11":"shipping-taxable","12":"purchasable","13":"product-type-simple"},"acf":[],"yoast_head":"<!-- This site is optimized with the Yoast SEO plugin v27.4 - https:\/\/yoast.com\/product\/yoast-seo-wordpress\/ -->\n<title>Osapian Au\u00dfenbordmotor 550W - Atelier des Gazelles%<\/title>\n<meta name=\"robots\" content=\"index, follow, max-snippet:-1, max-image-preview:large, max-video-preview:-1\" \/>\n<link rel=\"canonical\" href=\"https:\/\/www.atelierdesgazelles.com\/de\/nos-bateaux\/zubehoer\/osapian-aussenbordmotor-550w\/\" \/>\n<meta property=\"og:locale\" content=\"de_DE\" \/>\n<meta property=\"og:type\" content=\"article\" \/>\n<meta property=\"og:title\" content=\"Osapian Au\u00dfenbordmotor 550W - Atelier des Gazelles%\" \/>\n<meta property=\"og:description\" content=\"Der Osapian 550W Elektro-Au\u00dfenbordmotor ist eine zuverl\u00e4ssige und umweltfreundliche L\u00f6sung f\u00fcr das Bootfahren in S\u00fc\u00dfwasser und auf See. Er ist leicht, leise und einfach zu installieren und bietet einen effizienten Antrieb mit 5 Vorw\u00e4rts- und 3 R\u00fcckw\u00e4rtsg\u00e4ngen. Ideal f\u00fcr kleine Boote, Beiboote und Kajaks.\" \/>\n<meta property=\"og:url\" content=\"https:\/\/www.atelierdesgazelles.com\/de\/nos-bateaux\/zubehoer\/osapian-aussenbordmotor-550w\/\" \/>\n<meta property=\"og:site_name\" content=\"Atelier des Gazelles\" \/>\n<meta property=\"article:publisher\" content=\"https:\/\/www.facebook.com\/people\/LAtelier-Des-Gazelles\/61573097917505\/\" \/>\n<meta property=\"article:modified_time\" content=\"2025-11-03T16:10:42+00:00\" \/>\n<meta property=\"og:image\" content=\"https:\/\/www.atelierdesgazelles.com\/wp-content\/uploads\/2025\/04\/MOTEUR-550W-scaled.jpg\" \/>\n\t<meta property=\"og:image:width\" content=\"2560\" \/>\n\t<meta property=\"og:image:height\" content=\"2560\" \/>\n\t<meta property=\"og:image:type\" content=\"image\/jpeg\" \/>\n<meta name=\"twitter:card\" content=\"summary_large_image\" \/>\n<script type=\"application\/ld+json\" class=\"yoast-schema-graph\">{\"@context\":\"https:\\\/\\\/schema.org\",\"@graph\":[{\"@type\":\"WebPage\",\"@id\":\"https:\\\/\\\/www.atelierdesgazelles.com\\\/de\\\/nos-bateaux\\\/zubehoer\\\/osapian-aussenbordmotor-550w\\\/\",\"url\":\"https:\\\/\\\/www.atelierdesgazelles.com\\\/de\\\/nos-bateaux\\\/zubehoer\\\/osapian-aussenbordmotor-550w\\\/\",\"name\":\"Osapian Au\u00dfenbordmotor 550W - Atelier des Gazelles%\",\"isPartOf\":{\"@id\":\"https:\\\/\\\/www.atelierdesgazelles.com\\\/de\\\/#website\"},\"primaryImageOfPage\":{\"@id\":\"https:\\\/\\\/www.atelierdesgazelles.com\\\/de\\\/nos-bateaux\\\/zubehoer\\\/osapian-aussenbordmotor-550w\\\/#primaryimage\"},\"image\":{\"@id\":\"https:\\\/\\\/www.atelierdesgazelles.com\\\/de\\\/nos-bateaux\\\/zubehoer\\\/osapian-aussenbordmotor-550w\\\/#primaryimage\"},\"thumbnailUrl\":\"https:\\\/\\\/www.atelierdesgazelles.com\\\/wp-content\\\/uploads\\\/2025\\\/04\\\/MOTEUR-550W-scaled.jpg\",\"datePublished\":\"2025-04-25T16:15:51+00:00\",\"dateModified\":\"2025-11-03T16:10:42+00:00\",\"breadcrumb\":{\"@id\":\"https:\\\/\\\/www.atelierdesgazelles.com\\\/de\\\/nos-bateaux\\\/zubehoer\\\/osapian-aussenbordmotor-550w\\\/#breadcrumb\"},\"inLanguage\":\"de\",\"potentialAction\":[{\"@type\":\"ReadAction\",\"target\":[\"https:\\\/\\\/www.atelierdesgazelles.com\\\/de\\\/nos-bateaux\\\/zubehoer\\\/osapian-aussenbordmotor-550w\\\/\"]}]},{\"@type\":\"ImageObject\",\"inLanguage\":\"de\",\"@id\":\"https:\\\/\\\/www.atelierdesgazelles.com\\\/de\\\/nos-bateaux\\\/zubehoer\\\/osapian-aussenbordmotor-550w\\\/#primaryimage\",\"url\":\"https:\\\/\\\/www.atelierdesgazelles.com\\\/wp-content\\\/uploads\\\/2025\\\/04\\\/MOTEUR-550W-scaled.jpg\",\"contentUrl\":\"https:\\\/\\\/www.atelierdesgazelles.com\\\/wp-content\\\/uploads\\\/2025\\\/04\\\/MOTEUR-550W-scaled.jpg\",\"width\":2560,\"height\":2560},{\"@type\":\"BreadcrumbList\",\"@id\":\"https:\\\/\\\/www.atelierdesgazelles.com\\\/de\\\/nos-bateaux\\\/zubehoer\\\/osapian-aussenbordmotor-550w\\\/#breadcrumb\",\"itemListElement\":[{\"@type\":\"ListItem\",\"position\":1,\"name\":\"Accueil\",\"item\":\"https:\\\/\\\/www.atelierdesgazelles.com\\\/de\\\/\"},{\"@type\":\"ListItem\",\"position\":2,\"name\":\"Unsere Schiffe\",\"item\":\"https:\\\/\\\/www.atelierdesgazelles.com\\\/de\\\/unsere-schiffe-2\\\/\"},{\"@type\":\"ListItem\",\"position\":3,\"name\":\"Zubeh\u00f6r\",\"item\":\"https:\\\/\\\/www.atelierdesgazelles.com\\\/de\\\/kategorie-produkt\\\/zubehoer\\\/\"},{\"@type\":\"ListItem\",\"position\":4,\"name\":\"Osapian Au\u00dfenbordmotor 550W\"}]},{\"@type\":\"WebSite\",\"@id\":\"https:\\\/\\\/www.atelierdesgazelles.com\\\/de\\\/#website\",\"url\":\"https:\\\/\\\/www.atelierdesgazelles.com\\\/de\\\/\",\"name\":\"l'Atelier des Gazelles\",\"description\":\"Franz\u00f6sischer Hersteller von transportablen Booten und kleinen Segelbooten\",\"publisher\":{\"@id\":\"https:\\\/\\\/www.atelierdesgazelles.com\\\/de\\\/#organization\"},\"potentialAction\":[{\"@type\":\"SearchAction\",\"target\":{\"@type\":\"EntryPoint\",\"urlTemplate\":\"https:\\\/\\\/www.atelierdesgazelles.com\\\/de\\\/?s={search_term_string}\"},\"query-input\":{\"@type\":\"PropertyValueSpecification\",\"valueRequired\":true,\"valueName\":\"search_term_string\"}}],\"inLanguage\":\"de\"},{\"@type\":\"Organization\",\"@id\":\"https:\\\/\\\/www.atelierdesgazelles.com\\\/de\\\/#organization\",\"name\":\"Atelier des Gazelles\",\"url\":\"https:\\\/\\\/www.atelierdesgazelles.com\\\/de\\\/\",\"logo\":{\"@type\":\"ImageObject\",\"inLanguage\":\"de\",\"@id\":\"https:\\\/\\\/www.atelierdesgazelles.com\\\/de\\\/#\\\/schema\\\/logo\\\/image\\\/\",\"url\":\"https:\\\/\\\/www.atelierdesgazelles.com\\\/wp-content\\\/uploads\\\/2025\\\/07\\\/LOGOTYPE--e1757420449423.png\",\"contentUrl\":\"https:\\\/\\\/www.atelierdesgazelles.com\\\/wp-content\\\/uploads\\\/2025\\\/07\\\/LOGOTYPE--e1757420449423.png\",\"width\":500,\"height\":498,\"caption\":\"Atelier des Gazelles\"},\"image\":{\"@id\":\"https:\\\/\\\/www.atelierdesgazelles.com\\\/de\\\/#\\\/schema\\\/logo\\\/image\\\/\"},\"sameAs\":[\"https:\\\/\\\/www.facebook.com\\\/people\\\/LAtelier-Des-Gazelles\\\/61573097917505\\\/\",\"https:\\\/\\\/www.youtube.com\\\/channel\\\/UCIjVXLt-UMv85l9CpZ_PtLw\",\"https:\\\/\\\/www.instagram.com\\\/l_atelierdesgazelles\\\/?igsh=NXcxOWpzZXRoZ2Nn&utm_source=qr\"]}]}<\/script>\n<!-- \/ Yoast SEO plugin. -->","yoast_head_json":{"title":"Osapian Au\u00dfenbordmotor 550W - Atelier des Gazelles%","robots":{"index":"index","follow":"follow","max-snippet":"max-snippet:-1","max-image-preview":"max-image-preview:large","max-video-preview":"max-video-preview:-1"},"canonical":"https:\/\/www.atelierdesgazelles.com\/de\/nos-bateaux\/zubehoer\/osapian-aussenbordmotor-550w\/","og_locale":"de_DE","og_type":"article","og_title":"Osapian Au\u00dfenbordmotor 550W - Atelier des Gazelles%","og_description":"Der Osapian 550W Elektro-Au\u00dfenbordmotor ist eine zuverl\u00e4ssige und umweltfreundliche L\u00f6sung f\u00fcr das Bootfahren in S\u00fc\u00dfwasser und auf See. Er ist leicht, leise und einfach zu installieren und bietet einen effizienten Antrieb mit 5 Vorw\u00e4rts- und 3 R\u00fcckw\u00e4rtsg\u00e4ngen. Ideal f\u00fcr kleine Boote, Beiboote und Kajaks.","og_url":"https:\/\/www.atelierdesgazelles.com\/de\/nos-bateaux\/zubehoer\/osapian-aussenbordmotor-550w\/","og_site_name":"Atelier des Gazelles","article_publisher":"https:\/\/www.facebook.com\/people\/LAtelier-Des-Gazelles\/61573097917505\/","article_modified_time":"2025-11-03T16:10:42+00:00","og_image":[{"width":2560,"height":2560,"url":"https:\/\/www.atelierdesgazelles.com\/wp-content\/uploads\/2025\/04\/MOTEUR-550W-scaled.jpg","type":"image\/jpeg"}],"twitter_card":"summary_large_image","schema":{"@context":"https:\/\/schema.org","@graph":[{"@type":"WebPage","@id":"https:\/\/www.atelierdesgazelles.com\/de\/nos-bateaux\/zubehoer\/osapian-aussenbordmotor-550w\/","url":"https:\/\/www.atelierdesgazelles.com\/de\/nos-bateaux\/zubehoer\/osapian-aussenbordmotor-550w\/","name":"Osapian Au\u00dfenbordmotor 550W - Atelier des Gazelles%","isPartOf":{"@id":"https:\/\/www.atelierdesgazelles.com\/de\/#website"},"primaryImageOfPage":{"@id":"https:\/\/www.atelierdesgazelles.com\/de\/nos-bateaux\/zubehoer\/osapian-aussenbordmotor-550w\/#primaryimage"},"image":{"@id":"https:\/\/www.atelierdesgazelles.com\/de\/nos-bateaux\/zubehoer\/osapian-aussenbordmotor-550w\/#primaryimage"},"thumbnailUrl":"https:\/\/www.atelierdesgazelles.com\/wp-content\/uploads\/2025\/04\/MOTEUR-550W-scaled.jpg","datePublished":"2025-04-25T16:15:51+00:00","dateModified":"2025-11-03T16:10:42+00:00","breadcrumb":{"@id":"https:\/\/www.atelierdesgazelles.com\/de\/nos-bateaux\/zubehoer\/osapian-aussenbordmotor-550w\/#breadcrumb"},"inLanguage":"de","potentialAction":[{"@type":"ReadAction","target":["https:\/\/www.atelierdesgazelles.com\/de\/nos-bateaux\/zubehoer\/osapian-aussenbordmotor-550w\/"]}]},{"@type":"ImageObject","inLanguage":"de","@id":"https:\/\/www.atelierdesgazelles.com\/de\/nos-bateaux\/zubehoer\/osapian-aussenbordmotor-550w\/#primaryimage","url":"https:\/\/www.atelierdesgazelles.com\/wp-content\/uploads\/2025\/04\/MOTEUR-550W-scaled.jpg","contentUrl":"https:\/\/www.atelierdesgazelles.com\/wp-content\/uploads\/2025\/04\/MOTEUR-550W-scaled.jpg","width":2560,"height":2560},{"@type":"BreadcrumbList","@id":"https:\/\/www.atelierdesgazelles.com\/de\/nos-bateaux\/zubehoer\/osapian-aussenbordmotor-550w\/#breadcrumb","itemListElement":[{"@type":"ListItem","position":1,"name":"Accueil","item":"https:\/\/www.atelierdesgazelles.com\/de\/"},{"@type":"ListItem","position":2,"name":"Unsere Schiffe","item":"https:\/\/www.atelierdesgazelles.com\/de\/unsere-schiffe-2\/"},{"@type":"ListItem","position":3,"name":"Zubeh\u00f6r","item":"https:\/\/www.atelierdesgazelles.com\/de\/kategorie-produkt\/zubehoer\/"},{"@type":"ListItem","position":4,"name":"Osapian Au\u00dfenbordmotor 550W"}]},{"@type":"WebSite","@id":"https:\/\/www.atelierdesgazelles.com\/de\/#website","url":"https:\/\/www.atelierdesgazelles.com\/de\/","name":"l'Atelier des Gazelles","description":"Franz\u00f6sischer Hersteller von transportablen Booten und kleinen Segelbooten","publisher":{"@id":"https:\/\/www.atelierdesgazelles.com\/de\/#organization"},"potentialAction":[{"@type":"SearchAction","target":{"@type":"EntryPoint","urlTemplate":"https:\/\/www.atelierdesgazelles.com\/de\/?s={search_term_string}"},"query-input":{"@type":"PropertyValueSpecification","valueRequired":true,"valueName":"search_term_string"}}],"inLanguage":"de"},{"@type":"Organization","@id":"https:\/\/www.atelierdesgazelles.com\/de\/#organization","name":"Atelier des Gazelles","url":"https:\/\/www.atelierdesgazelles.com\/de\/","logo":{"@type":"ImageObject","inLanguage":"de","@id":"https:\/\/www.atelierdesgazelles.com\/de\/#\/schema\/logo\/image\/","url":"https:\/\/www.atelierdesgazelles.com\/wp-content\/uploads\/2025\/07\/LOGOTYPE--e1757420449423.png","contentUrl":"https:\/\/www.atelierdesgazelles.com\/wp-content\/uploads\/2025\/07\/LOGOTYPE--e1757420449423.png","width":500,"height":498,"caption":"Atelier des Gazelles"},"image":{"@id":"https:\/\/www.atelierdesgazelles.com\/de\/#\/schema\/logo\/image\/"},"sameAs":["https:\/\/www.facebook.com\/people\/LAtelier-Des-Gazelles\/61573097917505\/","https:\/\/www.youtube.com\/channel\/UCIjVXLt-UMv85l9CpZ_PtLw","https:\/\/www.instagram.com\/l_atelierdesgazelles\/?igsh=NXcxOWpzZXRoZ2Nn&utm_source=qr"]}]}},"_links":{"self":[{"href":"https:\/\/www.atelierdesgazelles.com\/de\/wp-json\/wp\/v2\/product\/27205","targetHints":{"allow":["GET"]}}],"collection":[{"href":"https:\/\/www.atelierdesgazelles.com\/de\/wp-json\/wp\/v2\/product"}],"about":[{"href":"https:\/\/www.atelierdesgazelles.com\/de\/wp-json\/wp\/v2\/types\/product"}],"wp:featuredmedia":[{"embeddable":true,"href":"https:\/\/www.atelierdesgazelles.com\/de\/wp-json\/wp\/v2\/media\/27209"}],"wp:attachment":[{"href":"https:\/\/www.atelierdesgazelles.com\/de\/wp-json\/wp\/v2\/media?parent=27205"}],"wp:term":[{"taxonomy":"product_brand","embeddable":true,"href":"https:\/\/www.atelierdesgazelles.com\/de\/wp-json\/wp\/v2\/product_brand?post=27205"},{"taxonomy":"product_cat","embeddable":true,"href":"https:\/\/www.atelierdesgazelles.com\/de\/wp-json\/wp\/v2\/product_cat?post=27205"},{"taxonomy":"product_tag","embeddable":true,"href":"https:\/\/www.atelierdesgazelles.com\/de\/wp-json\/wp\/v2\/product_tag?post=27205"}],"curies":[{"name":"wp","href":"https:\/\/api.w.org\/{rel}","templated":true}]}}