{"id":26923,"date":"2025-04-07T14:57:31","date_gmt":"2025-04-07T12:57:31","guid":{"rendered":"https:\/\/www.atelierdesgazelles.com\/de\/nos-bateaux\/masttoplicht\/"},"modified":"2025-11-03T17:10:07","modified_gmt":"2025-11-03T16:10:07","slug":"masttoplicht","status":"publish","type":"product","link":"https:\/\/www.atelierdesgazelles.com\/de\/nos-bateaux\/zubehoer\/masttoplicht\/","title":{"rendered":"Masttoplicht"},"content":{"rendered":"<p>Das wei\u00dfe Masttoplicht ist ein wichtiges Element, um Ihr Schiff bei Nachtfahrten zu kennzeichnen. An der Spitze des Mastes angebracht, bietet es eine 360\u00b0-Sichtbarkeit und erm\u00f6glicht es anderen Schiffen, Sie leicht zu erkennen. Er ist f\u00fcr den Einsatz auf See konzipiert, besteht aus langlebigen Materialien und ist je nach Modell mit LED- oder Halogenbeleuchtung ausgestattet, um einen optimierten Energieverbrauch und eine lange Lebensdauer zu gew\u00e4hrleisten. Sie ist f\u00fcr die Sicherheit und die Einhaltung der nautischen Vorschriften unerl\u00e4sslich und passt sich an verschiedene Arten von Segelbooten und Booten an.   <\/p>\n","protected":false},"excerpt":{"rendered":"<p>Das wei\u00dfe Masttoplicht sorgt f\u00fcr eine optimale Sichtbarkeit Ihres Bootes bei Nachtfahrten. Es entspricht den maritimen Normen und bietet eine starke und zuverl\u00e4ssige Beleuchtung f\u00fcr mehr Sicherheit auf See. <\/p>\n","protected":false},"featured_media":26932,"template":"","meta":{"_acf_changed":false,"inline_featured_image":false},"product_brand":[],"product_cat":[444],"product_tag":[],"class_list":{"0":"post-26923","1":"product","2":"type-product","3":"status-publish","4":"has-post-thumbnail","6":"product_cat-zubehoer","8":"first","9":"instock","10":"taxable","11":"shipping-taxable","12":"purchasable","13":"product-type-simple"},"acf":[],"yoast_head":"<!-- This site is optimized with the Yoast SEO plugin v27.4 - https:\/\/yoast.com\/product\/yoast-seo-wordpress\/ -->\n<title>Masttoplicht - Atelier des Gazelles%<\/title>\n<meta name=\"robots\" content=\"index, follow, max-snippet:-1, max-image-preview:large, max-video-preview:-1\" \/>\n<link rel=\"canonical\" href=\"https:\/\/www.atelierdesgazelles.com\/de\/nos-bateaux\/zubehoer\/masttoplicht\/\" \/>\n<meta property=\"og:locale\" content=\"de_DE\" \/>\n<meta property=\"og:type\" content=\"article\" \/>\n<meta property=\"og:title\" content=\"Masttoplicht - Atelier des Gazelles%\" \/>\n<meta property=\"og:description\" content=\"Das wei\u00dfe Masttoplicht sorgt f\u00fcr eine optimale Sichtbarkeit Ihres Bootes bei Nachtfahrten. Es entspricht den maritimen Normen und bietet eine starke und zuverl\u00e4ssige Beleuchtung f\u00fcr mehr Sicherheit auf See.\" \/>\n<meta property=\"og:url\" content=\"https:\/\/www.atelierdesgazelles.com\/de\/nos-bateaux\/zubehoer\/masttoplicht\/\" \/>\n<meta property=\"og:site_name\" content=\"Atelier des Gazelles\" \/>\n<meta property=\"article:publisher\" content=\"https:\/\/www.facebook.com\/people\/LAtelier-Des-Gazelles\/61573097917505\/\" \/>\n<meta property=\"article:modified_time\" content=\"2025-11-03T16:10:07+00:00\" \/>\n<meta property=\"og:image\" content=\"https:\/\/www.atelierdesgazelles.com\/wp-content\/uploads\/2025\/04\/feutelecommande-1-scaled.jpg\" \/>\n\t<meta property=\"og:image:width\" content=\"2560\" \/>\n\t<meta property=\"og:image:height\" content=\"2560\" \/>\n\t<meta property=\"og:image:type\" content=\"image\/jpeg\" \/>\n<meta name=\"twitter:card\" content=\"summary_large_image\" \/>\n<script type=\"application\/ld+json\" class=\"yoast-schema-graph\">{\"@context\":\"https:\\\/\\\/schema.org\",\"@graph\":[{\"@type\":\"WebPage\",\"@id\":\"https:\\\/\\\/www.atelierdesgazelles.com\\\/de\\\/nos-bateaux\\\/zubehoer\\\/masttoplicht\\\/\",\"url\":\"https:\\\/\\\/www.atelierdesgazelles.com\\\/de\\\/nos-bateaux\\\/zubehoer\\\/masttoplicht\\\/\",\"name\":\"Masttoplicht - Atelier des Gazelles%\",\"isPartOf\":{\"@id\":\"https:\\\/\\\/www.atelierdesgazelles.com\\\/de\\\/#website\"},\"primaryImageOfPage\":{\"@id\":\"https:\\\/\\\/www.atelierdesgazelles.com\\\/de\\\/nos-bateaux\\\/zubehoer\\\/masttoplicht\\\/#primaryimage\"},\"image\":{\"@id\":\"https:\\\/\\\/www.atelierdesgazelles.com\\\/de\\\/nos-bateaux\\\/zubehoer\\\/masttoplicht\\\/#primaryimage\"},\"thumbnailUrl\":\"https:\\\/\\\/www.atelierdesgazelles.com\\\/wp-content\\\/uploads\\\/2025\\\/04\\\/feutelecommande-1-scaled.jpg\",\"datePublished\":\"2025-04-07T12:57:31+00:00\",\"dateModified\":\"2025-11-03T16:10:07+00:00\",\"breadcrumb\":{\"@id\":\"https:\\\/\\\/www.atelierdesgazelles.com\\\/de\\\/nos-bateaux\\\/zubehoer\\\/masttoplicht\\\/#breadcrumb\"},\"inLanguage\":\"de\",\"potentialAction\":[{\"@type\":\"ReadAction\",\"target\":[\"https:\\\/\\\/www.atelierdesgazelles.com\\\/de\\\/nos-bateaux\\\/zubehoer\\\/masttoplicht\\\/\"]}]},{\"@type\":\"ImageObject\",\"inLanguage\":\"de\",\"@id\":\"https:\\\/\\\/www.atelierdesgazelles.com\\\/de\\\/nos-bateaux\\\/zubehoer\\\/masttoplicht\\\/#primaryimage\",\"url\":\"https:\\\/\\\/www.atelierdesgazelles.com\\\/wp-content\\\/uploads\\\/2025\\\/04\\\/feutelecommande-1-scaled.jpg\",\"contentUrl\":\"https:\\\/\\\/www.atelierdesgazelles.com\\\/wp-content\\\/uploads\\\/2025\\\/04\\\/feutelecommande-1-scaled.jpg\",\"width\":2560,\"height\":2560},{\"@type\":\"BreadcrumbList\",\"@id\":\"https:\\\/\\\/www.atelierdesgazelles.com\\\/de\\\/nos-bateaux\\\/zubehoer\\\/masttoplicht\\\/#breadcrumb\",\"itemListElement\":[{\"@type\":\"ListItem\",\"position\":1,\"name\":\"Accueil\",\"item\":\"https:\\\/\\\/www.atelierdesgazelles.com\\\/de\\\/\"},{\"@type\":\"ListItem\",\"position\":2,\"name\":\"Unsere Schiffe\",\"item\":\"https:\\\/\\\/www.atelierdesgazelles.com\\\/de\\\/unsere-schiffe-2\\\/\"},{\"@type\":\"ListItem\",\"position\":3,\"name\":\"Zubeh\u00f6r\",\"item\":\"https:\\\/\\\/www.atelierdesgazelles.com\\\/de\\\/kategorie-produkt\\\/zubehoer\\\/\"},{\"@type\":\"ListItem\",\"position\":4,\"name\":\"Masttoplicht\"}]},{\"@type\":\"WebSite\",\"@id\":\"https:\\\/\\\/www.atelierdesgazelles.com\\\/de\\\/#website\",\"url\":\"https:\\\/\\\/www.atelierdesgazelles.com\\\/de\\\/\",\"name\":\"l'Atelier des Gazelles\",\"description\":\"Franz\u00f6sischer Hersteller von transportablen Booten und kleinen Segelbooten\",\"publisher\":{\"@id\":\"https:\\\/\\\/www.atelierdesgazelles.com\\\/de\\\/#organization\"},\"potentialAction\":[{\"@type\":\"SearchAction\",\"target\":{\"@type\":\"EntryPoint\",\"urlTemplate\":\"https:\\\/\\\/www.atelierdesgazelles.com\\\/de\\\/?s={search_term_string}\"},\"query-input\":{\"@type\":\"PropertyValueSpecification\",\"valueRequired\":true,\"valueName\":\"search_term_string\"}}],\"inLanguage\":\"de\"},{\"@type\":\"Organization\",\"@id\":\"https:\\\/\\\/www.atelierdesgazelles.com\\\/de\\\/#organization\",\"name\":\"Atelier des Gazelles\",\"url\":\"https:\\\/\\\/www.atelierdesgazelles.com\\\/de\\\/\",\"logo\":{\"@type\":\"ImageObject\",\"inLanguage\":\"de\",\"@id\":\"https:\\\/\\\/www.atelierdesgazelles.com\\\/de\\\/#\\\/schema\\\/logo\\\/image\\\/\",\"url\":\"https:\\\/\\\/www.atelierdesgazelles.com\\\/wp-content\\\/uploads\\\/2025\\\/07\\\/LOGOTYPE--e1757420449423.png\",\"contentUrl\":\"https:\\\/\\\/www.atelierdesgazelles.com\\\/wp-content\\\/uploads\\\/2025\\\/07\\\/LOGOTYPE--e1757420449423.png\",\"width\":500,\"height\":498,\"caption\":\"Atelier des Gazelles\"},\"image\":{\"@id\":\"https:\\\/\\\/www.atelierdesgazelles.com\\\/de\\\/#\\\/schema\\\/logo\\\/image\\\/\"},\"sameAs\":[\"https:\\\/\\\/www.facebook.com\\\/people\\\/LAtelier-Des-Gazelles\\\/61573097917505\\\/\",\"https:\\\/\\\/www.youtube.com\\\/channel\\\/UCIjVXLt-UMv85l9CpZ_PtLw\",\"https:\\\/\\\/www.instagram.com\\\/l_atelierdesgazelles\\\/?igsh=NXcxOWpzZXRoZ2Nn&utm_source=qr\"]}]}<\/script>\n<!-- \/ Yoast SEO plugin. -->","yoast_head_json":{"title":"Masttoplicht - Atelier des Gazelles%","robots":{"index":"index","follow":"follow","max-snippet":"max-snippet:-1","max-image-preview":"max-image-preview:large","max-video-preview":"max-video-preview:-1"},"canonical":"https:\/\/www.atelierdesgazelles.com\/de\/nos-bateaux\/zubehoer\/masttoplicht\/","og_locale":"de_DE","og_type":"article","og_title":"Masttoplicht - Atelier des Gazelles%","og_description":"Das wei\u00dfe Masttoplicht sorgt f\u00fcr eine optimale Sichtbarkeit Ihres Bootes bei Nachtfahrten. Es entspricht den maritimen Normen und bietet eine starke und zuverl\u00e4ssige Beleuchtung f\u00fcr mehr Sicherheit auf See.","og_url":"https:\/\/www.atelierdesgazelles.com\/de\/nos-bateaux\/zubehoer\/masttoplicht\/","og_site_name":"Atelier des Gazelles","article_publisher":"https:\/\/www.facebook.com\/people\/LAtelier-Des-Gazelles\/61573097917505\/","article_modified_time":"2025-11-03T16:10:07+00:00","og_image":[{"width":2560,"height":2560,"url":"https:\/\/www.atelierdesgazelles.com\/wp-content\/uploads\/2025\/04\/feutelecommande-1-scaled.jpg","type":"image\/jpeg"}],"twitter_card":"summary_large_image","schema":{"@context":"https:\/\/schema.org","@graph":[{"@type":"WebPage","@id":"https:\/\/www.atelierdesgazelles.com\/de\/nos-bateaux\/zubehoer\/masttoplicht\/","url":"https:\/\/www.atelierdesgazelles.com\/de\/nos-bateaux\/zubehoer\/masttoplicht\/","name":"Masttoplicht - Atelier des Gazelles%","isPartOf":{"@id":"https:\/\/www.atelierdesgazelles.com\/de\/#website"},"primaryImageOfPage":{"@id":"https:\/\/www.atelierdesgazelles.com\/de\/nos-bateaux\/zubehoer\/masttoplicht\/#primaryimage"},"image":{"@id":"https:\/\/www.atelierdesgazelles.com\/de\/nos-bateaux\/zubehoer\/masttoplicht\/#primaryimage"},"thumbnailUrl":"https:\/\/www.atelierdesgazelles.com\/wp-content\/uploads\/2025\/04\/feutelecommande-1-scaled.jpg","datePublished":"2025-04-07T12:57:31+00:00","dateModified":"2025-11-03T16:10:07+00:00","breadcrumb":{"@id":"https:\/\/www.atelierdesgazelles.com\/de\/nos-bateaux\/zubehoer\/masttoplicht\/#breadcrumb"},"inLanguage":"de","potentialAction":[{"@type":"ReadAction","target":["https:\/\/www.atelierdesgazelles.com\/de\/nos-bateaux\/zubehoer\/masttoplicht\/"]}]},{"@type":"ImageObject","inLanguage":"de","@id":"https:\/\/www.atelierdesgazelles.com\/de\/nos-bateaux\/zubehoer\/masttoplicht\/#primaryimage","url":"https:\/\/www.atelierdesgazelles.com\/wp-content\/uploads\/2025\/04\/feutelecommande-1-scaled.jpg","contentUrl":"https:\/\/www.atelierdesgazelles.com\/wp-content\/uploads\/2025\/04\/feutelecommande-1-scaled.jpg","width":2560,"height":2560},{"@type":"BreadcrumbList","@id":"https:\/\/www.atelierdesgazelles.com\/de\/nos-bateaux\/zubehoer\/masttoplicht\/#breadcrumb","itemListElement":[{"@type":"ListItem","position":1,"name":"Accueil","item":"https:\/\/www.atelierdesgazelles.com\/de\/"},{"@type":"ListItem","position":2,"name":"Unsere Schiffe","item":"https:\/\/www.atelierdesgazelles.com\/de\/unsere-schiffe-2\/"},{"@type":"ListItem","position":3,"name":"Zubeh\u00f6r","item":"https:\/\/www.atelierdesgazelles.com\/de\/kategorie-produkt\/zubehoer\/"},{"@type":"ListItem","position":4,"name":"Masttoplicht"}]},{"@type":"WebSite","@id":"https:\/\/www.atelierdesgazelles.com\/de\/#website","url":"https:\/\/www.atelierdesgazelles.com\/de\/","name":"l'Atelier des Gazelles","description":"Franz\u00f6sischer Hersteller von transportablen Booten und kleinen Segelbooten","publisher":{"@id":"https:\/\/www.atelierdesgazelles.com\/de\/#organization"},"potentialAction":[{"@type":"SearchAction","target":{"@type":"EntryPoint","urlTemplate":"https:\/\/www.atelierdesgazelles.com\/de\/?s={search_term_string}"},"query-input":{"@type":"PropertyValueSpecification","valueRequired":true,"valueName":"search_term_string"}}],"inLanguage":"de"},{"@type":"Organization","@id":"https:\/\/www.atelierdesgazelles.com\/de\/#organization","name":"Atelier des Gazelles","url":"https:\/\/www.atelierdesgazelles.com\/de\/","logo":{"@type":"ImageObject","inLanguage":"de","@id":"https:\/\/www.atelierdesgazelles.com\/de\/#\/schema\/logo\/image\/","url":"https:\/\/www.atelierdesgazelles.com\/wp-content\/uploads\/2025\/07\/LOGOTYPE--e1757420449423.png","contentUrl":"https:\/\/www.atelierdesgazelles.com\/wp-content\/uploads\/2025\/07\/LOGOTYPE--e1757420449423.png","width":500,"height":498,"caption":"Atelier des Gazelles"},"image":{"@id":"https:\/\/www.atelierdesgazelles.com\/de\/#\/schema\/logo\/image\/"},"sameAs":["https:\/\/www.facebook.com\/people\/LAtelier-Des-Gazelles\/61573097917505\/","https:\/\/www.youtube.com\/channel\/UCIjVXLt-UMv85l9CpZ_PtLw","https:\/\/www.instagram.com\/l_atelierdesgazelles\/?igsh=NXcxOWpzZXRoZ2Nn&utm_source=qr"]}]}},"_links":{"self":[{"href":"https:\/\/www.atelierdesgazelles.com\/de\/wp-json\/wp\/v2\/product\/26923","targetHints":{"allow":["GET"]}}],"collection":[{"href":"https:\/\/www.atelierdesgazelles.com\/de\/wp-json\/wp\/v2\/product"}],"about":[{"href":"https:\/\/www.atelierdesgazelles.com\/de\/wp-json\/wp\/v2\/types\/product"}],"wp:featuredmedia":[{"embeddable":true,"href":"https:\/\/www.atelierdesgazelles.com\/de\/wp-json\/wp\/v2\/media\/26932"}],"wp:attachment":[{"href":"https:\/\/www.atelierdesgazelles.com\/de\/wp-json\/wp\/v2\/media?parent=26923"}],"wp:term":[{"taxonomy":"product_brand","embeddable":true,"href":"https:\/\/www.atelierdesgazelles.com\/de\/wp-json\/wp\/v2\/product_brand?post=26923"},{"taxonomy":"product_cat","embeddable":true,"href":"https:\/\/www.atelierdesgazelles.com\/de\/wp-json\/wp\/v2\/product_cat?post=26923"},{"taxonomy":"product_tag","embeddable":true,"href":"https:\/\/www.atelierdesgazelles.com\/de\/wp-json\/wp\/v2\/product_tag?post=26923"}],"curies":[{"name":"wp","href":"https:\/\/api.w.org\/{rel}","templated":true}]}}