{"id":28675,"date":"2025-11-19T17:46:48","date_gmt":"2025-11-19T16:46:48","guid":{"rendered":"https:\/\/www.atelierdesgazelles.com\/hochwertiger-schiffbau\/"},"modified":"2025-11-19T17:46:48","modified_gmt":"2025-11-19T16:46:48","slug":"hochwertiger-schiffbau","status":"publish","type":"page","link":"https:\/\/www.atelierdesgazelles.com\/de\/hochwertiger-schiffbau\/","title":{"rendered":"Hochwertiger Schiffbau"},"content":{"rendered":"<p><a href=\"https:\/\/www.atelierdesgazelles.com\/de\/wer-sind-wir\/\">Les Ateliers de des Gazelles<\/a> haben sich schon immer daf\u00fcr entschieden, mit Hilfe des Vakuum-Injektionsverfahrens Umweltschutz und Spitzentechnologie miteinander zu verbinden.<\/p>\n<p>Unsere Produktionslinie ist speziell daf\u00fcr ausgestattet, die Anforderungen an eine nachhaltige Entwicklung in der Polyesterproduktion zu erf\u00fcllen.<\/p>\n<p>Das Verfahren der Vakuum-Injektion ist in der Luftfahrt- und Automobilindustrie gut bekannt, in der Bootsindustrie jedoch selten. Diese Hochtechnologie hat jedoch viele Vorteile: <\/p>\n<ul>\n<li>Hochwertiges Polyester: Zuverl\u00e4ssigkeit und Haltbarkeit der Konstruktion,<\/li>\n<li>Leichtere und widerstandsf\u00e4higere Boote: perfekte Kontrolle \u00fcber Gewicht und Material, sehr hochwertige \u00c4sthetik.<\/li>\n<li>Nachhaltige Entwicklung: Fast keine sch\u00e4dlichen Gase bei der Herstellung, brennbare Abf\u00e4lle am Ende der Lebensdauer, vollst\u00e4ndige Integration in die Prinzipien der nachhaltigen Entwicklung&#8230;<\/li>\n<\/ul>\n<p>Zus\u00e4tzlich sch\u00fctzt die Verwendung von nat\u00fcrlichen \u00d6len<img decoding=\"async\" class=\"lazyload size-full wp-image-28670 alignleft\" src=\"https:\/\/www.atelierdesgazelles.com\/wp-content\/uploads\/2025\/11\/coque-sous-vide-de-bateau-en-resine.jpg\" data-orig-src=\"https:\/\/www.atelierdesgazelles.com\/wp-content\/uploads\/2025\/11\/coque-sous-vide-de-bateau-en-resine.jpg\" alt=\"Transportable Vakuum-Bootsh\u00fclle aus Harz\" width=\"300\" height=\"199\" srcset=\"data:image\/svg+xml,%3Csvg%20xmlns%3D%27http%3A%2F%2Fwww.w3.org%2F2000%2Fsvg%27%20width%3D%27300%27%20height%3D%27199%27%20viewBox%3D%270%200%20300%20199%27%3E%3Crect%20width%3D%27300%27%20height%3D%27199%27%20fill-opacity%3D%220%22%2F%3E%3C%2Fsvg%3E\" data-srcset=\"https:\/\/www.atelierdesgazelles.com\/wp-content\/uploads\/2025\/11\/coque-sous-vide-de-bateau-en-resine-200x133.jpg 200w, https:\/\/www.atelierdesgazelles.com\/wp-content\/uploads\/2025\/11\/coque-sous-vide-de-bateau-en-resine.jpg 300w\" data-sizes=\"auto\" data-orig-sizes=\"(max-width: 300px) 100vw, 300px\" \/>s die Tischlerei und vermeidet die Verwendung von Lacken. Die Abf\u00e4lle werden t\u00e4glich getrennt und recycelt. <\/p>\n","protected":false},"excerpt":{"rendered":"<p>Les Ateliers de des Gazelles haben sich schon immer daf\u00fcr  [&#8230;]<\/p>\n","protected":false},"author":1,"featured_media":22941,"parent":0,"menu_order":0,"comment_status":"closed","ping_status":"closed","template":"","meta":{"_acf_changed":false,"inline_featured_image":false,"footnotes":""},"class_list":["post-28675","page","type-page","status-publish","has-post-thumbnail","hentry"],"acf":[],"yoast_head":"<!-- This site is optimized with the Yoast SEO plugin v27.4 - https:\/\/yoast.com\/product\/yoast-seo-wordpress\/ -->\n<title>Hochwertiger Schiffbau - Atelier des Gazelles%<\/title>\n<meta name=\"robots\" content=\"index, follow, max-snippet:-1, max-image-preview:large, max-video-preview:-1\" \/>\n<link rel=\"canonical\" href=\"https:\/\/www.atelierdesgazelles.com\/de\/hochwertiger-schiffbau\/\" \/>\n<meta property=\"og:locale\" content=\"de_DE\" \/>\n<meta property=\"og:type\" content=\"article\" \/>\n<meta property=\"og:title\" content=\"Hochwertiger Schiffbau - Atelier des Gazelles%\" \/>\n<meta property=\"og:description\" content=\"Les Ateliers de des Gazelles haben sich schon immer daf\u00fcr [...]\" \/>\n<meta property=\"og:url\" content=\"https:\/\/www.atelierdesgazelles.com\/de\/hochwertiger-schiffbau\/\" \/>\n<meta property=\"og:site_name\" content=\"Atelier des Gazelles\" \/>\n<meta property=\"article:publisher\" content=\"https:\/\/www.facebook.com\/people\/LAtelier-Des-Gazelles\/61573097917505\/\" \/>\n<meta property=\"og:image\" content=\"https:\/\/www.atelierdesgazelles.com\/wp-content\/uploads\/2024\/07\/IMG_7250.jpg\" \/>\n\t<meta property=\"og:image:width\" content=\"2461\" \/>\n\t<meta property=\"og:image:height\" content=\"2461\" \/>\n\t<meta property=\"og:image:type\" content=\"image\/jpeg\" \/>\n<meta name=\"twitter:card\" content=\"summary_large_image\" \/>\n<meta name=\"twitter:label1\" content=\"Gesch\u00e4tzte Lesezeit\" \/>\n\t<meta name=\"twitter:data1\" content=\"1\u00a0Minute\" \/>\n<script type=\"application\/ld+json\" class=\"yoast-schema-graph\">{\"@context\":\"https:\\\/\\\/schema.org\",\"@graph\":[{\"@type\":\"WebPage\",\"@id\":\"https:\\\/\\\/www.atelierdesgazelles.com\\\/de\\\/hochwertiger-schiffbau\\\/\",\"url\":\"https:\\\/\\\/www.atelierdesgazelles.com\\\/de\\\/hochwertiger-schiffbau\\\/\",\"name\":\"Hochwertiger Schiffbau - Atelier des Gazelles%\",\"isPartOf\":{\"@id\":\"https:\\\/\\\/www.atelierdesgazelles.com\\\/de\\\/#website\"},\"primaryImageOfPage\":{\"@id\":\"https:\\\/\\\/www.atelierdesgazelles.com\\\/de\\\/hochwertiger-schiffbau\\\/#primaryimage\"},\"image\":{\"@id\":\"https:\\\/\\\/www.atelierdesgazelles.com\\\/de\\\/hochwertiger-schiffbau\\\/#primaryimage\"},\"thumbnailUrl\":\"https:\\\/\\\/www.atelierdesgazelles.com\\\/wp-content\\\/uploads\\\/2024\\\/07\\\/IMG_7250.jpg\",\"datePublished\":\"2025-11-19T16:46:48+00:00\",\"breadcrumb\":{\"@id\":\"https:\\\/\\\/www.atelierdesgazelles.com\\\/de\\\/hochwertiger-schiffbau\\\/#breadcrumb\"},\"inLanguage\":\"de\",\"potentialAction\":[{\"@type\":\"ReadAction\",\"target\":[\"https:\\\/\\\/www.atelierdesgazelles.com\\\/de\\\/hochwertiger-schiffbau\\\/\"]}]},{\"@type\":\"ImageObject\",\"inLanguage\":\"de\",\"@id\":\"https:\\\/\\\/www.atelierdesgazelles.com\\\/de\\\/hochwertiger-schiffbau\\\/#primaryimage\",\"url\":\"https:\\\/\\\/www.atelierdesgazelles.com\\\/wp-content\\\/uploads\\\/2024\\\/07\\\/IMG_7250.jpg\",\"contentUrl\":\"https:\\\/\\\/www.atelierdesgazelles.com\\\/wp-content\\\/uploads\\\/2024\\\/07\\\/IMG_7250.jpg\",\"width\":2461,\"height\":2461},{\"@type\":\"BreadcrumbList\",\"@id\":\"https:\\\/\\\/www.atelierdesgazelles.com\\\/de\\\/hochwertiger-schiffbau\\\/#breadcrumb\",\"itemListElement\":[{\"@type\":\"ListItem\",\"position\":1,\"name\":\"Accueil\",\"item\":\"https:\\\/\\\/www.atelierdesgazelles.com\\\/de\\\/\"},{\"@type\":\"ListItem\",\"position\":2,\"name\":\"Hochwertiger Schiffbau\"}]},{\"@type\":\"WebSite\",\"@id\":\"https:\\\/\\\/www.atelierdesgazelles.com\\\/de\\\/#website\",\"url\":\"https:\\\/\\\/www.atelierdesgazelles.com\\\/de\\\/\",\"name\":\"l'Atelier des Gazelles\",\"description\":\"Franz\u00f6sischer Hersteller von transportablen Booten und kleinen Segelbooten\",\"publisher\":{\"@id\":\"https:\\\/\\\/www.atelierdesgazelles.com\\\/de\\\/#organization\"},\"potentialAction\":[{\"@type\":\"SearchAction\",\"target\":{\"@type\":\"EntryPoint\",\"urlTemplate\":\"https:\\\/\\\/www.atelierdesgazelles.com\\\/de\\\/?s={search_term_string}\"},\"query-input\":{\"@type\":\"PropertyValueSpecification\",\"valueRequired\":true,\"valueName\":\"search_term_string\"}}],\"inLanguage\":\"de\"},{\"@type\":\"Organization\",\"@id\":\"https:\\\/\\\/www.atelierdesgazelles.com\\\/de\\\/#organization\",\"name\":\"Atelier des Gazelles\",\"url\":\"https:\\\/\\\/www.atelierdesgazelles.com\\\/de\\\/\",\"logo\":{\"@type\":\"ImageObject\",\"inLanguage\":\"de\",\"@id\":\"https:\\\/\\\/www.atelierdesgazelles.com\\\/de\\\/#\\\/schema\\\/logo\\\/image\\\/\",\"url\":\"https:\\\/\\\/www.atelierdesgazelles.com\\\/wp-content\\\/uploads\\\/2025\\\/07\\\/LOGOTYPE--e1757420449423.png\",\"contentUrl\":\"https:\\\/\\\/www.atelierdesgazelles.com\\\/wp-content\\\/uploads\\\/2025\\\/07\\\/LOGOTYPE--e1757420449423.png\",\"width\":500,\"height\":498,\"caption\":\"Atelier des Gazelles\"},\"image\":{\"@id\":\"https:\\\/\\\/www.atelierdesgazelles.com\\\/de\\\/#\\\/schema\\\/logo\\\/image\\\/\"},\"sameAs\":[\"https:\\\/\\\/www.facebook.com\\\/people\\\/LAtelier-Des-Gazelles\\\/61573097917505\\\/\",\"https:\\\/\\\/www.youtube.com\\\/channel\\\/UCIjVXLt-UMv85l9CpZ_PtLw\",\"https:\\\/\\\/www.instagram.com\\\/l_atelierdesgazelles\\\/?igsh=NXcxOWpzZXRoZ2Nn&utm_source=qr\"]}]}<\/script>\n<!-- \/ Yoast SEO plugin. -->","yoast_head_json":{"title":"Hochwertiger Schiffbau - Atelier des Gazelles%","robots":{"index":"index","follow":"follow","max-snippet":"max-snippet:-1","max-image-preview":"max-image-preview:large","max-video-preview":"max-video-preview:-1"},"canonical":"https:\/\/www.atelierdesgazelles.com\/de\/hochwertiger-schiffbau\/","og_locale":"de_DE","og_type":"article","og_title":"Hochwertiger Schiffbau - Atelier des Gazelles%","og_description":"Les Ateliers de des Gazelles haben sich schon immer daf\u00fcr [...]","og_url":"https:\/\/www.atelierdesgazelles.com\/de\/hochwertiger-schiffbau\/","og_site_name":"Atelier des Gazelles","article_publisher":"https:\/\/www.facebook.com\/people\/LAtelier-Des-Gazelles\/61573097917505\/","og_image":[{"width":2461,"height":2461,"url":"https:\/\/www.atelierdesgazelles.com\/wp-content\/uploads\/2024\/07\/IMG_7250.jpg","type":"image\/jpeg"}],"twitter_card":"summary_large_image","twitter_misc":{"Gesch\u00e4tzte Lesezeit":"1\u00a0Minute"},"schema":{"@context":"https:\/\/schema.org","@graph":[{"@type":"WebPage","@id":"https:\/\/www.atelierdesgazelles.com\/de\/hochwertiger-schiffbau\/","url":"https:\/\/www.atelierdesgazelles.com\/de\/hochwertiger-schiffbau\/","name":"Hochwertiger Schiffbau - Atelier des Gazelles%","isPartOf":{"@id":"https:\/\/www.atelierdesgazelles.com\/de\/#website"},"primaryImageOfPage":{"@id":"https:\/\/www.atelierdesgazelles.com\/de\/hochwertiger-schiffbau\/#primaryimage"},"image":{"@id":"https:\/\/www.atelierdesgazelles.com\/de\/hochwertiger-schiffbau\/#primaryimage"},"thumbnailUrl":"https:\/\/www.atelierdesgazelles.com\/wp-content\/uploads\/2024\/07\/IMG_7250.jpg","datePublished":"2025-11-19T16:46:48+00:00","breadcrumb":{"@id":"https:\/\/www.atelierdesgazelles.com\/de\/hochwertiger-schiffbau\/#breadcrumb"},"inLanguage":"de","potentialAction":[{"@type":"ReadAction","target":["https:\/\/www.atelierdesgazelles.com\/de\/hochwertiger-schiffbau\/"]}]},{"@type":"ImageObject","inLanguage":"de","@id":"https:\/\/www.atelierdesgazelles.com\/de\/hochwertiger-schiffbau\/#primaryimage","url":"https:\/\/www.atelierdesgazelles.com\/wp-content\/uploads\/2024\/07\/IMG_7250.jpg","contentUrl":"https:\/\/www.atelierdesgazelles.com\/wp-content\/uploads\/2024\/07\/IMG_7250.jpg","width":2461,"height":2461},{"@type":"BreadcrumbList","@id":"https:\/\/www.atelierdesgazelles.com\/de\/hochwertiger-schiffbau\/#breadcrumb","itemListElement":[{"@type":"ListItem","position":1,"name":"Accueil","item":"https:\/\/www.atelierdesgazelles.com\/de\/"},{"@type":"ListItem","position":2,"name":"Hochwertiger Schiffbau"}]},{"@type":"WebSite","@id":"https:\/\/www.atelierdesgazelles.com\/de\/#website","url":"https:\/\/www.atelierdesgazelles.com\/de\/","name":"l'Atelier des Gazelles","description":"Franz\u00f6sischer Hersteller von transportablen Booten und kleinen Segelbooten","publisher":{"@id":"https:\/\/www.atelierdesgazelles.com\/de\/#organization"},"potentialAction":[{"@type":"SearchAction","target":{"@type":"EntryPoint","urlTemplate":"https:\/\/www.atelierdesgazelles.com\/de\/?s={search_term_string}"},"query-input":{"@type":"PropertyValueSpecification","valueRequired":true,"valueName":"search_term_string"}}],"inLanguage":"de"},{"@type":"Organization","@id":"https:\/\/www.atelierdesgazelles.com\/de\/#organization","name":"Atelier des Gazelles","url":"https:\/\/www.atelierdesgazelles.com\/de\/","logo":{"@type":"ImageObject","inLanguage":"de","@id":"https:\/\/www.atelierdesgazelles.com\/de\/#\/schema\/logo\/image\/","url":"https:\/\/www.atelierdesgazelles.com\/wp-content\/uploads\/2025\/07\/LOGOTYPE--e1757420449423.png","contentUrl":"https:\/\/www.atelierdesgazelles.com\/wp-content\/uploads\/2025\/07\/LOGOTYPE--e1757420449423.png","width":500,"height":498,"caption":"Atelier des Gazelles"},"image":{"@id":"https:\/\/www.atelierdesgazelles.com\/de\/#\/schema\/logo\/image\/"},"sameAs":["https:\/\/www.facebook.com\/people\/LAtelier-Des-Gazelles\/61573097917505\/","https:\/\/www.youtube.com\/channel\/UCIjVXLt-UMv85l9CpZ_PtLw","https:\/\/www.instagram.com\/l_atelierdesgazelles\/?igsh=NXcxOWpzZXRoZ2Nn&utm_source=qr"]}]}},"_links":{"self":[{"href":"https:\/\/www.atelierdesgazelles.com\/de\/wp-json\/wp\/v2\/pages\/28675","targetHints":{"allow":["GET"]}}],"collection":[{"href":"https:\/\/www.atelierdesgazelles.com\/de\/wp-json\/wp\/v2\/pages"}],"about":[{"href":"https:\/\/www.atelierdesgazelles.com\/de\/wp-json\/wp\/v2\/types\/page"}],"author":[{"embeddable":true,"href":"https:\/\/www.atelierdesgazelles.com\/de\/wp-json\/wp\/v2\/users\/1"}],"replies":[{"embeddable":true,"href":"https:\/\/www.atelierdesgazelles.com\/de\/wp-json\/wp\/v2\/comments?post=28675"}],"version-history":[{"count":0,"href":"https:\/\/www.atelierdesgazelles.com\/de\/wp-json\/wp\/v2\/pages\/28675\/revisions"}],"wp:featuredmedia":[{"embeddable":true,"href":"https:\/\/www.atelierdesgazelles.com\/de\/wp-json\/wp\/v2\/media\/22941"}],"wp:attachment":[{"href":"https:\/\/www.atelierdesgazelles.com\/de\/wp-json\/wp\/v2\/media?parent=28675"}],"curies":[{"name":"wp","href":"https:\/\/api.w.org\/{rel}","templated":true}]}}