{"id":28667,"date":"2025-11-19T17:40:10","date_gmt":"2025-11-19T16:40:10","guid":{"rendered":"https:\/\/www.atelierdesgazelles.com\/qualitaetscharta\/durchdachte-segel\/"},"modified":"2025-11-19T17:40:10","modified_gmt":"2025-11-19T16:40:10","slug":"durchdachte-segel","status":"publish","type":"page","link":"https:\/\/www.atelierdesgazelles.com\/de\/qualitaetscharta\/durchdachte-segel\/","title":{"rendered":"Durchdachte Segel"},"content":{"rendered":"<p>Alle Segelboote der Ateliers de La Gazelle des Sables fesseln und am\u00fcsieren die Liebhaber von Wind, Wellen und Wassersport.<\/p>\n<h2>Kein Baum<\/h2>\n<p>Die <strong>baumlosen<\/strong> Auric-Segel lassen sich in Sekundenschnelle leicht modulieren und sorgen f\u00fcr maximalen Spa\u00df bei allen Geschwindigkeiten.<\/p>\n<h2>Eine modulierbare und erweiterbare Einrichtung<\/h2>\n<p><img decoding=\"async\" class=\"lazyload size-full wp-image-28663 alignright\" src=\"https:\/\/www.atelierdesgazelles.com\/wp-content\/uploads\/2025\/11\/Voiles-gazelle-iles-300x350-1.jpg\" data-orig-src=\"https:\/\/www.atelierdesgazelles.com\/wp-content\/uploads\/2025\/11\/Voiles-gazelle-iles-300x350-1.jpg\" alt=\"\" width=\"300\" height=\"350\" srcset=\"data:image\/svg+xml,%3Csvg%20xmlns%3D%27http%3A%2F%2Fwww.w3.org%2F2000%2Fsvg%27%20width%3D%27300%27%20height%3D%27350%27%20viewBox%3D%270%200%20300%20350%27%3E%3Crect%20width%3D%27300%27%20height%3D%27350%27%20fill-opacity%3D%220%22%2F%3E%3C%2Fsvg%3E\" data-srcset=\"https:\/\/www.atelierdesgazelles.com\/wp-content\/uploads\/2025\/11\/Voiles-gazelle-iles-300x350-1-200x233.jpg 200w, https:\/\/www.atelierdesgazelles.com\/wp-content\/uploads\/2025\/11\/Voiles-gazelle-iles-300x350-1-257x300.jpg 257w, https:\/\/www.atelierdesgazelles.com\/wp-content\/uploads\/2025\/11\/Voiles-gazelle-iles-300x350-1.jpg 300w\" data-sizes=\"auto\" data-orig-sizes=\"(max-width: 300px) 100vw, 300px\" \/><\/p>\n<p>Je nach Lust und Laune k\u00f6nnen Sie die Freuden von 1 bis 6 Segeln gleichzeitig genie\u00dfen. Ihre Yacht kann als Katamaran, Aurikutter, Aurikloop oder Aurikschoner ausger\u00fcstet werden. <\/p>\n<p>So sind alle unsere Boote in einer Vielzahl von Kombinationen erh\u00e4ltlich, die einfach zu segeln und leicht anzupassen sind, ohne dass Sie auf das Vergn\u00fcgen eines sehr gut ausbalancierten Segelbootes verzichten m\u00fcssen: <strong>ein so genannter &#8222;fraktionierter Auric-Segelplan&#8220;, der am einfachsten zu segeln<\/strong> ist!<\/p>\n<p>&nbsp;<\/p>\n<p>&nbsp;<\/p>\n<p>&nbsp;<\/p>\n<h2>Selbstwendende Segel<\/h2>\n<p>Die meisten Segel sind selbststeuernd, d.h. <strong>sie nehmen<\/strong> bei jedem Man\u00f6ver <strong>automatisch ihre Position ein<\/strong>. Dadurch k\u00f6nnen die erfahrensten Segler bis zu 6 Segel gleichzeitig setzen. <\/p>\n<p><img decoding=\"async\" class=\"lazyload size-full wp-image-28660 alignright\" src=\"https:\/\/www.atelierdesgazelles.com\/wp-content\/uploads\/2025\/11\/2-positions-300x381-1.png\" data-orig-src=\"https:\/\/www.atelierdesgazelles.com\/wp-content\/uploads\/2025\/11\/2-positions-300x381-1.png\" alt=\"\" width=\"300\" height=\"381\" srcset=\"data:image\/svg+xml,%3Csvg%20xmlns%3D%27http%3A%2F%2Fwww.w3.org%2F2000%2Fsvg%27%20width%3D%27300%27%20height%3D%27381%27%20viewBox%3D%270%200%20300%20381%27%3E%3Crect%20width%3D%27300%27%20height%3D%27381%27%20fill-opacity%3D%220%22%2F%3E%3C%2Fsvg%3E\" data-srcset=\"https:\/\/www.atelierdesgazelles.com\/wp-content\/uploads\/2025\/11\/2-positions-300x381-1-200x254.png 200w, https:\/\/www.atelierdesgazelles.com\/wp-content\/uploads\/2025\/11\/2-positions-300x381-1-236x300.png 236w, https:\/\/www.atelierdesgazelles.com\/wp-content\/uploads\/2025\/11\/2-positions-300x381-1.png 300w\" data-sizes=\"auto\" data-orig-sizes=\"(max-width: 300px) 100vw, 300px\" \/><\/p>\n<p>Macht immer unter Kontrolle.<\/p>\n<p>&nbsp;<\/p>\n<h2>2 Positionen f\u00fcr den Mast<\/h2>\n<p>Bei einem Katamaran befindet sich der Mast ganz vorne auf dem Boot. Das abnehmbare Stevendeck bietet einen gro\u00dfen Innenraum und verschiedene Sitzgelegenheiten f\u00fcr maximale Ergonomie. <\/p>\n<p>Bei Kutter- und Sloopschiffen wird der Mast nach achtern gestellt, so dass eine oder mehrere Focks leicht zu bedienen sind, ohne den Komfort zu beeintr\u00e4chtigen.<\/p>\n<p>&nbsp;<\/p>\n<p>&nbsp;<\/p>\n<h2>Wie w\u00e4hlen Sie?<\/h2>\n<p>F\u00fcr ein tolerantes Material, um die ersten Runden zu meistern, sind ein oder zwei Segel die Quelle des unmittelbaren Gef\u00fchls.<\/p>\n<p>F\u00fcr die Liebhaber der Kraft wird das gleichzeitige Tragen von 4 oder sogar 6 selbststeuernden Segeln eine Quelle endlosen Vergn\u00fcgens sein.<\/p>\n<p><img decoding=\"async\" class=\"lazyload alignnone size-full wp-image-28657\" src=\"https:\/\/www.atelierdesgazelles.com\/wp-content\/uploads\/2025\/11\/Sans-titre.jpg\" data-orig-src=\"https:\/\/www.atelierdesgazelles.com\/wp-content\/uploads\/2025\/11\/Sans-titre.jpg\" alt=\"\" width=\"632\" height=\"843\" srcset=\"data:image\/svg+xml,%3Csvg%20xmlns%3D%27http%3A%2F%2Fwww.w3.org%2F2000%2Fsvg%27%20width%3D%27632%27%20height%3D%27843%27%20viewBox%3D%270%200%20632%20843%27%3E%3Crect%20width%3D%27632%27%20height%3D%27843%27%20fill-opacity%3D%220%22%2F%3E%3C%2Fsvg%3E\" data-srcset=\"https:\/\/www.atelierdesgazelles.com\/wp-content\/uploads\/2025\/11\/Sans-titre-200x267.jpg 200w, https:\/\/www.atelierdesgazelles.com\/wp-content\/uploads\/2025\/11\/Sans-titre-225x300.jpg 225w, https:\/\/www.atelierdesgazelles.com\/wp-content\/uploads\/2025\/11\/Sans-titre-400x534.jpg 400w, https:\/\/www.atelierdesgazelles.com\/wp-content\/uploads\/2025\/11\/Sans-titre-500x667.jpg 500w, https:\/\/www.atelierdesgazelles.com\/wp-content\/uploads\/2025\/11\/Sans-titre-600x800.jpg 600w, https:\/\/www.atelierdesgazelles.com\/wp-content\/uploads\/2025\/11\/Sans-titre.jpg 632w\" data-sizes=\"auto\" data-orig-sizes=\"(max-width: 632px) 100vw, 632px\" \/><\/p>\n<p>&nbsp;<\/p>\n","protected":false},"excerpt":{"rendered":"<p>Alle Segelboote der Ateliers de La Gazelle des Sables fesseln  [&#8230;]<\/p>\n","protected":false},"author":1,"featured_media":22941,"parent":28617,"menu_order":0,"comment_status":"closed","ping_status":"closed","template":"","meta":{"_acf_changed":false,"inline_featured_image":false,"footnotes":""},"class_list":["post-28667","page","type-page","status-publish","has-post-thumbnail","hentry"],"acf":[],"yoast_head":"<!-- This site is optimized with the Yoast SEO plugin v27.4 - https:\/\/yoast.com\/product\/yoast-seo-wordpress\/ -->\n<title>Durchdachte Segel - Atelier des Gazelles%<\/title>\n<meta name=\"robots\" content=\"index, follow, max-snippet:-1, max-image-preview:large, max-video-preview:-1\" \/>\n<link rel=\"canonical\" href=\"https:\/\/www.atelierdesgazelles.com\/de\/qualitaetscharta\/durchdachte-segel\/\" \/>\n<meta property=\"og:locale\" content=\"de_DE\" \/>\n<meta property=\"og:type\" content=\"article\" \/>\n<meta property=\"og:title\" content=\"Durchdachte Segel - Atelier des Gazelles%\" \/>\n<meta property=\"og:description\" content=\"Alle Segelboote der Ateliers de La Gazelle des Sables fesseln [...]\" \/>\n<meta property=\"og:url\" content=\"https:\/\/www.atelierdesgazelles.com\/de\/qualitaetscharta\/durchdachte-segel\/\" \/>\n<meta property=\"og:site_name\" content=\"Atelier des Gazelles\" \/>\n<meta property=\"article:publisher\" content=\"https:\/\/www.facebook.com\/people\/LAtelier-Des-Gazelles\/61573097917505\/\" \/>\n<meta property=\"og:image\" content=\"https:\/\/www.atelierdesgazelles.com\/wp-content\/uploads\/2024\/07\/IMG_7250.jpg\" \/>\n\t<meta property=\"og:image:width\" content=\"2461\" \/>\n\t<meta property=\"og:image:height\" content=\"2461\" \/>\n\t<meta property=\"og:image:type\" content=\"image\/jpeg\" \/>\n<meta name=\"twitter:card\" content=\"summary_large_image\" \/>\n<meta name=\"twitter:label1\" content=\"Gesch\u00e4tzte Lesezeit\" \/>\n\t<meta name=\"twitter:data1\" content=\"1\u00a0Minute\" \/>\n<script type=\"application\/ld+json\" class=\"yoast-schema-graph\">{\"@context\":\"https:\\\/\\\/schema.org\",\"@graph\":[{\"@type\":\"WebPage\",\"@id\":\"https:\\\/\\\/www.atelierdesgazelles.com\\\/de\\\/qualitaetscharta\\\/durchdachte-segel\\\/\",\"url\":\"https:\\\/\\\/www.atelierdesgazelles.com\\\/de\\\/qualitaetscharta\\\/durchdachte-segel\\\/\",\"name\":\"Durchdachte Segel - Atelier des Gazelles%\",\"isPartOf\":{\"@id\":\"https:\\\/\\\/www.atelierdesgazelles.com\\\/de\\\/#website\"},\"primaryImageOfPage\":{\"@id\":\"https:\\\/\\\/www.atelierdesgazelles.com\\\/de\\\/qualitaetscharta\\\/durchdachte-segel\\\/#primaryimage\"},\"image\":{\"@id\":\"https:\\\/\\\/www.atelierdesgazelles.com\\\/de\\\/qualitaetscharta\\\/durchdachte-segel\\\/#primaryimage\"},\"thumbnailUrl\":\"https:\\\/\\\/www.atelierdesgazelles.com\\\/wp-content\\\/uploads\\\/2024\\\/07\\\/IMG_7250.jpg\",\"datePublished\":\"2025-11-19T16:40:10+00:00\",\"breadcrumb\":{\"@id\":\"https:\\\/\\\/www.atelierdesgazelles.com\\\/de\\\/qualitaetscharta\\\/durchdachte-segel\\\/#breadcrumb\"},\"inLanguage\":\"de\",\"potentialAction\":[{\"@type\":\"ReadAction\",\"target\":[\"https:\\\/\\\/www.atelierdesgazelles.com\\\/de\\\/qualitaetscharta\\\/durchdachte-segel\\\/\"]}]},{\"@type\":\"ImageObject\",\"inLanguage\":\"de\",\"@id\":\"https:\\\/\\\/www.atelierdesgazelles.com\\\/de\\\/qualitaetscharta\\\/durchdachte-segel\\\/#primaryimage\",\"url\":\"https:\\\/\\\/www.atelierdesgazelles.com\\\/wp-content\\\/uploads\\\/2024\\\/07\\\/IMG_7250.jpg\",\"contentUrl\":\"https:\\\/\\\/www.atelierdesgazelles.com\\\/wp-content\\\/uploads\\\/2024\\\/07\\\/IMG_7250.jpg\",\"width\":2461,\"height\":2461},{\"@type\":\"BreadcrumbList\",\"@id\":\"https:\\\/\\\/www.atelierdesgazelles.com\\\/de\\\/qualitaetscharta\\\/durchdachte-segel\\\/#breadcrumb\",\"itemListElement\":[{\"@type\":\"ListItem\",\"position\":1,\"name\":\"Accueil\",\"item\":\"https:\\\/\\\/www.atelierdesgazelles.com\\\/de\\\/\"},{\"@type\":\"ListItem\",\"position\":2,\"name\":\"Qualit\u00e4tscharta\",\"item\":\"https:\\\/\\\/www.atelierdesgazelles.com\\\/de\\\/qualitaetscharta\\\/\"},{\"@type\":\"ListItem\",\"position\":3,\"name\":\"Durchdachte Segel\"}]},{\"@type\":\"WebSite\",\"@id\":\"https:\\\/\\\/www.atelierdesgazelles.com\\\/de\\\/#website\",\"url\":\"https:\\\/\\\/www.atelierdesgazelles.com\\\/de\\\/\",\"name\":\"l'Atelier des Gazelles\",\"description\":\"Franz\u00f6sischer Hersteller von transportablen Booten und kleinen Segelbooten\",\"publisher\":{\"@id\":\"https:\\\/\\\/www.atelierdesgazelles.com\\\/de\\\/#organization\"},\"potentialAction\":[{\"@type\":\"SearchAction\",\"target\":{\"@type\":\"EntryPoint\",\"urlTemplate\":\"https:\\\/\\\/www.atelierdesgazelles.com\\\/de\\\/?s={search_term_string}\"},\"query-input\":{\"@type\":\"PropertyValueSpecification\",\"valueRequired\":true,\"valueName\":\"search_term_string\"}}],\"inLanguage\":\"de\"},{\"@type\":\"Organization\",\"@id\":\"https:\\\/\\\/www.atelierdesgazelles.com\\\/de\\\/#organization\",\"name\":\"Atelier des Gazelles\",\"url\":\"https:\\\/\\\/www.atelierdesgazelles.com\\\/de\\\/\",\"logo\":{\"@type\":\"ImageObject\",\"inLanguage\":\"de\",\"@id\":\"https:\\\/\\\/www.atelierdesgazelles.com\\\/de\\\/#\\\/schema\\\/logo\\\/image\\\/\",\"url\":\"https:\\\/\\\/www.atelierdesgazelles.com\\\/wp-content\\\/uploads\\\/2025\\\/07\\\/LOGOTYPE--e1757420449423.png\",\"contentUrl\":\"https:\\\/\\\/www.atelierdesgazelles.com\\\/wp-content\\\/uploads\\\/2025\\\/07\\\/LOGOTYPE--e1757420449423.png\",\"width\":500,\"height\":498,\"caption\":\"Atelier des Gazelles\"},\"image\":{\"@id\":\"https:\\\/\\\/www.atelierdesgazelles.com\\\/de\\\/#\\\/schema\\\/logo\\\/image\\\/\"},\"sameAs\":[\"https:\\\/\\\/www.facebook.com\\\/people\\\/LAtelier-Des-Gazelles\\\/61573097917505\\\/\",\"https:\\\/\\\/www.youtube.com\\\/channel\\\/UCIjVXLt-UMv85l9CpZ_PtLw\",\"https:\\\/\\\/www.instagram.com\\\/l_atelierdesgazelles\\\/?igsh=NXcxOWpzZXRoZ2Nn&utm_source=qr\"]}]}<\/script>\n<!-- \/ Yoast SEO plugin. -->","yoast_head_json":{"title":"Durchdachte Segel - Atelier des Gazelles%","robots":{"index":"index","follow":"follow","max-snippet":"max-snippet:-1","max-image-preview":"max-image-preview:large","max-video-preview":"max-video-preview:-1"},"canonical":"https:\/\/www.atelierdesgazelles.com\/de\/qualitaetscharta\/durchdachte-segel\/","og_locale":"de_DE","og_type":"article","og_title":"Durchdachte Segel - Atelier des Gazelles%","og_description":"Alle Segelboote der Ateliers de La Gazelle des Sables fesseln [...]","og_url":"https:\/\/www.atelierdesgazelles.com\/de\/qualitaetscharta\/durchdachte-segel\/","og_site_name":"Atelier des Gazelles","article_publisher":"https:\/\/www.facebook.com\/people\/LAtelier-Des-Gazelles\/61573097917505\/","og_image":[{"width":2461,"height":2461,"url":"https:\/\/www.atelierdesgazelles.com\/wp-content\/uploads\/2024\/07\/IMG_7250.jpg","type":"image\/jpeg"}],"twitter_card":"summary_large_image","twitter_misc":{"Gesch\u00e4tzte Lesezeit":"1\u00a0Minute"},"schema":{"@context":"https:\/\/schema.org","@graph":[{"@type":"WebPage","@id":"https:\/\/www.atelierdesgazelles.com\/de\/qualitaetscharta\/durchdachte-segel\/","url":"https:\/\/www.atelierdesgazelles.com\/de\/qualitaetscharta\/durchdachte-segel\/","name":"Durchdachte Segel - Atelier des Gazelles%","isPartOf":{"@id":"https:\/\/www.atelierdesgazelles.com\/de\/#website"},"primaryImageOfPage":{"@id":"https:\/\/www.atelierdesgazelles.com\/de\/qualitaetscharta\/durchdachte-segel\/#primaryimage"},"image":{"@id":"https:\/\/www.atelierdesgazelles.com\/de\/qualitaetscharta\/durchdachte-segel\/#primaryimage"},"thumbnailUrl":"https:\/\/www.atelierdesgazelles.com\/wp-content\/uploads\/2024\/07\/IMG_7250.jpg","datePublished":"2025-11-19T16:40:10+00:00","breadcrumb":{"@id":"https:\/\/www.atelierdesgazelles.com\/de\/qualitaetscharta\/durchdachte-segel\/#breadcrumb"},"inLanguage":"de","potentialAction":[{"@type":"ReadAction","target":["https:\/\/www.atelierdesgazelles.com\/de\/qualitaetscharta\/durchdachte-segel\/"]}]},{"@type":"ImageObject","inLanguage":"de","@id":"https:\/\/www.atelierdesgazelles.com\/de\/qualitaetscharta\/durchdachte-segel\/#primaryimage","url":"https:\/\/www.atelierdesgazelles.com\/wp-content\/uploads\/2024\/07\/IMG_7250.jpg","contentUrl":"https:\/\/www.atelierdesgazelles.com\/wp-content\/uploads\/2024\/07\/IMG_7250.jpg","width":2461,"height":2461},{"@type":"BreadcrumbList","@id":"https:\/\/www.atelierdesgazelles.com\/de\/qualitaetscharta\/durchdachte-segel\/#breadcrumb","itemListElement":[{"@type":"ListItem","position":1,"name":"Accueil","item":"https:\/\/www.atelierdesgazelles.com\/de\/"},{"@type":"ListItem","position":2,"name":"Qualit\u00e4tscharta","item":"https:\/\/www.atelierdesgazelles.com\/de\/qualitaetscharta\/"},{"@type":"ListItem","position":3,"name":"Durchdachte Segel"}]},{"@type":"WebSite","@id":"https:\/\/www.atelierdesgazelles.com\/de\/#website","url":"https:\/\/www.atelierdesgazelles.com\/de\/","name":"l'Atelier des Gazelles","description":"Franz\u00f6sischer Hersteller von transportablen Booten und kleinen Segelbooten","publisher":{"@id":"https:\/\/www.atelierdesgazelles.com\/de\/#organization"},"potentialAction":[{"@type":"SearchAction","target":{"@type":"EntryPoint","urlTemplate":"https:\/\/www.atelierdesgazelles.com\/de\/?s={search_term_string}"},"query-input":{"@type":"PropertyValueSpecification","valueRequired":true,"valueName":"search_term_string"}}],"inLanguage":"de"},{"@type":"Organization","@id":"https:\/\/www.atelierdesgazelles.com\/de\/#organization","name":"Atelier des Gazelles","url":"https:\/\/www.atelierdesgazelles.com\/de\/","logo":{"@type":"ImageObject","inLanguage":"de","@id":"https:\/\/www.atelierdesgazelles.com\/de\/#\/schema\/logo\/image\/","url":"https:\/\/www.atelierdesgazelles.com\/wp-content\/uploads\/2025\/07\/LOGOTYPE--e1757420449423.png","contentUrl":"https:\/\/www.atelierdesgazelles.com\/wp-content\/uploads\/2025\/07\/LOGOTYPE--e1757420449423.png","width":500,"height":498,"caption":"Atelier des Gazelles"},"image":{"@id":"https:\/\/www.atelierdesgazelles.com\/de\/#\/schema\/logo\/image\/"},"sameAs":["https:\/\/www.facebook.com\/people\/LAtelier-Des-Gazelles\/61573097917505\/","https:\/\/www.youtube.com\/channel\/UCIjVXLt-UMv85l9CpZ_PtLw","https:\/\/www.instagram.com\/l_atelierdesgazelles\/?igsh=NXcxOWpzZXRoZ2Nn&utm_source=qr"]}]}},"_links":{"self":[{"href":"https:\/\/www.atelierdesgazelles.com\/de\/wp-json\/wp\/v2\/pages\/28667","targetHints":{"allow":["GET"]}}],"collection":[{"href":"https:\/\/www.atelierdesgazelles.com\/de\/wp-json\/wp\/v2\/pages"}],"about":[{"href":"https:\/\/www.atelierdesgazelles.com\/de\/wp-json\/wp\/v2\/types\/page"}],"author":[{"embeddable":true,"href":"https:\/\/www.atelierdesgazelles.com\/de\/wp-json\/wp\/v2\/users\/1"}],"replies":[{"embeddable":true,"href":"https:\/\/www.atelierdesgazelles.com\/de\/wp-json\/wp\/v2\/comments?post=28667"}],"version-history":[{"count":0,"href":"https:\/\/www.atelierdesgazelles.com\/de\/wp-json\/wp\/v2\/pages\/28667\/revisions"}],"up":[{"embeddable":true,"href":"https:\/\/www.atelierdesgazelles.com\/de\/wp-json\/wp\/v2\/pages\/28617"}],"wp:featuredmedia":[{"embeddable":true,"href":"https:\/\/www.atelierdesgazelles.com\/de\/wp-json\/wp\/v2\/media\/22941"}],"wp:attachment":[{"href":"https:\/\/www.atelierdesgazelles.com\/de\/wp-json\/wp\/v2\/media?parent=28667"}],"curies":[{"name":"wp","href":"https:\/\/api.w.org\/{rel}","templated":true}]}}