{"id":28655,"date":"2025-11-19T17:16:37","date_gmt":"2025-11-19T16:16:37","guid":{"rendered":"https:\/\/www.atelierdesgazelles.com\/qualitaetscharta\/kielballast\/"},"modified":"2025-11-19T17:16:37","modified_gmt":"2025-11-19T16:16:37","slug":"kielballast","status":"publish","type":"page","link":"https:\/\/www.atelierdesgazelles.com\/de\/qualitaetscharta\/kielballast\/","title":{"rendered":"Kielballast"},"content":{"rendered":"<p>Kompakte, komfortable und leistungsf\u00e4hige Boote f\u00fcr maximalen Spa\u00df und minimale Einschr\u00e4nkungen?  <\/p>\n<p>Die Ateliers von La Gazelle des Sables haben sich die ideale L\u00f6sung ausgedacht, die besonders raffiniert ist: Das Ballastsystem erm\u00f6glicht es, den Unterwasserteil des Bootes automatisch zu beschweren. Der Kiel f\u00fcllt sich in wenigen Minuten, wenn er zu Wasser gelassen wird, indem er die Luft durch eine Entl\u00fcftung ausst\u00f6\u00dft. Er entleert sich selbst, wenn er aus dem Wasser kommt &#8211; einfach wie Archimedes!  <\/p>\n<p><img decoding=\"async\" class=\"lazyload alignnone wp-image-28649 size-full\" title=\"Ballastdiagramm Kiel der Sandgazelle\" src=\"https:\/\/www.atelierdesgazelles.com\/wp-content\/uploads\/2025\/11\/gazelle_ballast.jpg\" data-orig-src=\"https:\/\/www.atelierdesgazelles.com\/wp-content\/uploads\/2025\/11\/gazelle_ballast.jpg\" alt=\"Ballastdiagramm Kiel der Sandgazelle\" width=\"722\" height=\"277\" srcset=\"data:image\/svg+xml,%3Csvg%20xmlns%3D%27http%3A%2F%2Fwww.w3.org%2F2000%2Fsvg%27%20width%3D%27722%27%20height%3D%27277%27%20viewBox%3D%270%200%20722%20277%27%3E%3Crect%20width%3D%27722%27%20height%3D%27277%27%20fill-opacity%3D%220%22%2F%3E%3C%2Fsvg%3E\" data-srcset=\"https:\/\/www.atelierdesgazelles.com\/wp-content\/uploads\/2025\/11\/gazelle_ballast-200x77.jpg 200w, https:\/\/www.atelierdesgazelles.com\/wp-content\/uploads\/2025\/11\/gazelle_ballast-300x115.jpg 300w, https:\/\/www.atelierdesgazelles.com\/wp-content\/uploads\/2025\/11\/gazelle_ballast-400x153.jpg 400w, https:\/\/www.atelierdesgazelles.com\/wp-content\/uploads\/2025\/11\/gazelle_ballast-500x192.jpg 500w, https:\/\/www.atelierdesgazelles.com\/wp-content\/uploads\/2025\/11\/gazelle_ballast-600x230.jpg 600w, https:\/\/www.atelierdesgazelles.com\/wp-content\/uploads\/2025\/11\/gazelle_ballast-700x269.jpg 700w, https:\/\/www.atelierdesgazelles.com\/wp-content\/uploads\/2025\/11\/gazelle_ballast.jpg 722w\" data-sizes=\"auto\" data-orig-sizes=\"(max-width: 722px) 100vw, 722px\" \/><\/p>\n<p>Seine Vorteile :<\/p>\n<ol>\n<li>Optimale Sicherheit: schwer zu kentern, einige Boote sind sogar <strong>als selbstaufrichtend<\/strong> getestet.<\/li>\n<li>Absolute Einfachheit: keine Pumpe, kein Riegel, keine Wartung, verwirrende Leichtigkeit bei der Handhabung.<\/li>\n<li>Ein absolut ebener Boden: kein Platzbedarf, kein Driftschacht, keine Verhakung<\/li>\n<li>Mehr Komfort f\u00fcr gemeinsame Segelt\u00f6rns mit der Familie oder mit Freunden: Der gro\u00dfe Innenraum l\u00e4sst sich mit B\u00e4nken, Sitzen und Cockpitm\u00f6beln nach Ihren W\u00fcnschen gestalten.<\/li>\n<li>Mehr Spa\u00df am Ruder: stabile Boote, leistungsf\u00e4hige Segelboote, die dank eines Anti-Drift-Plans, der effektiver als ein einfaches Schwert ist, auch gegen den Wind begeistern.<\/li>\n<li>Mehr Spa\u00df f\u00fcr jeden Ihrer Crewmitglieder: mit einem Segelplan, der tolerant f\u00fcr den Anfang ist und sich bis zur \u00dcberpowerung steigert, je nach Tempo des Einzelnen.<\/li>\n<\/ol>\n","protected":false},"excerpt":{"rendered":"<p>Kompakte, komfortable und leistungsf\u00e4hige Boote f\u00fcr maximalen Spa\u00df und minimale  [&#8230;]<\/p>\n","protected":false},"author":1,"featured_media":22941,"parent":28617,"menu_order":0,"comment_status":"closed","ping_status":"closed","template":"","meta":{"_acf_changed":false,"inline_featured_image":false,"footnotes":""},"class_list":["post-28655","page","type-page","status-publish","has-post-thumbnail","hentry"],"acf":[],"yoast_head":"<!-- This site is optimized with the Yoast SEO plugin v27.4 - https:\/\/yoast.com\/product\/yoast-seo-wordpress\/ -->\n<title>Kielballast - Atelier des Gazelles%<\/title>\n<meta name=\"robots\" content=\"index, follow, max-snippet:-1, max-image-preview:large, max-video-preview:-1\" \/>\n<link rel=\"canonical\" href=\"https:\/\/www.atelierdesgazelles.com\/de\/qualitaetscharta\/kielballast\/\" \/>\n<meta property=\"og:locale\" content=\"de_DE\" \/>\n<meta property=\"og:type\" content=\"article\" \/>\n<meta property=\"og:title\" content=\"Kielballast - Atelier des Gazelles%\" \/>\n<meta property=\"og:description\" content=\"Kompakte, komfortable und leistungsf\u00e4hige Boote f\u00fcr maximalen Spa\u00df und minimale [...]\" \/>\n<meta property=\"og:url\" content=\"https:\/\/www.atelierdesgazelles.com\/de\/qualitaetscharta\/kielballast\/\" \/>\n<meta property=\"og:site_name\" content=\"Atelier des Gazelles\" \/>\n<meta property=\"article:publisher\" content=\"https:\/\/www.facebook.com\/people\/LAtelier-Des-Gazelles\/61573097917505\/\" \/>\n<meta property=\"og:image\" content=\"https:\/\/www.atelierdesgazelles.com\/wp-content\/uploads\/2024\/07\/IMG_7250.jpg\" \/>\n\t<meta property=\"og:image:width\" content=\"2461\" \/>\n\t<meta property=\"og:image:height\" content=\"2461\" \/>\n\t<meta property=\"og:image:type\" content=\"image\/jpeg\" \/>\n<meta name=\"twitter:card\" content=\"summary_large_image\" \/>\n<meta name=\"twitter:label1\" content=\"Gesch\u00e4tzte Lesezeit\" \/>\n\t<meta name=\"twitter:data1\" content=\"1\u00a0Minute\" \/>\n<script type=\"application\/ld+json\" class=\"yoast-schema-graph\">{\"@context\":\"https:\\\/\\\/schema.org\",\"@graph\":[{\"@type\":\"WebPage\",\"@id\":\"https:\\\/\\\/www.atelierdesgazelles.com\\\/de\\\/qualitaetscharta\\\/kielballast\\\/\",\"url\":\"https:\\\/\\\/www.atelierdesgazelles.com\\\/de\\\/qualitaetscharta\\\/kielballast\\\/\",\"name\":\"Kielballast - Atelier des Gazelles%\",\"isPartOf\":{\"@id\":\"https:\\\/\\\/www.atelierdesgazelles.com\\\/de\\\/#website\"},\"primaryImageOfPage\":{\"@id\":\"https:\\\/\\\/www.atelierdesgazelles.com\\\/de\\\/qualitaetscharta\\\/kielballast\\\/#primaryimage\"},\"image\":{\"@id\":\"https:\\\/\\\/www.atelierdesgazelles.com\\\/de\\\/qualitaetscharta\\\/kielballast\\\/#primaryimage\"},\"thumbnailUrl\":\"https:\\\/\\\/www.atelierdesgazelles.com\\\/wp-content\\\/uploads\\\/2024\\\/07\\\/IMG_7250.jpg\",\"datePublished\":\"2025-11-19T16:16:37+00:00\",\"breadcrumb\":{\"@id\":\"https:\\\/\\\/www.atelierdesgazelles.com\\\/de\\\/qualitaetscharta\\\/kielballast\\\/#breadcrumb\"},\"inLanguage\":\"de\",\"potentialAction\":[{\"@type\":\"ReadAction\",\"target\":[\"https:\\\/\\\/www.atelierdesgazelles.com\\\/de\\\/qualitaetscharta\\\/kielballast\\\/\"]}]},{\"@type\":\"ImageObject\",\"inLanguage\":\"de\",\"@id\":\"https:\\\/\\\/www.atelierdesgazelles.com\\\/de\\\/qualitaetscharta\\\/kielballast\\\/#primaryimage\",\"url\":\"https:\\\/\\\/www.atelierdesgazelles.com\\\/wp-content\\\/uploads\\\/2024\\\/07\\\/IMG_7250.jpg\",\"contentUrl\":\"https:\\\/\\\/www.atelierdesgazelles.com\\\/wp-content\\\/uploads\\\/2024\\\/07\\\/IMG_7250.jpg\",\"width\":2461,\"height\":2461},{\"@type\":\"BreadcrumbList\",\"@id\":\"https:\\\/\\\/www.atelierdesgazelles.com\\\/de\\\/qualitaetscharta\\\/kielballast\\\/#breadcrumb\",\"itemListElement\":[{\"@type\":\"ListItem\",\"position\":1,\"name\":\"Accueil\",\"item\":\"https:\\\/\\\/www.atelierdesgazelles.com\\\/de\\\/\"},{\"@type\":\"ListItem\",\"position\":2,\"name\":\"Qualit\u00e4tscharta\",\"item\":\"https:\\\/\\\/www.atelierdesgazelles.com\\\/de\\\/qualitaetscharta\\\/\"},{\"@type\":\"ListItem\",\"position\":3,\"name\":\"Kielballast\"}]},{\"@type\":\"WebSite\",\"@id\":\"https:\\\/\\\/www.atelierdesgazelles.com\\\/de\\\/#website\",\"url\":\"https:\\\/\\\/www.atelierdesgazelles.com\\\/de\\\/\",\"name\":\"l'Atelier des Gazelles\",\"description\":\"Franz\u00f6sischer Hersteller von transportablen Booten und kleinen Segelbooten\",\"publisher\":{\"@id\":\"https:\\\/\\\/www.atelierdesgazelles.com\\\/de\\\/#organization\"},\"potentialAction\":[{\"@type\":\"SearchAction\",\"target\":{\"@type\":\"EntryPoint\",\"urlTemplate\":\"https:\\\/\\\/www.atelierdesgazelles.com\\\/de\\\/?s={search_term_string}\"},\"query-input\":{\"@type\":\"PropertyValueSpecification\",\"valueRequired\":true,\"valueName\":\"search_term_string\"}}],\"inLanguage\":\"de\"},{\"@type\":\"Organization\",\"@id\":\"https:\\\/\\\/www.atelierdesgazelles.com\\\/de\\\/#organization\",\"name\":\"Atelier des Gazelles\",\"url\":\"https:\\\/\\\/www.atelierdesgazelles.com\\\/de\\\/\",\"logo\":{\"@type\":\"ImageObject\",\"inLanguage\":\"de\",\"@id\":\"https:\\\/\\\/www.atelierdesgazelles.com\\\/de\\\/#\\\/schema\\\/logo\\\/image\\\/\",\"url\":\"https:\\\/\\\/www.atelierdesgazelles.com\\\/wp-content\\\/uploads\\\/2025\\\/07\\\/LOGOTYPE--e1757420449423.png\",\"contentUrl\":\"https:\\\/\\\/www.atelierdesgazelles.com\\\/wp-content\\\/uploads\\\/2025\\\/07\\\/LOGOTYPE--e1757420449423.png\",\"width\":500,\"height\":498,\"caption\":\"Atelier des Gazelles\"},\"image\":{\"@id\":\"https:\\\/\\\/www.atelierdesgazelles.com\\\/de\\\/#\\\/schema\\\/logo\\\/image\\\/\"},\"sameAs\":[\"https:\\\/\\\/www.facebook.com\\\/people\\\/LAtelier-Des-Gazelles\\\/61573097917505\\\/\",\"https:\\\/\\\/www.youtube.com\\\/channel\\\/UCIjVXLt-UMv85l9CpZ_PtLw\",\"https:\\\/\\\/www.instagram.com\\\/l_atelierdesgazelles\\\/?igsh=NXcxOWpzZXRoZ2Nn&utm_source=qr\"]}]}<\/script>\n<!-- \/ Yoast SEO plugin. -->","yoast_head_json":{"title":"Kielballast - Atelier des Gazelles%","robots":{"index":"index","follow":"follow","max-snippet":"max-snippet:-1","max-image-preview":"max-image-preview:large","max-video-preview":"max-video-preview:-1"},"canonical":"https:\/\/www.atelierdesgazelles.com\/de\/qualitaetscharta\/kielballast\/","og_locale":"de_DE","og_type":"article","og_title":"Kielballast - Atelier des Gazelles%","og_description":"Kompakte, komfortable und leistungsf\u00e4hige Boote f\u00fcr maximalen Spa\u00df und minimale [...]","og_url":"https:\/\/www.atelierdesgazelles.com\/de\/qualitaetscharta\/kielballast\/","og_site_name":"Atelier des Gazelles","article_publisher":"https:\/\/www.facebook.com\/people\/LAtelier-Des-Gazelles\/61573097917505\/","og_image":[{"width":2461,"height":2461,"url":"https:\/\/www.atelierdesgazelles.com\/wp-content\/uploads\/2024\/07\/IMG_7250.jpg","type":"image\/jpeg"}],"twitter_card":"summary_large_image","twitter_misc":{"Gesch\u00e4tzte Lesezeit":"1\u00a0Minute"},"schema":{"@context":"https:\/\/schema.org","@graph":[{"@type":"WebPage","@id":"https:\/\/www.atelierdesgazelles.com\/de\/qualitaetscharta\/kielballast\/","url":"https:\/\/www.atelierdesgazelles.com\/de\/qualitaetscharta\/kielballast\/","name":"Kielballast - Atelier des Gazelles%","isPartOf":{"@id":"https:\/\/www.atelierdesgazelles.com\/de\/#website"},"primaryImageOfPage":{"@id":"https:\/\/www.atelierdesgazelles.com\/de\/qualitaetscharta\/kielballast\/#primaryimage"},"image":{"@id":"https:\/\/www.atelierdesgazelles.com\/de\/qualitaetscharta\/kielballast\/#primaryimage"},"thumbnailUrl":"https:\/\/www.atelierdesgazelles.com\/wp-content\/uploads\/2024\/07\/IMG_7250.jpg","datePublished":"2025-11-19T16:16:37+00:00","breadcrumb":{"@id":"https:\/\/www.atelierdesgazelles.com\/de\/qualitaetscharta\/kielballast\/#breadcrumb"},"inLanguage":"de","potentialAction":[{"@type":"ReadAction","target":["https:\/\/www.atelierdesgazelles.com\/de\/qualitaetscharta\/kielballast\/"]}]},{"@type":"ImageObject","inLanguage":"de","@id":"https:\/\/www.atelierdesgazelles.com\/de\/qualitaetscharta\/kielballast\/#primaryimage","url":"https:\/\/www.atelierdesgazelles.com\/wp-content\/uploads\/2024\/07\/IMG_7250.jpg","contentUrl":"https:\/\/www.atelierdesgazelles.com\/wp-content\/uploads\/2024\/07\/IMG_7250.jpg","width":2461,"height":2461},{"@type":"BreadcrumbList","@id":"https:\/\/www.atelierdesgazelles.com\/de\/qualitaetscharta\/kielballast\/#breadcrumb","itemListElement":[{"@type":"ListItem","position":1,"name":"Accueil","item":"https:\/\/www.atelierdesgazelles.com\/de\/"},{"@type":"ListItem","position":2,"name":"Qualit\u00e4tscharta","item":"https:\/\/www.atelierdesgazelles.com\/de\/qualitaetscharta\/"},{"@type":"ListItem","position":3,"name":"Kielballast"}]},{"@type":"WebSite","@id":"https:\/\/www.atelierdesgazelles.com\/de\/#website","url":"https:\/\/www.atelierdesgazelles.com\/de\/","name":"l'Atelier des Gazelles","description":"Franz\u00f6sischer Hersteller von transportablen Booten und kleinen Segelbooten","publisher":{"@id":"https:\/\/www.atelierdesgazelles.com\/de\/#organization"},"potentialAction":[{"@type":"SearchAction","target":{"@type":"EntryPoint","urlTemplate":"https:\/\/www.atelierdesgazelles.com\/de\/?s={search_term_string}"},"query-input":{"@type":"PropertyValueSpecification","valueRequired":true,"valueName":"search_term_string"}}],"inLanguage":"de"},{"@type":"Organization","@id":"https:\/\/www.atelierdesgazelles.com\/de\/#organization","name":"Atelier des Gazelles","url":"https:\/\/www.atelierdesgazelles.com\/de\/","logo":{"@type":"ImageObject","inLanguage":"de","@id":"https:\/\/www.atelierdesgazelles.com\/de\/#\/schema\/logo\/image\/","url":"https:\/\/www.atelierdesgazelles.com\/wp-content\/uploads\/2025\/07\/LOGOTYPE--e1757420449423.png","contentUrl":"https:\/\/www.atelierdesgazelles.com\/wp-content\/uploads\/2025\/07\/LOGOTYPE--e1757420449423.png","width":500,"height":498,"caption":"Atelier des Gazelles"},"image":{"@id":"https:\/\/www.atelierdesgazelles.com\/de\/#\/schema\/logo\/image\/"},"sameAs":["https:\/\/www.facebook.com\/people\/LAtelier-Des-Gazelles\/61573097917505\/","https:\/\/www.youtube.com\/channel\/UCIjVXLt-UMv85l9CpZ_PtLw","https:\/\/www.instagram.com\/l_atelierdesgazelles\/?igsh=NXcxOWpzZXRoZ2Nn&utm_source=qr"]}]}},"_links":{"self":[{"href":"https:\/\/www.atelierdesgazelles.com\/de\/wp-json\/wp\/v2\/pages\/28655","targetHints":{"allow":["GET"]}}],"collection":[{"href":"https:\/\/www.atelierdesgazelles.com\/de\/wp-json\/wp\/v2\/pages"}],"about":[{"href":"https:\/\/www.atelierdesgazelles.com\/de\/wp-json\/wp\/v2\/types\/page"}],"author":[{"embeddable":true,"href":"https:\/\/www.atelierdesgazelles.com\/de\/wp-json\/wp\/v2\/users\/1"}],"replies":[{"embeddable":true,"href":"https:\/\/www.atelierdesgazelles.com\/de\/wp-json\/wp\/v2\/comments?post=28655"}],"version-history":[{"count":0,"href":"https:\/\/www.atelierdesgazelles.com\/de\/wp-json\/wp\/v2\/pages\/28655\/revisions"}],"up":[{"embeddable":true,"href":"https:\/\/www.atelierdesgazelles.com\/de\/wp-json\/wp\/v2\/pages\/28617"}],"wp:featuredmedia":[{"embeddable":true,"href":"https:\/\/www.atelierdesgazelles.com\/de\/wp-json\/wp\/v2\/media\/22941"}],"wp:attachment":[{"href":"https:\/\/www.atelierdesgazelles.com\/de\/wp-json\/wp\/v2\/media?parent=28655"}],"curies":[{"name":"wp","href":"https:\/\/api.w.org\/{rel}","templated":true}]}}