{"id":26740,"date":"2025-04-30T14:45:12","date_gmt":"2025-04-30T12:45:12","guid":{"rendered":"https:\/\/www.atelierdesgazelles.com\/segelboote\/"},"modified":"2025-10-29T17:08:15","modified_gmt":"2025-10-29T16:08:15","slug":"segelboote","status":"publish","type":"page","link":"https:\/\/www.atelierdesgazelles.com\/de\/segelboote\/","title":{"rendered":"Segelboote"},"content":{"rendered":"<h1>Die Segelschiffe der Ateliers de la Gazelle des Sables<\/h1>\n<h2>Les Gazelles, transportable Aurasegelboote<\/h2>\n<p>Die Segelboote der Ateliers de La Gazelle des Sables bieten Wasserwanderern, Seglern und K\u00fcstenkreuzfahrern maximalen Spa\u00df am Steuer.<\/p>\n<p>Alle wiegen weniger als 200 kg und sind in weniger als 10 Minuten zubereitet.<\/p>\n<p>Alle Boote verf\u00fcgen \u00fcber ein <a href=\"https:\/\/www.atelierdesgazelles.com\/charte-qualite\/ballast-quille\/\" target=\"_blank\" rel=\"noopener\">exklusives Kielballastsystem<\/a>: leicht an Land f\u00fcr die Handhabung und perfekt beschwert auf See f\u00fcr selbstaufrichtende und sehr sichere Boote.<\/p>\n<p><strong>Einfach, sicher, kompakt und unterhaltsam<\/strong><strong>&#8230; die Sie allein genie\u00dfen und mit der Familie oder Freunden teilen k\u00f6nnen.<\/strong><\/p>\n<p>&nbsp;<\/p>\n<p> <a href=\"https:\/\/www.atelierdesgazelles.com\/bateau-transportable\/cotre-aurique\/gazelle-des-sables\/\"><img decoding=\"async\" class=\"lazyload alignnone size-full wp-image-322\" src=\"data:image\/svg+xml,%3Csvg%20xmlns%3D%27http%3A%2F%2Fwww.w3.org%2F2000%2Fsvg%27%20width%3D%27110%27%20height%3D%27111%27%20viewBox%3D%270%200%20110%20111%27%3E%3Crect%20width%3D%27110%27%20height%3D%27111%27%20fill-opacity%3D%220%22%2F%3E%3C%2Fsvg%3E\" data-orig-src=\"https:\/\/www.atelierdesgazelles.com\/wp-content\/uploads\/2015\/11\/Gazelle_gazelles-des-sables.jpg\" alt=\"Gazelle_Sandgazelle\" width=\"110\" height=\"111\"> <strong>La Gazelle des Sables<\/strong><\/a> f\u00fcr 1 bis 2 Personen  <a href=\"https:\/\/www.atelierdesgazelles.com\/bateau-transportable\/cotre-aurique\/gazelle-des-sables\"> <\/a><\/p>\n<p><a href=\"https:\/\/www.atelierdesgazelles.com\/bateau-transportable\/cotre-aurique\/gazelle-breizh\"><img decoding=\"async\" class=\"lazyload alignnone size-full wp-image-320\" src=\"data:image\/svg+xml,%3Csvg%20xmlns%3D%27http%3A%2F%2Fwww.w3.org%2F2000%2Fsvg%27%20width%3D%27120%27%20height%3D%27109%27%20viewBox%3D%270%200%20120%20109%27%3E%3Crect%20width%3D%27120%27%20height%3D%27109%27%20fill-opacity%3D%220%22%2F%3E%3C%2Fsvg%3E\" data-orig-src=\"https:\/\/www.atelierdesgazelles.com\/wp-content\/uploads\/2015\/11\/Gazelle_gazelles-breizh.jpg\" alt=\"Gazelle_gazelles breizh\" width=\"120\" height=\"109\"><\/a>  <a href=\"https:\/\/www.atelierdesgazelles.com\/bateau-transportable\/cotre-aurique\/gazelle-breizh\/\"><strong>La Gazelle Breizh<\/strong> <\/a>f\u00fcr 1 bis 4 Personen<\/p>\n<p><img decoding=\"async\" class=\"lazyload alignnone size-medium wp-image-321\" src=\"data:image\/svg+xml,%3Csvg%20xmlns%3D%27http%3A%2F%2Fwww.w3.org%2F2000%2Fsvg%27%20width%3D%27300%27%20height%3D%27105%27%20viewBox%3D%270%200%20300%20105%27%3E%3Crect%20width%3D%27300%27%20height%3D%27105%27%20fill-opacity%3D%220%22%2F%3E%3C%2Fsvg%3E\" data-orig-src=\"https:\/\/www.atelierdesgazelles.com\/wp-content\/uploads\/2015\/11\/Gazelle_gazelles-des-iles-300x105.jpg\" alt=\"Gazelle_Inselgazellen\" width=\"300\" height=\"105\"><strong><a href=\"https:\/\/www.atelierdesgazelles.com\/nos-bateaux\/bateaux\/voiliers-mini-quillard-ballastes\/la-gazelle-des-iles\/\">La Gazelle des \u00eees<\/a><\/strong> f\u00fcr 1 bis 5 Personen<\/p>\n<ul>\n<li>F\u00fcr gemeinsame Segelfreuden, da sie sicher und komfortabel f\u00fcr alle sind.<\/li>\n<li>F\u00fcr einen sanften Einstieg, dank der erweiterbaren reduzierten Segelfl\u00e4che<\/li>\n<li>Um sich zu verbessern, dank des modularen fraktionierten Aurikulissegels<\/li>\n<\/ul>\n<p data-wp-editing=\"1\"><a href=\"https:\/\/www.atelierdesgazelles.com\/wp-content\/uploads\/2015\/10\/gazelle_des_sables-37.jpg\"><img decoding=\"async\" class=\"lazyload alignnone wp-image-544 size-medium\" src=\"data:image\/svg+xml,%3Csvg%20xmlns%3D%27http%3A%2F%2Fwww.w3.org%2F2000%2Fsvg%27%20width%3D%27300%27%20height%3D%27199%27%20viewBox%3D%270%200%20300%20199%27%3E%3Crect%20width%3D%27300%27%20height%3D%27199%27%20fill-opacity%3D%220%22%2F%3E%3C%2Fsvg%3E\" data-orig-src=\"https:\/\/www.atelierdesgazelles.com\/wp-content\/uploads\/2015\/10\/gazelle_des_sables-37-300x199.jpg\" alt=\"gazelle_des_sables (37)\" width=\"300\" height=\"199\"><\/a> <a href=\"https:\/\/www.atelierdesgazelles.com\/wp-content\/uploads\/2015\/10\/photo_gazelle_sable.png\"><img decoding=\"async\" class=\"lazyload alignnone wp-image-257 size-full\" src=\"data:image\/svg+xml,%3Csvg%20xmlns%3D%27http%3A%2F%2Fwww.w3.org%2F2000%2Fsvg%27%20width%3D%27264%27%20height%3D%27182%27%20viewBox%3D%270%200%20264%20182%27%3E%3Crect%20width%3D%27264%27%20height%3D%27182%27%20fill-opacity%3D%220%22%2F%3E%3C%2Fsvg%3E\" data-orig-src=\"https:\/\/www.atelierdesgazelles.com\/wp-content\/uploads\/2015\/10\/photo_gazelle_sable.png\" alt=\"photo_gazelle_sable\" width=\"264\" height=\"182\"><\/a> <a href=\"https:\/\/www.atelierdesgazelles.com\/wp-content\/uploads\/2015\/10\/gazelle_breizh-25.jpg\" target=\"_blank\" rel=\"noopener\"><img decoding=\"async\" class=\"lazyload alignnone wp-image-555 size-medium\" src=\"data:image\/svg+xml,%3Csvg%20xmlns%3D%27http%3A%2F%2Fwww.w3.org%2F2000%2Fsvg%27%20width%3D%27300%27%20height%3D%27199%27%20viewBox%3D%270%200%20300%20199%27%3E%3Crect%20width%3D%27300%27%20height%3D%27199%27%20fill-opacity%3D%220%22%2F%3E%3C%2Fsvg%3E\" data-orig-src=\"https:\/\/www.atelierdesgazelles.com\/wp-content\/uploads\/2015\/10\/gazelle_breizh-25-300x199.jpg\" alt=\"gazelle_breizh (25)\" width=\"300\" height=\"199\"><\/a> <a href=\"https:\/\/www.atelierdesgazelles.com\/wp-content\/uploads\/2015\/10\/gazelle_breizh-13.jpg\"><img decoding=\"async\" class=\"lazyload alignnone size-medium wp-image-553\" src=\"data:image\/svg+xml,%3Csvg%20xmlns%3D%27http%3A%2F%2Fwww.w3.org%2F2000%2Fsvg%27%20width%3D%27300%27%20height%3D%27199%27%20viewBox%3D%270%200%20300%20199%27%3E%3Crect%20width%3D%27300%27%20height%3D%27199%27%20fill-opacity%3D%220%22%2F%3E%3C%2Fsvg%3E\" data-orig-src=\"https:\/\/www.atelierdesgazelles.com\/wp-content\/uploads\/2015\/10\/gazelle_breizh-13-300x199.jpg\" alt=\"gazelle_breizh (13)\" width=\"300\" height=\"199\"><\/a> <a href=\"https:\/\/www.atelierdesgazelles.com\/wp-content\/uploads\/2015\/10\/gazelle_des_iles-24.jpg\"><img decoding=\"async\" class=\"lazyload alignnone size-medium wp-image-562\" src=\"data:image\/svg+xml,%3Csvg%20xmlns%3D%27http%3A%2F%2Fwww.w3.org%2F2000%2Fsvg%27%20width%3D%27300%27%20height%3D%27200%27%20viewBox%3D%270%200%20300%20200%27%3E%3Crect%20width%3D%27300%27%20height%3D%27200%27%20fill-opacity%3D%220%22%2F%3E%3C%2Fsvg%3E\" data-orig-src=\"https:\/\/www.atelierdesgazelles.com\/wp-content\/uploads\/2015\/10\/gazelle_des_iles-24-300x200.jpg\" alt=\"gazelle_des_iles (24)\" width=\"300\" height=\"200\"><\/a> <a href=\"https:\/\/www.atelierdesgazelles.com\/wp-content\/uploads\/2015\/10\/gazelle_des_sables-28.jpg\"><img decoding=\"async\" class=\"lazyload alignnone size-medium wp-image-543\" src=\"data:image\/svg+xml,%3Csvg%20xmlns%3D%27http%3A%2F%2Fwww.w3.org%2F2000%2Fsvg%27%20width%3D%27300%27%20height%3D%27200%27%20viewBox%3D%270%200%20300%20200%27%3E%3Crect%20width%3D%27300%27%20height%3D%27200%27%20fill-opacity%3D%220%22%2F%3E%3C%2Fsvg%3E\" data-orig-src=\"https:\/\/www.atelierdesgazelles.com\/wp-content\/uploads\/2015\/10\/gazelle_des_sables-28-300x200.jpg\" alt=\"gazelle_des_sables (28)\" width=\"300\" height=\"200\"><\/a><\/p>\n<p><strong> <\/strong><\/p>\n<h2>Bretonische Ruderboote vom Typ Segeln-Rudern<\/h2>\n<p>Die Segel- und Ruderboote der Ateliers de La Gazelle des Sables sind spielerisch und komfortabel und bieten maximales Vergn\u00fcgen f\u00fcr Liebhaber von Kanufahrten, traditionellem Segeln, Angeln und Motorbootfahrten.<\/p>\n<p>Alle haben ein Gewicht ab 55 kg und sind in weniger als 5 Minuten zubereitet.<\/p>\n<p>Alle Schiffe verf\u00fcgen \u00fcber ein <a href=\"https:\/\/www.atelierdesgazelles.com\/de\/segelboote\/\" rel=\"noopener\">exklusives, zum Patent angemeldetes Kielballastsystem<\/a>: leicht an Land f\u00fcr die Handhabung und perfekt beschwert auf See f\u00fcr komfortable, stabile und sichere Schiffe.<\/p>\n<p><strong>Einfach, sicher, kompakt und unterhaltsam<\/strong><strong>&#8230; die Sie allein genie\u00dfen und mit der Familie oder Freunden teilen k\u00f6nnen.<\/strong><\/p>\n<p><a href=\"https:\/\/www.atelierdesgazelles.com\/bateau-transportable\/voile-aviron\/lascar-du-toulru\/\"><img decoding=\"async\" class=\"lazyload alignnone wp-image-323\" src=\"data:image\/svg+xml,%3Csvg%20xmlns%3D%27http%3A%2F%2Fwww.w3.org%2F2000%2Fsvg%27%20width%3D%27122%27%20height%3D%27124%27%20viewBox%3D%270%200%20122%20124%27%3E%3Crect%20width%3D%27122%27%20height%3D%27124%27%20fill-opacity%3D%220%22%2F%3E%3C%2Fsvg%3E\" data-orig-src=\"https:\/\/www.atelierdesgazelles.com\/wp-content\/uploads\/2015\/11\/Gazelle_Lascar-du-toulru.jpg\" alt=\"Gazelle_Lascar du toul'ru\" width=\"122\" height=\"124\"><strong>Le Lascar du Toul&#8217;Ru<\/strong><\/a> f\u00fcr 1 bis 3 Personen<\/p>\n<p>&nbsp;<\/p>\n<ul>\n<li>Um unzug\u00e4ngliche Buchten zu erkunden<\/li>\n<li>Flanieren Sie auf dem Wasser und lernen Sie das Ruderbootfahren.<\/li>\n<li>F\u00fcr Meeres- und S\u00fc\u00dfwasserangeln<\/li>\n<li>F\u00fcr Segelvergn\u00fcgen und Vielseitigkeit<\/li>\n<\/ul>\n<p>&nbsp;<\/p>\n<p><a href=\"https:\/\/www.atelierdesgazelles.com\/wp-content\/uploads\/2015\/10\/profil-3.jpg\"><img decoding=\"async\" class=\"lazyload alignnone size-medium wp-image-577\" src=\"data:image\/svg+xml,%3Csvg%20xmlns%3D%27http%3A%2F%2Fwww.w3.org%2F2000%2Fsvg%27%20width%3D%27300%27%20height%3D%27200%27%20viewBox%3D%270%200%20300%20200%27%3E%3Crect%20width%3D%27300%27%20height%3D%27200%27%20fill-opacity%3D%220%22%2F%3E%3C%2Fsvg%3E\" data-orig-src=\"https:\/\/www.atelierdesgazelles.com\/wp-content\/uploads\/2015\/10\/profil-3-300x200.jpg\" alt=\"Profil (3)\" width=\"300\" height=\"200\"><\/a>   <a href=\"https:\/\/www.atelierdesgazelles.com\/wp-content\/uploads\/2015\/10\/IMG_2838.jpg\"><img decoding=\"async\" class=\"lazyload alignnone size-medium wp-image-572\" src=\"data:image\/svg+xml,%3Csvg%20xmlns%3D%27http%3A%2F%2Fwww.w3.org%2F2000%2Fsvg%27%20width%3D%27300%27%20height%3D%27200%27%20viewBox%3D%270%200%20300%20200%27%3E%3Crect%20width%3D%27300%27%20height%3D%27200%27%20fill-opacity%3D%220%22%2F%3E%3C%2Fsvg%3E\" data-orig-src=\"https:\/\/www.atelierdesgazelles.com\/wp-content\/uploads\/2015\/10\/IMG_2838-300x200.jpg\" alt=\"IMG_2838\" width=\"300\" height=\"200\"><\/a><\/p>\n<p><a href=\"https:\/\/www.atelierdesgazelles.com\/wp-content\/uploads\/2015\/10\/avirons_.jpg\"><img decoding=\"async\" class=\"lazyload alignnone size-medium wp-image-571\" src=\"data:image\/svg+xml,%3Csvg%20xmlns%3D%27http%3A%2F%2Fwww.w3.org%2F2000%2Fsvg%27%20width%3D%27300%27%20height%3D%27340%27%20viewBox%3D%270%200%20300%20340%27%3E%3Crect%20width%3D%27300%27%20height%3D%27340%27%20fill-opacity%3D%220%22%2F%3E%3C%2Fsvg%3E\" data-orig-src=\"https:\/\/www.atelierdesgazelles.com\/wp-content\/uploads\/2015\/10\/avirons_-300x340.jpg\" alt=\"Ruder_.\" width=\"300\" height=\"340\">  <img decoding=\"async\" class=\"lazyload alignnone wp-image-576\" src=\"data:image\/svg+xml,%3Csvg%20xmlns%3D%27http%3A%2F%2Fwww.w3.org%2F2000%2Fsvg%27%20width%3D%27272%27%20height%3D%27340%27%20viewBox%3D%270%200%20272%20340%27%3E%3Crect%20width%3D%27272%27%20height%3D%27340%27%20fill-opacity%3D%220%22%2F%3E%3C%2Fsvg%3E\" data-orig-src=\"https:\/\/www.atelierdesgazelles.com\/wp-content\/uploads\/2015\/10\/Photo-0242-300x375.jpg\" alt=\"Foto 0242\" width=\"272\" height=\"340\"><\/a><\/p>\n<p>&nbsp;<\/p>\n<p><strong><a href=\"https:\/\/www.atelierdesgazelles.com\/wp-content\/uploads\/2017\/09\/morgat1.jpg\"><img decoding=\"async\" class=\"lazyload alignnone size-medium wp-image-3057\" src=\"data:image\/svg+xml,%3Csvg%20xmlns%3D%27http%3A%2F%2Fwww.w3.org%2F2000%2Fsvg%27%20width%3D%27300%27%20height%3D%27116%27%20viewBox%3D%270%200%20300%20116%27%3E%3Crect%20width%3D%27300%27%20height%3D%27116%27%20fill-opacity%3D%220%22%2F%3E%3C%2Fsvg%3E\" data-orig-src=\"https:\/\/www.atelierdesgazelles.com\/wp-content\/uploads\/2017\/09\/morgat1-300x116.jpg\" alt=\"morgat\" width=\"300\" height=\"116\"><\/a><a href=\"https:\/\/www.atelierdesgazelles.com\/nos-bateaux\/bateaux\/canots-voiles-avirons-barques-de-peche-promenade-et-annexes-de-charme\/morgat-320\/\" rel=\"noopener\">Le Morgat 320<\/a><\/strong> f\u00fcr 1 bis 4 Personen<\/p>\n<ul>\n<li>Meer, Ozean<\/li>\n<li>Fluss, Seen<\/li>\n<li>Loire<\/li>\n<li>Regelm\u00e4\u00dfiges Angeln und Spazierg\u00e4nge auf dem Meer<\/li>\n<\/ul>\n<p><a href=\"https:\/\/www.atelierdesgazelles.com\/wp-content\/uploads\/2017\/09\/petit-bateau-transportable-www-LaGazelle-des-sables_Morgat5.jpg\"><img decoding=\"async\" class=\"lazyload alignnone size-medium wp-image-3000\" src=\"data:image\/svg+xml,%3Csvg%20xmlns%3D%27http%3A%2F%2Fwww.w3.org%2F2000%2Fsvg%27%20width%3D%27300%27%20height%3D%27199%27%20viewBox%3D%270%200%20300%20199%27%3E%3Crect%20width%3D%27300%27%20height%3D%27199%27%20fill-opacity%3D%220%22%2F%3E%3C%2Fsvg%3E\" data-orig-src=\"https:\/\/www.atelierdesgazelles.com\/wp-content\/uploads\/2017\/09\/petit-bateau-transportable-www-LaGazelle-des-sables_Morgat5-300x199.jpg\" alt=\"kleines transportables Boot-www-LaGazelle-des-sables_Morgat (3)\" width=\"300\" height=\"199\"><img decoding=\"async\" class=\"lazyload alignnone size-medium wp-image-2987\" src=\"data:image\/svg+xml,%3Csvg%20xmlns%3D%27http%3A%2F%2Fwww.w3.org%2F2000%2Fsvg%27%20width%3D%27300%27%20height%3D%27198%27%20viewBox%3D%270%200%20300%20198%27%3E%3Crect%20width%3D%27300%27%20height%3D%27198%27%20fill-opacity%3D%220%22%2F%3E%3C%2Fsvg%3E\" data-orig-src=\"https:\/\/www.atelierdesgazelles.com\/wp-content\/uploads\/2017\/09\/petit-bateau-transportable-gazelle-des-sables-voilier-insubmersible-architecte-naval-300x198.jpg\" alt=\"kleines-transportierbares-schiff-gazelle-des-sables-segelschiff-insubmersibles-schiffsarchitekt\" width=\"300\" height=\"198\"><\/a><a href=\"https:\/\/www.atelierdesgazelles.com\/wp-content\/uploads\/2017\/09\/petit-bateau-transportable-www-LaGazelle-des-sables_Morgat4.jpg\"><img decoding=\"async\" class=\"lazyload alignnone size-medium wp-image-2999\" src=\"data:image\/svg+xml,%3Csvg%20xmlns%3D%27http%3A%2F%2Fwww.w3.org%2F2000%2Fsvg%27%20width%3D%27300%27%20height%3D%27169%27%20viewBox%3D%270%200%20300%20169%27%3E%3Crect%20width%3D%27300%27%20height%3D%27169%27%20fill-opacity%3D%220%22%2F%3E%3C%2Fsvg%3E\" data-orig-src=\"https:\/\/www.atelierdesgazelles.com\/wp-content\/uploads\/2017\/09\/petit-bateau-transportable-www-LaGazelle-des-sables_Morgat4-300x169.jpg\" alt=\"kleines-transportables Schiff-www-LaGazelle-des-sables_Morgat\" width=\"300\" height=\"169\"><\/a><a href=\"https:\/\/www.atelierdesgazelles.com\/wp-content\/uploads\/2017\/09\/petit-bateau-transportable-www-LaGazelle-des-sables_Morgat3.jpg\"><img decoding=\"async\" class=\"lazyload alignnone size-medium wp-image-2998\" src=\"data:image\/svg+xml,%3Csvg%20xmlns%3D%27http%3A%2F%2Fwww.w3.org%2F2000%2Fsvg%27%20width%3D%27300%27%20height%3D%27169%27%20viewBox%3D%270%200%20300%20169%27%3E%3Crect%20width%3D%27300%27%20height%3D%27169%27%20fill-opacity%3D%220%22%2F%3E%3C%2Fsvg%3E\" data-orig-src=\"https:\/\/www.atelierdesgazelles.com\/wp-content\/uploads\/2017\/09\/petit-bateau-transportable-www-LaGazelle-des-sables_Morgat3-300x169.jpg\" alt=\"kleines-transportables Schiff-www-LaGazelle-des-sables_Morgat\" width=\"300\" height=\"169\"><\/a><a href=\"https:\/\/www.atelierdesgazelles.com\/wp-content\/uploads\/2017\/09\/petit-bateau-transportable-www-LaGazelle-des-sables_Morgat.jpg\"><img decoding=\"async\" class=\"lazyload alignnone size-medium wp-image-2996\" src=\"data:image\/svg+xml,%3Csvg%20xmlns%3D%27http%3A%2F%2Fwww.w3.org%2F2000%2Fsvg%27%20width%3D%27300%27%20height%3D%27199%27%20viewBox%3D%270%200%20300%20199%27%3E%3Crect%20width%3D%27300%27%20height%3D%27199%27%20fill-opacity%3D%220%22%2F%3E%3C%2Fsvg%3E\" data-orig-src=\"https:\/\/www.atelierdesgazelles.com\/wp-content\/uploads\/2017\/09\/petit-bateau-transportable-www-LaGazelle-des-sables_Morgat-300x199.jpg\" alt=\"kleines transportables Boot-www-LaGazelle-des-sables_Morgat (3)\" width=\"300\" height=\"199\"><\/a><\/p>\n","protected":false},"excerpt":{"rendered":"<p>Die Segelschiffe der Ateliers de la Gazelle des Sables Les  [&#8230;]<\/p>\n","protected":false},"author":1,"featured_media":22941,"parent":0,"menu_order":0,"comment_status":"closed","ping_status":"closed","template":"","meta":{"_acf_changed":false,"inline_featured_image":false,"footnotes":""},"class_list":["post-26740","page","type-page","status-publish","has-post-thumbnail","hentry"],"acf":[],"yoast_head":"<!-- This site is optimized with the Yoast SEO plugin v27.4 - https:\/\/yoast.com\/product\/yoast-seo-wordpress\/ -->\n<title>Segelboote - Atelier des Gazelles%<\/title>\n<meta name=\"robots\" content=\"index, follow, max-snippet:-1, max-image-preview:large, max-video-preview:-1\" \/>\n<link rel=\"canonical\" href=\"https:\/\/www.atelierdesgazelles.com\/de\/segelboote\/\" \/>\n<meta property=\"og:locale\" content=\"de_DE\" \/>\n<meta property=\"og:type\" content=\"article\" \/>\n<meta property=\"og:title\" content=\"Segelboote - Atelier des Gazelles%\" \/>\n<meta property=\"og:description\" content=\"Die Segelschiffe der Ateliers de la Gazelle des Sables Les [...]\" \/>\n<meta property=\"og:url\" content=\"https:\/\/www.atelierdesgazelles.com\/de\/segelboote\/\" \/>\n<meta property=\"og:site_name\" content=\"Atelier des Gazelles\" \/>\n<meta property=\"article:publisher\" content=\"https:\/\/www.facebook.com\/people\/LAtelier-Des-Gazelles\/61573097917505\/\" \/>\n<meta property=\"article:modified_time\" content=\"2025-10-29T16:08:15+00:00\" \/>\n<meta property=\"og:image\" content=\"https:\/\/www.atelierdesgazelles.com\/wp-content\/uploads\/2024\/07\/IMG_7250.jpg\" \/>\n\t<meta property=\"og:image:width\" content=\"2461\" \/>\n\t<meta property=\"og:image:height\" content=\"2461\" \/>\n\t<meta property=\"og:image:type\" content=\"image\/jpeg\" \/>\n<meta name=\"twitter:card\" content=\"summary_large_image\" \/>\n<meta name=\"twitter:label1\" content=\"Gesch\u00e4tzte Lesezeit\" \/>\n\t<meta name=\"twitter:data1\" content=\"2 Minuten\" \/>\n<script type=\"application\/ld+json\" class=\"yoast-schema-graph\">{\"@context\":\"https:\\\/\\\/schema.org\",\"@graph\":[{\"@type\":\"WebPage\",\"@id\":\"https:\\\/\\\/www.atelierdesgazelles.com\\\/de\\\/segelboote\\\/\",\"url\":\"https:\\\/\\\/www.atelierdesgazelles.com\\\/de\\\/segelboote\\\/\",\"name\":\"Segelboote - Atelier des Gazelles%\",\"isPartOf\":{\"@id\":\"https:\\\/\\\/www.atelierdesgazelles.com\\\/de\\\/#website\"},\"primaryImageOfPage\":{\"@id\":\"https:\\\/\\\/www.atelierdesgazelles.com\\\/de\\\/segelboote\\\/#primaryimage\"},\"image\":{\"@id\":\"https:\\\/\\\/www.atelierdesgazelles.com\\\/de\\\/segelboote\\\/#primaryimage\"},\"thumbnailUrl\":\"https:\\\/\\\/www.atelierdesgazelles.com\\\/wp-content\\\/uploads\\\/2024\\\/07\\\/IMG_7250.jpg\",\"datePublished\":\"2025-04-30T12:45:12+00:00\",\"dateModified\":\"2025-10-29T16:08:15+00:00\",\"breadcrumb\":{\"@id\":\"https:\\\/\\\/www.atelierdesgazelles.com\\\/de\\\/segelboote\\\/#breadcrumb\"},\"inLanguage\":\"de\",\"potentialAction\":[{\"@type\":\"ReadAction\",\"target\":[\"https:\\\/\\\/www.atelierdesgazelles.com\\\/de\\\/segelboote\\\/\"]}]},{\"@type\":\"ImageObject\",\"inLanguage\":\"de\",\"@id\":\"https:\\\/\\\/www.atelierdesgazelles.com\\\/de\\\/segelboote\\\/#primaryimage\",\"url\":\"https:\\\/\\\/www.atelierdesgazelles.com\\\/wp-content\\\/uploads\\\/2024\\\/07\\\/IMG_7250.jpg\",\"contentUrl\":\"https:\\\/\\\/www.atelierdesgazelles.com\\\/wp-content\\\/uploads\\\/2024\\\/07\\\/IMG_7250.jpg\",\"width\":2461,\"height\":2461},{\"@type\":\"BreadcrumbList\",\"@id\":\"https:\\\/\\\/www.atelierdesgazelles.com\\\/de\\\/segelboote\\\/#breadcrumb\",\"itemListElement\":[{\"@type\":\"ListItem\",\"position\":1,\"name\":\"Accueil\",\"item\":\"https:\\\/\\\/www.atelierdesgazelles.com\\\/de\\\/\"},{\"@type\":\"ListItem\",\"position\":2,\"name\":\"Segelboote\"}]},{\"@type\":\"WebSite\",\"@id\":\"https:\\\/\\\/www.atelierdesgazelles.com\\\/de\\\/#website\",\"url\":\"https:\\\/\\\/www.atelierdesgazelles.com\\\/de\\\/\",\"name\":\"l'Atelier des Gazelles\",\"description\":\"Franz\u00f6sischer Hersteller von transportablen Booten und kleinen Segelbooten\",\"publisher\":{\"@id\":\"https:\\\/\\\/www.atelierdesgazelles.com\\\/de\\\/#organization\"},\"potentialAction\":[{\"@type\":\"SearchAction\",\"target\":{\"@type\":\"EntryPoint\",\"urlTemplate\":\"https:\\\/\\\/www.atelierdesgazelles.com\\\/de\\\/?s={search_term_string}\"},\"query-input\":{\"@type\":\"PropertyValueSpecification\",\"valueRequired\":true,\"valueName\":\"search_term_string\"}}],\"inLanguage\":\"de\"},{\"@type\":\"Organization\",\"@id\":\"https:\\\/\\\/www.atelierdesgazelles.com\\\/de\\\/#organization\",\"name\":\"Atelier des Gazelles\",\"url\":\"https:\\\/\\\/www.atelierdesgazelles.com\\\/de\\\/\",\"logo\":{\"@type\":\"ImageObject\",\"inLanguage\":\"de\",\"@id\":\"https:\\\/\\\/www.atelierdesgazelles.com\\\/de\\\/#\\\/schema\\\/logo\\\/image\\\/\",\"url\":\"https:\\\/\\\/www.atelierdesgazelles.com\\\/wp-content\\\/uploads\\\/2025\\\/07\\\/LOGOTYPE--e1757420449423.png\",\"contentUrl\":\"https:\\\/\\\/www.atelierdesgazelles.com\\\/wp-content\\\/uploads\\\/2025\\\/07\\\/LOGOTYPE--e1757420449423.png\",\"width\":500,\"height\":498,\"caption\":\"Atelier des Gazelles\"},\"image\":{\"@id\":\"https:\\\/\\\/www.atelierdesgazelles.com\\\/de\\\/#\\\/schema\\\/logo\\\/image\\\/\"},\"sameAs\":[\"https:\\\/\\\/www.facebook.com\\\/people\\\/LAtelier-Des-Gazelles\\\/61573097917505\\\/\",\"https:\\\/\\\/www.youtube.com\\\/channel\\\/UCIjVXLt-UMv85l9CpZ_PtLw\",\"https:\\\/\\\/www.instagram.com\\\/l_atelierdesgazelles\\\/?igsh=NXcxOWpzZXRoZ2Nn&utm_source=qr\"]}]}<\/script>\n<!-- \/ Yoast SEO plugin. -->","yoast_head_json":{"title":"Segelboote - Atelier des Gazelles%","robots":{"index":"index","follow":"follow","max-snippet":"max-snippet:-1","max-image-preview":"max-image-preview:large","max-video-preview":"max-video-preview:-1"},"canonical":"https:\/\/www.atelierdesgazelles.com\/de\/segelboote\/","og_locale":"de_DE","og_type":"article","og_title":"Segelboote - Atelier des Gazelles%","og_description":"Die Segelschiffe der Ateliers de la Gazelle des Sables Les [...]","og_url":"https:\/\/www.atelierdesgazelles.com\/de\/segelboote\/","og_site_name":"Atelier des Gazelles","article_publisher":"https:\/\/www.facebook.com\/people\/LAtelier-Des-Gazelles\/61573097917505\/","article_modified_time":"2025-10-29T16:08:15+00:00","og_image":[{"width":2461,"height":2461,"url":"https:\/\/www.atelierdesgazelles.com\/wp-content\/uploads\/2024\/07\/IMG_7250.jpg","type":"image\/jpeg"}],"twitter_card":"summary_large_image","twitter_misc":{"Gesch\u00e4tzte Lesezeit":"2 Minuten"},"schema":{"@context":"https:\/\/schema.org","@graph":[{"@type":"WebPage","@id":"https:\/\/www.atelierdesgazelles.com\/de\/segelboote\/","url":"https:\/\/www.atelierdesgazelles.com\/de\/segelboote\/","name":"Segelboote - Atelier des Gazelles%","isPartOf":{"@id":"https:\/\/www.atelierdesgazelles.com\/de\/#website"},"primaryImageOfPage":{"@id":"https:\/\/www.atelierdesgazelles.com\/de\/segelboote\/#primaryimage"},"image":{"@id":"https:\/\/www.atelierdesgazelles.com\/de\/segelboote\/#primaryimage"},"thumbnailUrl":"https:\/\/www.atelierdesgazelles.com\/wp-content\/uploads\/2024\/07\/IMG_7250.jpg","datePublished":"2025-04-30T12:45:12+00:00","dateModified":"2025-10-29T16:08:15+00:00","breadcrumb":{"@id":"https:\/\/www.atelierdesgazelles.com\/de\/segelboote\/#breadcrumb"},"inLanguage":"de","potentialAction":[{"@type":"ReadAction","target":["https:\/\/www.atelierdesgazelles.com\/de\/segelboote\/"]}]},{"@type":"ImageObject","inLanguage":"de","@id":"https:\/\/www.atelierdesgazelles.com\/de\/segelboote\/#primaryimage","url":"https:\/\/www.atelierdesgazelles.com\/wp-content\/uploads\/2024\/07\/IMG_7250.jpg","contentUrl":"https:\/\/www.atelierdesgazelles.com\/wp-content\/uploads\/2024\/07\/IMG_7250.jpg","width":2461,"height":2461},{"@type":"BreadcrumbList","@id":"https:\/\/www.atelierdesgazelles.com\/de\/segelboote\/#breadcrumb","itemListElement":[{"@type":"ListItem","position":1,"name":"Accueil","item":"https:\/\/www.atelierdesgazelles.com\/de\/"},{"@type":"ListItem","position":2,"name":"Segelboote"}]},{"@type":"WebSite","@id":"https:\/\/www.atelierdesgazelles.com\/de\/#website","url":"https:\/\/www.atelierdesgazelles.com\/de\/","name":"l'Atelier des Gazelles","description":"Franz\u00f6sischer Hersteller von transportablen Booten und kleinen Segelbooten","publisher":{"@id":"https:\/\/www.atelierdesgazelles.com\/de\/#organization"},"potentialAction":[{"@type":"SearchAction","target":{"@type":"EntryPoint","urlTemplate":"https:\/\/www.atelierdesgazelles.com\/de\/?s={search_term_string}"},"query-input":{"@type":"PropertyValueSpecification","valueRequired":true,"valueName":"search_term_string"}}],"inLanguage":"de"},{"@type":"Organization","@id":"https:\/\/www.atelierdesgazelles.com\/de\/#organization","name":"Atelier des Gazelles","url":"https:\/\/www.atelierdesgazelles.com\/de\/","logo":{"@type":"ImageObject","inLanguage":"de","@id":"https:\/\/www.atelierdesgazelles.com\/de\/#\/schema\/logo\/image\/","url":"https:\/\/www.atelierdesgazelles.com\/wp-content\/uploads\/2025\/07\/LOGOTYPE--e1757420449423.png","contentUrl":"https:\/\/www.atelierdesgazelles.com\/wp-content\/uploads\/2025\/07\/LOGOTYPE--e1757420449423.png","width":500,"height":498,"caption":"Atelier des Gazelles"},"image":{"@id":"https:\/\/www.atelierdesgazelles.com\/de\/#\/schema\/logo\/image\/"},"sameAs":["https:\/\/www.facebook.com\/people\/LAtelier-Des-Gazelles\/61573097917505\/","https:\/\/www.youtube.com\/channel\/UCIjVXLt-UMv85l9CpZ_PtLw","https:\/\/www.instagram.com\/l_atelierdesgazelles\/?igsh=NXcxOWpzZXRoZ2Nn&utm_source=qr"]}]}},"_links":{"self":[{"href":"https:\/\/www.atelierdesgazelles.com\/de\/wp-json\/wp\/v2\/pages\/26740","targetHints":{"allow":["GET"]}}],"collection":[{"href":"https:\/\/www.atelierdesgazelles.com\/de\/wp-json\/wp\/v2\/pages"}],"about":[{"href":"https:\/\/www.atelierdesgazelles.com\/de\/wp-json\/wp\/v2\/types\/page"}],"author":[{"embeddable":true,"href":"https:\/\/www.atelierdesgazelles.com\/de\/wp-json\/wp\/v2\/users\/1"}],"replies":[{"embeddable":true,"href":"https:\/\/www.atelierdesgazelles.com\/de\/wp-json\/wp\/v2\/comments?post=26740"}],"version-history":[{"count":1,"href":"https:\/\/www.atelierdesgazelles.com\/de\/wp-json\/wp\/v2\/pages\/26740\/revisions"}],"predecessor-version":[{"id":26741,"href":"https:\/\/www.atelierdesgazelles.com\/de\/wp-json\/wp\/v2\/pages\/26740\/revisions\/26741"}],"wp:featuredmedia":[{"embeddable":true,"href":"https:\/\/www.atelierdesgazelles.com\/de\/wp-json\/wp\/v2\/media\/22941"}],"wp:attachment":[{"href":"https:\/\/www.atelierdesgazelles.com\/de\/wp-json\/wp\/v2\/media?parent=26740"}],"curies":[{"name":"wp","href":"https:\/\/api.w.org\/{rel}","templated":true}]}}