{"id":26693,"date":"2024-04-04T10:22:12","date_gmt":"2024-04-04T08:22:12","guid":{"rendered":"https:\/\/www.atelierdesgazelles.com\/rechtliche-hinweise\/"},"modified":"2025-10-29T16:59:25","modified_gmt":"2025-10-29T15:59:25","slug":"rechtliche-hinweise","status":"publish","type":"page","link":"https:\/\/www.atelierdesgazelles.com\/de\/rechtliche-hinweise\/","title":{"rendered":"Rechtliche Hinweise"},"content":{"rendered":"&#13;\n<h2><b>Herausgeber der Website<\/b><\/h2>&#13;\n<p><span style=\"font-weight: 400;\">Diese Website wird herausgegeben von : <strong>SAS PB CONCEPT &#8211; L&#8217;atelier des gazelles.<\/strong><\/span><span style=\"font-weight: 400;\"><br\/><\/span><span style=\"font-weight: 400;\">Adresse:<\/span><\/p>&#13;\n<p>90, rue de la Soie &#8211; ZA de la Murie<\/p>&#13;\n<p>49170 Saint-Georges-sur-Loire<\/p>&#13;\n<p><span style=\"font-weight: 400;\">  Telefon: +33 (0)661381780<\/span><\/p>&#13;\n<p>SIRENENNUMMER: 80146427200013 RM 49<\/p>&#13;\n<h2><b>Entwurf und Ausf\u00fchrung<\/b><\/h2>&#13;\n<p><span style=\"font-weight: 400;\">Die Website <\/span><b>Atelier des gazelles<\/b><span style=\"font-weight: 400;\"> wurde entworfen, entwickelt und realisiert von :<\/span><span style=\"font-weight: 400;\"><br\/><\/span> <b>Net Concept<\/b><b><br\/><\/b><span style=\"font-weight: 400;\">  Adresse: 9 rue Grandet, 49100 Angers<\/span><span style=\"font-weight: 400;\"><br\/><\/span><span style=\"font-weight: 400;\">  Telefon: 02 41 22 00 26<\/span><span style=\"font-weight: 400;\"><br\/><\/span> <span style=\"font-weight: 400;\"> Webseite :<\/span><a href=\"https:\/\/www.net-concept.fr\"> <span style=\"font-weight: 400;\">https:\/\/www.net-concept.fr<\/span><span style=\"font-weight: 400;\"><br\/><\/span><\/a><\/p>&#13;\n<h2><b>Ziel der Website<\/b><\/h2>&#13;\n<p><span style=\"font-weight: 400;\">Die Website <b>Atelier des gazelles<\/b><\/span><span style=\"font-weight: 400;\"> hat zum Ziel, die Leistungen, Dienstleistungen, Produkte oder Neuigkeiten von<strong>Atelier<\/strong><b> des gazelles<\/b> zu pr\u00e4sentieren.<\/span><span style=\"font-weight: 400;\">.<\/span><\/p>&#13;\n<h2><b>Geistiges Eigentum<\/b><\/h2>&#13;\n<p><span style=\"font-weight: 400;\"><b>Atelier des gazelles<\/b> ist Eigent\u00fcmer oder Inhaber der Nutzungsrechte f\u00fcr alle auf der Website zug\u00e4nglichen Elemente (Texte, Bilder, Grafiken, Logos, Ikonen, Videos, Sounds, Software usw.).<\/span><\/p>&#13;\n<p><span style=\"font-weight: 400;\">Die Vervielf\u00e4ltigung, Darstellung, \u00c4nderung, Ver\u00f6ffentlichung und Anpassung des gesamten Inhalts oder eines Teils davon, unabh\u00e4ngig von den verwendeten Mitteln oder Verfahren, ist ohne vorherige schriftliche Genehmigung <strong>von Atelier des gazelles<\/strong> untersagt.<\/span><strong>.<\/strong><\/p>&#13;\n<p><span style=\"font-weight: 400;\">Jede nicht genehmigte Nutzung wird als F\u00e4lschung angesehen und gem\u00e4\u00df den Artikeln &#8230; und &#8230; verfolgt. <\/span><b>L.335-2 ff. des Gesetzes \u00fcber geistiges Eigentum verfolgt.<\/b><span style=\"font-weight: 400;\">.<\/span><\/p>&#13;\n<h2><b>Verantwortlichkeiten<\/b><\/h2>&#13;\n<p><span style=\"font-weight: 400;\">Der Nutzer verpflichtet sich, die Website mit neuer Hardware, frei von Viren und mit einem aktualisierten Browser zu besuchen.<\/span><\/p>&#13;\n<p><span style=\"font-weight: 400;\"><b>Atelier des Gazelles<\/b> haftet nicht f\u00fcr direkte oder indirekte Sch\u00e4den an der Hardware des Nutzers oder in Verbindung mit der Nutzung der Website (Inkompatibilit\u00e4t, Bugs usw.).<\/span><\/p>&#13;\n<h2><b>Pers\u00f6nliche Daten<\/b><\/h2>&#13;\n<p><span style=\"font-weight: 400;\">Der Nutzer kann sich auf der Website bewegen, ohne pers\u00f6nliche Daten anzugeben.<\/span><span style=\"font-weight: 400;\"><br\/><\/span><span style=\"font-weight: 400;\">  Es k\u00f6nnen jedoch Daten \u00fcber Formulare gesammelt werden (Name, Vorname, E-Mail, Telefon usw.), um auf Anfragen zu antworten.<\/span><span style=\"font-weight: 400;\"><br\/><\/span><span style=\"font-weight: 400;\">  Diese Daten werden nur im Zusammenhang mit dieser Beziehung verwendet und nicht an Dritte weitergegeben.<\/span><\/p>&#13;\n<p><span style=\"font-weight: 400;\">Wenn Sie Fragen zu Ihren pers\u00f6nlichen Daten haben, k\u00f6nnen Sie sich an :<\/span><span style=\"font-weight: 400;\"><br\/><\/span><span style=\"font-weight: 400;\"> E-Mail: <strong>contact@LaGazelleDesSables.com<\/strong><\/span><span style=\"font-weight: 400;\"><br\/><\/span><span style=\"font-weight: 400;\"> Adresse: <\/span>90, rue de la Soie &#8211; ZA de la Murie<\/p>&#13;\n<p>49170 Saint-Georges-sur-Loire<\/p>&#13;\n<h2><b>Cookies<\/b><\/h2>&#13;\n<p><span style=\"font-weight: 400;\">Die Website kann Cookies verwenden, um die Benutzererfahrung zu verbessern, die Besucherzahlen zu analysieren oder bestimmte Funktionen zu aktivieren.<\/span><\/p>&#13;\n<p><span style=\"font-weight: 400;\">Der Nutzer kann nicht-essentielle Cookies jederzeit \u00fcber das Kontrollpanel ablehnen. <\/span><b>Cookies verwalten<\/b><span style=\"font-weight: 400;\"> Dies ist am Ende der Seite m\u00f6glich.<\/span><\/p>&#13;\n<h2><b>Hypertext-Links<\/b><\/h2>&#13;\n<p><span style=\"font-weight: 400;\">Die Website kann Links zu anderen Websites enthalten. <\/span><b>L&#8217;atelier des gazelles<\/b><span style=\"font-weight: 400;\"> ist nicht verantwortlich f\u00fcr den Inhalt dieser externen Websites.<\/span><\/p>&#13;\n<h2><b>Anwendbares Recht und Gerichtsbarkeit<\/b><\/h2>&#13;\n<p><span style=\"font-weight: 400;\">Die vorliegenden rechtlichen Hinweise unterliegen dem franz\u00f6sischen Recht.<\/span><span style=\"font-weight: 400;\"><br\/><\/span><span style=\"font-weight: 400;\"> Alle Rechtsstreitigkeiten werden den zust\u00e4ndigen Gerichten im Zust\u00e4ndigkeitsbereich des <\/span><b>Berufungsgericht<\/b><span style=\"font-weight: 400;\">Nach einem g\u00fctlichen Schlichtungsversuch.<\/span><\/p>&#13;\n<p>\u00a0<\/p>&#13;\n","protected":false},"excerpt":{"rendered":"<p>&#13; Herausgeber der Website &#13; Diese Website wird herausgegeben von  [&#8230;]<\/p>\n","protected":false},"author":1,"featured_media":22941,"parent":0,"menu_order":0,"comment_status":"closed","ping_status":"closed","template":"","meta":{"_acf_changed":false,"inline_featured_image":false,"footnotes":""},"class_list":["post-26693","page","type-page","status-publish","has-post-thumbnail","hentry"],"acf":[],"yoast_head":"<!-- This site is optimized with the Yoast SEO plugin v27.4 - https:\/\/yoast.com\/product\/yoast-seo-wordpress\/ -->\n<title>Rechtliche Hinweise - Atelier des Gazelles%<\/title>\n<meta name=\"robots\" content=\"index, follow, max-snippet:-1, max-image-preview:large, max-video-preview:-1\" \/>\n<link rel=\"canonical\" href=\"https:\/\/www.atelierdesgazelles.com\/de\/rechtliche-hinweise\/\" \/>\n<meta property=\"og:locale\" content=\"de_DE\" \/>\n<meta property=\"og:type\" content=\"article\" \/>\n<meta property=\"og:title\" content=\"Rechtliche Hinweise - Atelier des Gazelles%\" \/>\n<meta property=\"og:description\" content=\"&#013; Herausgeber der Website &#013; Diese Website wird herausgegeben von [...]\" \/>\n<meta property=\"og:url\" content=\"https:\/\/www.atelierdesgazelles.com\/de\/rechtliche-hinweise\/\" \/>\n<meta property=\"og:site_name\" content=\"Atelier des Gazelles\" \/>\n<meta property=\"article:publisher\" content=\"https:\/\/www.facebook.com\/people\/LAtelier-Des-Gazelles\/61573097917505\/\" \/>\n<meta property=\"article:modified_time\" content=\"2025-10-29T15:59:25+00:00\" \/>\n<meta property=\"og:image\" content=\"https:\/\/www.atelierdesgazelles.com\/wp-content\/uploads\/2024\/07\/IMG_7250.jpg\" \/>\n\t<meta property=\"og:image:width\" content=\"2461\" \/>\n\t<meta property=\"og:image:height\" content=\"2461\" \/>\n\t<meta property=\"og:image:type\" content=\"image\/jpeg\" \/>\n<meta name=\"twitter:card\" content=\"summary_large_image\" \/>\n<meta name=\"twitter:label1\" content=\"Gesch\u00e4tzte Lesezeit\" \/>\n\t<meta name=\"twitter:data1\" content=\"2 Minuten\" \/>\n<script type=\"application\/ld+json\" class=\"yoast-schema-graph\">{\"@context\":\"https:\\\/\\\/schema.org\",\"@graph\":[{\"@type\":\"WebPage\",\"@id\":\"https:\\\/\\\/www.atelierdesgazelles.com\\\/de\\\/rechtliche-hinweise\\\/\",\"url\":\"https:\\\/\\\/www.atelierdesgazelles.com\\\/de\\\/rechtliche-hinweise\\\/\",\"name\":\"Rechtliche Hinweise - Atelier des Gazelles%\",\"isPartOf\":{\"@id\":\"https:\\\/\\\/www.atelierdesgazelles.com\\\/de\\\/#website\"},\"primaryImageOfPage\":{\"@id\":\"https:\\\/\\\/www.atelierdesgazelles.com\\\/de\\\/rechtliche-hinweise\\\/#primaryimage\"},\"image\":{\"@id\":\"https:\\\/\\\/www.atelierdesgazelles.com\\\/de\\\/rechtliche-hinweise\\\/#primaryimage\"},\"thumbnailUrl\":\"https:\\\/\\\/www.atelierdesgazelles.com\\\/wp-content\\\/uploads\\\/2024\\\/07\\\/IMG_7250.jpg\",\"datePublished\":\"2024-04-04T08:22:12+00:00\",\"dateModified\":\"2025-10-29T15:59:25+00:00\",\"breadcrumb\":{\"@id\":\"https:\\\/\\\/www.atelierdesgazelles.com\\\/de\\\/rechtliche-hinweise\\\/#breadcrumb\"},\"inLanguage\":\"de\",\"potentialAction\":[{\"@type\":\"ReadAction\",\"target\":[\"https:\\\/\\\/www.atelierdesgazelles.com\\\/de\\\/rechtliche-hinweise\\\/\"]}]},{\"@type\":\"ImageObject\",\"inLanguage\":\"de\",\"@id\":\"https:\\\/\\\/www.atelierdesgazelles.com\\\/de\\\/rechtliche-hinweise\\\/#primaryimage\",\"url\":\"https:\\\/\\\/www.atelierdesgazelles.com\\\/wp-content\\\/uploads\\\/2024\\\/07\\\/IMG_7250.jpg\",\"contentUrl\":\"https:\\\/\\\/www.atelierdesgazelles.com\\\/wp-content\\\/uploads\\\/2024\\\/07\\\/IMG_7250.jpg\",\"width\":2461,\"height\":2461},{\"@type\":\"BreadcrumbList\",\"@id\":\"https:\\\/\\\/www.atelierdesgazelles.com\\\/de\\\/rechtliche-hinweise\\\/#breadcrumb\",\"itemListElement\":[{\"@type\":\"ListItem\",\"position\":1,\"name\":\"Accueil\",\"item\":\"https:\\\/\\\/www.atelierdesgazelles.com\\\/de\\\/\"},{\"@type\":\"ListItem\",\"position\":2,\"name\":\"Rechtliche Hinweise\"}]},{\"@type\":\"WebSite\",\"@id\":\"https:\\\/\\\/www.atelierdesgazelles.com\\\/de\\\/#website\",\"url\":\"https:\\\/\\\/www.atelierdesgazelles.com\\\/de\\\/\",\"name\":\"l'Atelier des Gazelles\",\"description\":\"Franz\u00f6sischer Hersteller von transportablen Booten und kleinen Segelbooten\",\"publisher\":{\"@id\":\"https:\\\/\\\/www.atelierdesgazelles.com\\\/de\\\/#organization\"},\"potentialAction\":[{\"@type\":\"SearchAction\",\"target\":{\"@type\":\"EntryPoint\",\"urlTemplate\":\"https:\\\/\\\/www.atelierdesgazelles.com\\\/de\\\/?s={search_term_string}\"},\"query-input\":{\"@type\":\"PropertyValueSpecification\",\"valueRequired\":true,\"valueName\":\"search_term_string\"}}],\"inLanguage\":\"de\"},{\"@type\":\"Organization\",\"@id\":\"https:\\\/\\\/www.atelierdesgazelles.com\\\/de\\\/#organization\",\"name\":\"Atelier des Gazelles\",\"url\":\"https:\\\/\\\/www.atelierdesgazelles.com\\\/de\\\/\",\"logo\":{\"@type\":\"ImageObject\",\"inLanguage\":\"de\",\"@id\":\"https:\\\/\\\/www.atelierdesgazelles.com\\\/de\\\/#\\\/schema\\\/logo\\\/image\\\/\",\"url\":\"https:\\\/\\\/www.atelierdesgazelles.com\\\/wp-content\\\/uploads\\\/2025\\\/07\\\/LOGOTYPE--e1757420449423.png\",\"contentUrl\":\"https:\\\/\\\/www.atelierdesgazelles.com\\\/wp-content\\\/uploads\\\/2025\\\/07\\\/LOGOTYPE--e1757420449423.png\",\"width\":500,\"height\":498,\"caption\":\"Atelier des Gazelles\"},\"image\":{\"@id\":\"https:\\\/\\\/www.atelierdesgazelles.com\\\/de\\\/#\\\/schema\\\/logo\\\/image\\\/\"},\"sameAs\":[\"https:\\\/\\\/www.facebook.com\\\/people\\\/LAtelier-Des-Gazelles\\\/61573097917505\\\/\",\"https:\\\/\\\/www.youtube.com\\\/channel\\\/UCIjVXLt-UMv85l9CpZ_PtLw\",\"https:\\\/\\\/www.instagram.com\\\/l_atelierdesgazelles\\\/?igsh=NXcxOWpzZXRoZ2Nn&utm_source=qr\"]}]}<\/script>\n<!-- \/ Yoast SEO plugin. -->","yoast_head_json":{"title":"Rechtliche Hinweise - Atelier des Gazelles%","robots":{"index":"index","follow":"follow","max-snippet":"max-snippet:-1","max-image-preview":"max-image-preview:large","max-video-preview":"max-video-preview:-1"},"canonical":"https:\/\/www.atelierdesgazelles.com\/de\/rechtliche-hinweise\/","og_locale":"de_DE","og_type":"article","og_title":"Rechtliche Hinweise - Atelier des Gazelles%","og_description":"&#13; Herausgeber der Website &#13; Diese Website wird herausgegeben von [...]","og_url":"https:\/\/www.atelierdesgazelles.com\/de\/rechtliche-hinweise\/","og_site_name":"Atelier des Gazelles","article_publisher":"https:\/\/www.facebook.com\/people\/LAtelier-Des-Gazelles\/61573097917505\/","article_modified_time":"2025-10-29T15:59:25+00:00","og_image":[{"width":2461,"height":2461,"url":"https:\/\/www.atelierdesgazelles.com\/wp-content\/uploads\/2024\/07\/IMG_7250.jpg","type":"image\/jpeg"}],"twitter_card":"summary_large_image","twitter_misc":{"Gesch\u00e4tzte Lesezeit":"2 Minuten"},"schema":{"@context":"https:\/\/schema.org","@graph":[{"@type":"WebPage","@id":"https:\/\/www.atelierdesgazelles.com\/de\/rechtliche-hinweise\/","url":"https:\/\/www.atelierdesgazelles.com\/de\/rechtliche-hinweise\/","name":"Rechtliche Hinweise - Atelier des Gazelles%","isPartOf":{"@id":"https:\/\/www.atelierdesgazelles.com\/de\/#website"},"primaryImageOfPage":{"@id":"https:\/\/www.atelierdesgazelles.com\/de\/rechtliche-hinweise\/#primaryimage"},"image":{"@id":"https:\/\/www.atelierdesgazelles.com\/de\/rechtliche-hinweise\/#primaryimage"},"thumbnailUrl":"https:\/\/www.atelierdesgazelles.com\/wp-content\/uploads\/2024\/07\/IMG_7250.jpg","datePublished":"2024-04-04T08:22:12+00:00","dateModified":"2025-10-29T15:59:25+00:00","breadcrumb":{"@id":"https:\/\/www.atelierdesgazelles.com\/de\/rechtliche-hinweise\/#breadcrumb"},"inLanguage":"de","potentialAction":[{"@type":"ReadAction","target":["https:\/\/www.atelierdesgazelles.com\/de\/rechtliche-hinweise\/"]}]},{"@type":"ImageObject","inLanguage":"de","@id":"https:\/\/www.atelierdesgazelles.com\/de\/rechtliche-hinweise\/#primaryimage","url":"https:\/\/www.atelierdesgazelles.com\/wp-content\/uploads\/2024\/07\/IMG_7250.jpg","contentUrl":"https:\/\/www.atelierdesgazelles.com\/wp-content\/uploads\/2024\/07\/IMG_7250.jpg","width":2461,"height":2461},{"@type":"BreadcrumbList","@id":"https:\/\/www.atelierdesgazelles.com\/de\/rechtliche-hinweise\/#breadcrumb","itemListElement":[{"@type":"ListItem","position":1,"name":"Accueil","item":"https:\/\/www.atelierdesgazelles.com\/de\/"},{"@type":"ListItem","position":2,"name":"Rechtliche Hinweise"}]},{"@type":"WebSite","@id":"https:\/\/www.atelierdesgazelles.com\/de\/#website","url":"https:\/\/www.atelierdesgazelles.com\/de\/","name":"l'Atelier des Gazelles","description":"Franz\u00f6sischer Hersteller von transportablen Booten und kleinen Segelbooten","publisher":{"@id":"https:\/\/www.atelierdesgazelles.com\/de\/#organization"},"potentialAction":[{"@type":"SearchAction","target":{"@type":"EntryPoint","urlTemplate":"https:\/\/www.atelierdesgazelles.com\/de\/?s={search_term_string}"},"query-input":{"@type":"PropertyValueSpecification","valueRequired":true,"valueName":"search_term_string"}}],"inLanguage":"de"},{"@type":"Organization","@id":"https:\/\/www.atelierdesgazelles.com\/de\/#organization","name":"Atelier des Gazelles","url":"https:\/\/www.atelierdesgazelles.com\/de\/","logo":{"@type":"ImageObject","inLanguage":"de","@id":"https:\/\/www.atelierdesgazelles.com\/de\/#\/schema\/logo\/image\/","url":"https:\/\/www.atelierdesgazelles.com\/wp-content\/uploads\/2025\/07\/LOGOTYPE--e1757420449423.png","contentUrl":"https:\/\/www.atelierdesgazelles.com\/wp-content\/uploads\/2025\/07\/LOGOTYPE--e1757420449423.png","width":500,"height":498,"caption":"Atelier des Gazelles"},"image":{"@id":"https:\/\/www.atelierdesgazelles.com\/de\/#\/schema\/logo\/image\/"},"sameAs":["https:\/\/www.facebook.com\/people\/LAtelier-Des-Gazelles\/61573097917505\/","https:\/\/www.youtube.com\/channel\/UCIjVXLt-UMv85l9CpZ_PtLw","https:\/\/www.instagram.com\/l_atelierdesgazelles\/?igsh=NXcxOWpzZXRoZ2Nn&utm_source=qr"]}]}},"_links":{"self":[{"href":"https:\/\/www.atelierdesgazelles.com\/de\/wp-json\/wp\/v2\/pages\/26693","targetHints":{"allow":["GET"]}}],"collection":[{"href":"https:\/\/www.atelierdesgazelles.com\/de\/wp-json\/wp\/v2\/pages"}],"about":[{"href":"https:\/\/www.atelierdesgazelles.com\/de\/wp-json\/wp\/v2\/types\/page"}],"author":[{"embeddable":true,"href":"https:\/\/www.atelierdesgazelles.com\/de\/wp-json\/wp\/v2\/users\/1"}],"replies":[{"embeddable":true,"href":"https:\/\/www.atelierdesgazelles.com\/de\/wp-json\/wp\/v2\/comments?post=26693"}],"version-history":[{"count":1,"href":"https:\/\/www.atelierdesgazelles.com\/de\/wp-json\/wp\/v2\/pages\/26693\/revisions"}],"predecessor-version":[{"id":26703,"href":"https:\/\/www.atelierdesgazelles.com\/de\/wp-json\/wp\/v2\/pages\/26693\/revisions\/26703"}],"wp:featuredmedia":[{"embeddable":true,"href":"https:\/\/www.atelierdesgazelles.com\/de\/wp-json\/wp\/v2\/media\/22941"}],"wp:attachment":[{"href":"https:\/\/www.atelierdesgazelles.com\/de\/wp-json\/wp\/v2\/media?parent=26693"}],"curies":[{"name":"wp","href":"https:\/\/api.w.org\/{rel}","templated":true}]}}