{"id":26577,"date":"2025-04-30T14:57:29","date_gmt":"2025-04-30T12:57:29","guid":{"rendered":"https:\/\/www.atelierdesgazelles.com\/unsere-schiffe\/"},"modified":"2025-04-30T14:57:29","modified_gmt":"2025-04-30T12:57:29","slug":"unsere-schiffe","status":"publish","type":"page","link":"https:\/\/www.atelierdesgazelles.com\/de\/unsere-schiffe\/","title":{"rendered":"Unsere Schiffe"},"content":{"rendered":"<h1>Unsere Segelboote und transportablen Boote<\/h1>\n<p>Als Spezialist f\u00fcr <strong>kleine, transportable Boote<\/strong> sind wir aufgrund unserer Erfahrung, unseres Know-hows und der Zufriedenheit unserer Kunden in der Lage, perfekte L\u00f6sungen f\u00fcr immer einfachere, sicherere und unterhaltsamere Boote zu entwickeln. Das Wichtigste f\u00fcr uns bei Ateliers de La Gazelle des Sables ist, dass Sie sich auf dem Wasser wohlf\u00fchlen. <\/p>\n<p>Und da Sie einzigartig sind, ist es Ihr Boot auch! Es gibt nichts Besseres, als gemeinsam dar\u00fcber zu sprechen und Ihnen unsere Empfehlungen zu geben.  Kontaktieren Sie uns!<\/p>\n<h2><strong><a href=\"https:\/\/www.atelierdesgazelles.com\/bateau-transportable-voile\/\" target=\"_blank\" rel=\"noopener\">Die kleinen Aurischen Segelschiffe<\/a><\/strong><\/h2>\n<p>&nbsp;<\/p>\n<h3><a href=\"https:\/\/www.atelierdesgazelles.com\/bateau-transportable\/cotre-aurique\/gazelle-des-sables\/\">Die Gazelle des Sables<\/a><\/h3>\n<p>Das sensationelle, einfache, lustige und sichere Mini-Kielboot f\u00fcr alle Segelliebhaber an jedem Tag des Jahres. Man erkennt es an seinem spitzen Heck, das typisch f\u00fcr die alten Gazellen von Les Sables d&#8217;Olonne ist. Dieses <a href=\"https:\/\/www.atelierdesgazelles.com\/bateau-transportable\/cotre-aurique\/gazelle-des-sables\">Minisegelboot<\/a> ist das kompakteste unserer transportablen Segelboote.  <\/p>\n<p><img decoding=\"async\" class=\"lazyload alignnone size-medium wp-image-920\" src=\"data:image\/svg+xml,%3Csvg%20xmlns%3D%27http%3A%2F%2Fwww.w3.org%2F2000%2Fsvg%27%20width%3D%27300%27%20height%3D%27200%27%20viewBox%3D%270%200%20300%20200%27%3E%3Crect%20width%3D%27300%27%20height%3D%27200%27%20fill-opacity%3D%220%22%2F%3E%3C%2Fsvg%3E\" data-orig-src=\"https:\/\/www.atelierdesgazelles.com\/wp-content\/uploads\/2016\/02\/vagues-51-e1456504639849-300x200.jpg\" alt=\"kleines Segelschiff-transportierbar-gazelle-des-sables-boat-a-voile-tradition-architect-naval\" width=\"300\" height=\"200\"><\/p>\n<h3><a href=\"https:\/\/www.atelierdesgazelles.com\/bateau-transportable\/cotre-aurique\/gazelle-breizh\/\">Die Breizh-Gazelle<\/a><\/h3>\n<p>Dieses Segelboot verbindet die Freuden einer Jolle mit den Qualit\u00e4ten und dem Komfort eines Kielbootes. Dieses <a href=\"https:\/\/www.atelierdesgazelles.com\/bateau-transportable\/cotre-aurique\/gazelle-breizh\">kleine Segelboot<\/a> mit Ballasttank bietet Platz f\u00fcr bis zu 4 Personen. <\/p>\n<p><strong> <a href=\"https:\/\/www.atelierdesgazelles.com\/wp-content\/uploads\/2015\/10\/gazelle_breizh-59.jpg\"><img decoding=\"async\" class=\"lazyload alignnone size-medium wp-image-557\" src=\"data:image\/svg+xml,%3Csvg%20xmlns%3D%27http%3A%2F%2Fwww.w3.org%2F2000%2Fsvg%27%20width%3D%27300%27%20height%3D%27199%27%20viewBox%3D%270%200%20300%20199%27%3E%3Crect%20width%3D%27300%27%20height%3D%27199%27%20fill-opacity%3D%220%22%2F%3E%3C%2Fsvg%3E\" data-orig-src=\"https:\/\/www.atelierdesgazelles.com\/wp-content\/uploads\/2015\/10\/gazelle_breizh-59-300x199.jpg\" alt=\"kleines Segelschiff-transportierbar-gazelle-des-sables-boat-a-voile-tradition-architect-naval\" width=\"300\" height=\"199\"><\/a><\/strong><\/p>\n<h3><a href=\"https:\/\/www.atelierdesgazelles.com\/bateau-transportable\/cotre-aurique\/gazelle-des-iles\/\">Die Inselgazelle<\/a><\/h3>\n<p>Dies ist das Familienmodell unserer transportablen Segelboote: Mit einer L\u00e4nge von 3,9 m bietet es Platz f\u00fcr bis zu 5 Personen. Dieses <a href=\"https:\/\/www.atelierdesgazelles.com\/bateau-transportable\/cotre-aurique\/gazelle-des-iles\">kleine Boot<\/a> mit Ballast hat 1 oder 2 Masten, um als Aurikel-Sloop oder Aurikel-Schoner zu segeln. <\/p>\n<p><strong> <img decoding=\"async\" class=\"lazyload alignnone size-medium wp-image-807\" src=\"data:image\/svg+xml,%3Csvg%20xmlns%3D%27http%3A%2F%2Fwww.w3.org%2F2000%2Fsvg%27%20width%3D%27300%27%20height%3D%27209%27%20viewBox%3D%270%200%20300%20209%27%3E%3Crect%20width%3D%27300%27%20height%3D%27209%27%20fill-opacity%3D%220%22%2F%3E%3C%2Fsvg%3E\" data-orig-src=\"https:\/\/www.atelierdesgazelles.com\/wp-content\/uploads\/2016\/02\/La-Gazelle-des-Sables-300x209.jpg\" alt=\"kleines Segelschiff-transportierbar-gazelle-des-sables-boat-a-voile-tradition-architect-naval\" width=\"300\" height=\"209\"><\/strong><\/p>\n<h3><a href=\"https:\/\/www.atelierdesgazelles.com\/bateau-transportable\/cotre-aurique\/new-la-gazelle-des-iles-2020\/\" target=\"_blank\" rel=\"noopener\">La Gazelle des \u00eeles 2020<\/a><\/h3>\n<p>Diese <strong><a href=\"https:\/\/www.atelierdesgazelles.com\/bateau-transportable\/cotre-aurique\/new-la-gazelle-des-iles-2020\/\" target=\"_blank\" rel=\"noopener\">kleines Segelboot<\/a><\/strong> Dieses transportable Segelboot ist eine Weiterentwicklung der La Gazelle des Iles. Sie bietet noch mehr Komfort, Spa\u00df und Einfachheit mit einer Vielzahl an angenehmen Verbesserungen. <\/p>\n<p><a href=\"https:\/\/www.atelierdesgazelles.com\/wp-content\/uploads\/2015\/10\/gazelle_des_iles-126.jpg\"><img decoding=\"async\" class=\"lazyload alignnone size-medium wp-image-566\" src=\"data:image\/svg+xml,%3Csvg%20xmlns%3D%27http%3A%2F%2Fwww.w3.org%2F2000%2Fsvg%27%20width%3D%27300%27%20height%3D%27225%27%20viewBox%3D%270%200%20300%20225%27%3E%3Crect%20width%3D%27300%27%20height%3D%27225%27%20fill-opacity%3D%220%22%2F%3E%3C%2Fsvg%3E\" data-orig-src=\"https:\/\/www.atelierdesgazelles.com\/wp-content\/uploads\/2015\/10\/gazelle_des_iles-126-300x225.jpg\" alt=\"kleines_transportables_Schiff_Untertauchbares_Tagesboot_Daysailer\" width=\"300\" height=\"225\"><\/a><\/p>\n<h2><strong><a href=\"https:\/\/www.atelierdesgazelles.com\/bateau-transportable-voile\/\" target=\"_blank\" rel=\"noopener\">Die bretonischen Ruderboote<\/a><\/strong><\/h2>\n<p>&nbsp;<\/p>\n<h3><a href=\"https:\/\/www.atelierdesgazelles.com\/bateau-transportable\/voile-aviron\/lascar-du-toulru\/\">Der Lascar von Toul&#8217;Ru<\/a><\/h3>\n<p>Der Lascar du Toul&#8217;Ru ist eine Mischung aus bretonischem Kanu und Segelruder oder sogar einem Segelbeiboot, au\u00dfergew\u00f6hnlich stabil und sehr spielerisch. Es eignet sich f\u00fcr alle, ob auf dem Meer oder auf dem Fluss. Dieses motorisierte <a href=\"https:\/\/www.atelierdesgazelles.com\/bateau-transportable\/voile-aviron\/lascar-du-toul-ru\">Segel-Ruderboot<\/a> ist perfekt f\u00fcr seine Vielseitigkeit.  <\/p>\n<p><img decoding=\"async\" class=\"lazyload alignnone size-medium wp-image-857\" src=\"data:image\/svg+xml,%3Csvg%20xmlns%3D%27http%3A%2F%2Fwww.w3.org%2F2000%2Fsvg%27%20width%3D%27300%27%20height%3D%27200%27%20viewBox%3D%270%200%20300%20200%27%3E%3Crect%20width%3D%27300%27%20height%3D%27200%27%20fill-opacity%3D%220%22%2F%3E%3C%2Fsvg%3E\" data-orig-src=\"https:\/\/www.atelierdesgazelles.com\/wp-content\/uploads\/2016\/02\/profil-10-300x200.jpg\" alt=\"kleines Segelschiff-transportierbar-gazelle-des-sables-boat-a-voile-tradition-architect-naval\" width=\"300\" height=\"200\"><\/p>\n<h3><a href=\"http:\/\/www.atelierdesgazelles.com\/bateau-transportable\/peche-promenade\/morgat-320\/\">Le Morgat 320<\/a><\/h3>\n<p>Die <a href=\"http:\/\/www.atelierdesgazelles.com\/bateau-transportable\/peche-promenade\/morgat-320\/\" target=\"_blank\" rel=\"noopener\">Morgat 320<\/a> ist ein traditionelles kleines Fischerboot und der gro\u00dfe Bruder des <a href=\"http:\/\/www.atelierdesgazelles.com\/bateau-transportable\/voile-aviron\/lascar-du-toulru\/\" target=\"_blank\" rel=\"noopener\">Lascar du Toul&#8217;Ru<\/a> in der Familie der vielseitigen bretonischen Kanus, die viel Spa\u00df machen. Mit 100 kg an Land ist es eines der leichtesten seiner Klasse und bietet 4 Erwachsenen Platz an Bord. <\/p>\n<p><a href=\"https:\/\/www.atelierdesgazelles.com\/wp-content\/uploads\/2017\/09\/petit-bateau-transportable-www-LaGazelle-des-sables_Morgat6.jpg\"><img decoding=\"async\" class=\"lazyload alignnone size-medium wp-image-3871\" src=\"data:image\/svg+xml,%3Csvg%20xmlns%3D%27http%3A%2F%2Fwww.w3.org%2F2000%2Fsvg%27%20width%3D%27300%27%20height%3D%27162%27%20viewBox%3D%270%200%20300%20162%27%3E%3Crect%20width%3D%27300%27%20height%3D%27162%27%20fill-opacity%3D%220%22%2F%3E%3C%2Fsvg%3E\" data-orig-src=\"https:\/\/www.atelierdesgazelles.com\/wp-content\/uploads\/2017\/09\/petit-bateau-transportable-www-LaGazelle-des-sables_Morgat6-300x162.jpg\" alt=\"Bretonisches Ruderboot Morgat 320 Gazelle des Sables\" width=\"300\" height=\"162\"><\/a><\/p>\n<h2><strong>Die Familie der Barken und Annexe<\/strong><\/h2>\n<h3><a href=\"https:\/\/www.atelierdesgazelles.com\/bateau-transportable\/barque\/a-ballast\/\">La Barque A Ballast<\/a><\/h3>\n<p>Unsere eleganten <strong><a href=\"https:\/\/www.atelierdesgazelles.com\/bateau-transportable\/barque\/la-barque-a-ballast\/\">Boote<\/a><\/strong> sind au\u00dfergew\u00f6hnlich stabil und funktionell, sowohl f\u00fcr die Versorgung und den Transport der Besatzung als auch f\u00fcr die sichere und bequeme Aus\u00fcbung des Angelns, Bootfahrens, Motorbootfahrens &#8230; und des Segelns dank des jederzeit anpassbaren <strong>Segelkits<\/strong>.<\/p>\n<p><img decoding=\"async\" class=\"lazyload alignnone size-medium wp-image-665\" src=\"data:image\/svg+xml,%3Csvg%20xmlns%3D%27http%3A%2F%2Fwww.w3.org%2F2000%2Fsvg%27%20width%3D%27300%27%20height%3D%27199%27%20viewBox%3D%270%200%20300%20199%27%3E%3Crect%20width%3D%27300%27%20height%3D%27199%27%20fill-opacity%3D%220%22%2F%3E%3C%2Fsvg%3E\" data-orig-src=\"https:\/\/www.atelierdesgazelles.com\/wp-content\/uploads\/2016\/01\/barque_de_riviere-33-300x199.jpg\" alt=\"kleines Segelschiff-transportierbar-gazelle-des-sables-boat-a-voile-tradition-architect-naval\" width=\"300\" height=\"199\"><\/p>\n<h3><a href=\"https:\/\/www.atelierdesgazelles.com\/bateau-transportable\/barque\/loustic\/\" target=\"_blank\" rel=\"noopener\">Der Loustic<\/a><\/h3>\n<p>Mit seinem geringen Gewicht, ab 25 kg, bietet das Loustic eine Vielzahl von Vergn\u00fcgen: elegantes traditionelles <strong>Beiboot<\/strong>, Strandger\u00e4t, Ruderboot, es kann auch mit einem Segelset ausgestattet werden, f\u00fcr die Anh\u00e4nger der Freizeitschifffahrt.<\/p>\n<p><a href=\"https:\/\/www.atelierdesgazelles.com\/wp-content\/uploads\/2019\/11\/Loustic-annexe-a-voile-5.jpg\"><img decoding=\"async\" class=\"lazyload alignnone size-medium wp-image-3859\" src=\"data:image\/svg+xml,%3Csvg%20xmlns%3D%27http%3A%2F%2Fwww.w3.org%2F2000%2Fsvg%27%20width%3D%27300%27%20height%3D%27225%27%20viewBox%3D%270%200%20300%20225%27%3E%3Crect%20width%3D%27300%27%20height%3D%27225%27%20fill-opacity%3D%220%22%2F%3E%3C%2Fsvg%3E\" data-orig-src=\"https:\/\/www.atelierdesgazelles.com\/wp-content\/uploads\/2019\/11\/Loustic-annexe-a-voile-5-300x225.jpg\" alt=\"kleine_Barke\" width=\"300\" height=\"225\"><\/a><\/p>\n<h3>Das Ruderboot in Godille<\/h3>\n<p>Kommen Sie bald wieder.<\/p>\n<p><a href=\"https:\/\/www.atelierdesgazelles.com\/wp-content\/uploads\/2017\/09\/canot-a-godille.png\"><img decoding=\"async\" class=\"lazyload alignnone size-medium wp-image-3868\" src=\"data:image\/svg+xml,%3Csvg%20xmlns%3D%27http%3A%2F%2Fwww.w3.org%2F2000%2Fsvg%27%20width%3D%27300%27%20height%3D%27201%27%20viewBox%3D%270%200%20300%20201%27%3E%3Crect%20width%3D%27300%27%20height%3D%27201%27%20fill-opacity%3D%220%22%2F%3E%3C%2Fsvg%3E\" data-orig-src=\"https:\/\/www.atelierdesgazelles.com\/wp-content\/uploads\/2017\/09\/canot-a-godille-300x201.png\" alt=\"Bretonisches Ruderboot Morgat 320 Gazelle des Sables\" width=\"300\" height=\"201\"><\/a><\/p>\n<h2><strong>100% Motorboote  <\/strong><\/h2>\n<h3><a href=\"http:\/\/www.atelierdesgazelles.com\/bateau-transportable\/peche-promenade\/petite-embarcation-canot-automobile\/\" target=\"_blank\" rel=\"noopener\">Le De L&#8217;Orch\u00e8re<\/a><\/h3>\n<p>Unsere italienischen Miniboote unter den Motorbooten sind als 2- oder 4-Sitzer erh\u00e4ltlich. Ausgestattet mit einem Elektro- oder Verbrennungsmotor, Sie haben die Wahl. <\/p>\n<p><a href=\"https:\/\/www.atelierdesgazelles.com\/wp-content\/uploads\/2019\/10\/petit-bateau-voile-annexe-lagazelledesables5.png\"><img decoding=\"async\" class=\"lazyload alignnone size-medium wp-image-3793\" src=\"data:image\/svg+xml,%3Csvg%20xmlns%3D%27http%3A%2F%2Fwww.w3.org%2F2000%2Fsvg%27%20width%3D%27300%27%20height%3D%27134%27%20viewBox%3D%270%200%20300%20134%27%3E%3Crect%20width%3D%27300%27%20height%3D%27134%27%20fill-opacity%3D%220%22%2F%3E%3C%2Fsvg%3E\" data-orig-src=\"https:\/\/www.atelierdesgazelles.com\/wp-content\/uploads\/2019\/10\/petit-bateau-voile-annexe-lagazelledesables5-300x134.png\" alt=\"kleines Segelschiff-Annex-lagazelledesables5\" width=\"300\" height=\"134\"><\/a><\/p>\n","protected":false},"excerpt":{"rendered":"<p>Unsere Segelboote und transportablen Boote Als Spezialist f\u00fcr kleine, transportable  [&#8230;]<\/p>\n","protected":false},"author":1,"featured_media":22941,"parent":0,"menu_order":0,"comment_status":"closed","ping_status":"closed","template":"","meta":{"_acf_changed":false,"inline_featured_image":false,"footnotes":""},"class_list":["post-26577","page","type-page","status-publish","has-post-thumbnail","hentry"],"acf":[],"yoast_head":"<!-- This site is optimized with the Yoast SEO plugin v27.4 - https:\/\/yoast.com\/product\/yoast-seo-wordpress\/ -->\n<title>Unsere Schiffe - Atelier des Gazelles%<\/title>\n<meta name=\"robots\" content=\"index, follow, max-snippet:-1, max-image-preview:large, max-video-preview:-1\" \/>\n<link rel=\"canonical\" href=\"https:\/\/www.atelierdesgazelles.com\/de\/unsere-schiffe\/\" \/>\n<meta property=\"og:locale\" content=\"de_DE\" \/>\n<meta property=\"og:type\" content=\"article\" \/>\n<meta property=\"og:title\" content=\"Unsere Schiffe - Atelier des Gazelles%\" \/>\n<meta property=\"og:description\" content=\"Unsere Segelboote und transportablen Boote Als Spezialist f\u00fcr kleine, transportable [...]\" \/>\n<meta property=\"og:url\" content=\"https:\/\/www.atelierdesgazelles.com\/de\/unsere-schiffe\/\" \/>\n<meta property=\"og:site_name\" content=\"Atelier des Gazelles\" \/>\n<meta property=\"article:publisher\" content=\"https:\/\/www.facebook.com\/people\/LAtelier-Des-Gazelles\/61573097917505\/\" \/>\n<meta property=\"og:image\" content=\"https:\/\/www.atelierdesgazelles.com\/wp-content\/uploads\/2024\/07\/IMG_7250.jpg\" \/>\n\t<meta property=\"og:image:width\" content=\"2461\" \/>\n\t<meta property=\"og:image:height\" content=\"2461\" \/>\n\t<meta property=\"og:image:type\" content=\"image\/jpeg\" \/>\n<meta name=\"twitter:card\" content=\"summary_large_image\" \/>\n<meta name=\"twitter:label1\" content=\"Gesch\u00e4tzte Lesezeit\" \/>\n\t<meta name=\"twitter:data1\" content=\"2 Minuten\" \/>\n<script type=\"application\/ld+json\" class=\"yoast-schema-graph\">{\"@context\":\"https:\\\/\\\/schema.org\",\"@graph\":[{\"@type\":\"WebPage\",\"@id\":\"https:\\\/\\\/www.atelierdesgazelles.com\\\/de\\\/unsere-schiffe\\\/\",\"url\":\"https:\\\/\\\/www.atelierdesgazelles.com\\\/de\\\/unsere-schiffe\\\/\",\"name\":\"Unsere Schiffe - Atelier des Gazelles%\",\"isPartOf\":{\"@id\":\"https:\\\/\\\/www.atelierdesgazelles.com\\\/de\\\/#website\"},\"primaryImageOfPage\":{\"@id\":\"https:\\\/\\\/www.atelierdesgazelles.com\\\/de\\\/unsere-schiffe\\\/#primaryimage\"},\"image\":{\"@id\":\"https:\\\/\\\/www.atelierdesgazelles.com\\\/de\\\/unsere-schiffe\\\/#primaryimage\"},\"thumbnailUrl\":\"https:\\\/\\\/www.atelierdesgazelles.com\\\/wp-content\\\/uploads\\\/2024\\\/07\\\/IMG_7250.jpg\",\"datePublished\":\"2025-04-30T12:57:29+00:00\",\"breadcrumb\":{\"@id\":\"https:\\\/\\\/www.atelierdesgazelles.com\\\/de\\\/unsere-schiffe\\\/#breadcrumb\"},\"inLanguage\":\"de\",\"potentialAction\":[{\"@type\":\"ReadAction\",\"target\":[\"https:\\\/\\\/www.atelierdesgazelles.com\\\/de\\\/unsere-schiffe\\\/\"]}]},{\"@type\":\"ImageObject\",\"inLanguage\":\"de\",\"@id\":\"https:\\\/\\\/www.atelierdesgazelles.com\\\/de\\\/unsere-schiffe\\\/#primaryimage\",\"url\":\"https:\\\/\\\/www.atelierdesgazelles.com\\\/wp-content\\\/uploads\\\/2024\\\/07\\\/IMG_7250.jpg\",\"contentUrl\":\"https:\\\/\\\/www.atelierdesgazelles.com\\\/wp-content\\\/uploads\\\/2024\\\/07\\\/IMG_7250.jpg\",\"width\":2461,\"height\":2461},{\"@type\":\"BreadcrumbList\",\"@id\":\"https:\\\/\\\/www.atelierdesgazelles.com\\\/de\\\/unsere-schiffe\\\/#breadcrumb\",\"itemListElement\":[{\"@type\":\"ListItem\",\"position\":1,\"name\":\"Accueil\",\"item\":\"https:\\\/\\\/www.atelierdesgazelles.com\\\/de\\\/\"},{\"@type\":\"ListItem\",\"position\":2,\"name\":\"Unsere Schiffe\"}]},{\"@type\":\"WebSite\",\"@id\":\"https:\\\/\\\/www.atelierdesgazelles.com\\\/de\\\/#website\",\"url\":\"https:\\\/\\\/www.atelierdesgazelles.com\\\/de\\\/\",\"name\":\"l'Atelier des Gazelles\",\"description\":\"Franz\u00f6sischer Hersteller von transportablen Booten und kleinen Segelbooten\",\"publisher\":{\"@id\":\"https:\\\/\\\/www.atelierdesgazelles.com\\\/de\\\/#organization\"},\"potentialAction\":[{\"@type\":\"SearchAction\",\"target\":{\"@type\":\"EntryPoint\",\"urlTemplate\":\"https:\\\/\\\/www.atelierdesgazelles.com\\\/de\\\/?s={search_term_string}\"},\"query-input\":{\"@type\":\"PropertyValueSpecification\",\"valueRequired\":true,\"valueName\":\"search_term_string\"}}],\"inLanguage\":\"de\"},{\"@type\":\"Organization\",\"@id\":\"https:\\\/\\\/www.atelierdesgazelles.com\\\/de\\\/#organization\",\"name\":\"Atelier des Gazelles\",\"url\":\"https:\\\/\\\/www.atelierdesgazelles.com\\\/de\\\/\",\"logo\":{\"@type\":\"ImageObject\",\"inLanguage\":\"de\",\"@id\":\"https:\\\/\\\/www.atelierdesgazelles.com\\\/de\\\/#\\\/schema\\\/logo\\\/image\\\/\",\"url\":\"https:\\\/\\\/www.atelierdesgazelles.com\\\/wp-content\\\/uploads\\\/2025\\\/07\\\/LOGOTYPE--e1757420449423.png\",\"contentUrl\":\"https:\\\/\\\/www.atelierdesgazelles.com\\\/wp-content\\\/uploads\\\/2025\\\/07\\\/LOGOTYPE--e1757420449423.png\",\"width\":500,\"height\":498,\"caption\":\"Atelier des Gazelles\"},\"image\":{\"@id\":\"https:\\\/\\\/www.atelierdesgazelles.com\\\/de\\\/#\\\/schema\\\/logo\\\/image\\\/\"},\"sameAs\":[\"https:\\\/\\\/www.facebook.com\\\/people\\\/LAtelier-Des-Gazelles\\\/61573097917505\\\/\",\"https:\\\/\\\/www.youtube.com\\\/channel\\\/UCIjVXLt-UMv85l9CpZ_PtLw\",\"https:\\\/\\\/www.instagram.com\\\/l_atelierdesgazelles\\\/?igsh=NXcxOWpzZXRoZ2Nn&utm_source=qr\"]}]}<\/script>\n<!-- \/ Yoast SEO plugin. -->","yoast_head_json":{"title":"Unsere Schiffe - Atelier des Gazelles%","robots":{"index":"index","follow":"follow","max-snippet":"max-snippet:-1","max-image-preview":"max-image-preview:large","max-video-preview":"max-video-preview:-1"},"canonical":"https:\/\/www.atelierdesgazelles.com\/de\/unsere-schiffe\/","og_locale":"de_DE","og_type":"article","og_title":"Unsere Schiffe - Atelier des Gazelles%","og_description":"Unsere Segelboote und transportablen Boote Als Spezialist f\u00fcr kleine, transportable [...]","og_url":"https:\/\/www.atelierdesgazelles.com\/de\/unsere-schiffe\/","og_site_name":"Atelier des Gazelles","article_publisher":"https:\/\/www.facebook.com\/people\/LAtelier-Des-Gazelles\/61573097917505\/","og_image":[{"width":2461,"height":2461,"url":"https:\/\/www.atelierdesgazelles.com\/wp-content\/uploads\/2024\/07\/IMG_7250.jpg","type":"image\/jpeg"}],"twitter_card":"summary_large_image","twitter_misc":{"Gesch\u00e4tzte Lesezeit":"2 Minuten"},"schema":{"@context":"https:\/\/schema.org","@graph":[{"@type":"WebPage","@id":"https:\/\/www.atelierdesgazelles.com\/de\/unsere-schiffe\/","url":"https:\/\/www.atelierdesgazelles.com\/de\/unsere-schiffe\/","name":"Unsere Schiffe - Atelier des Gazelles%","isPartOf":{"@id":"https:\/\/www.atelierdesgazelles.com\/de\/#website"},"primaryImageOfPage":{"@id":"https:\/\/www.atelierdesgazelles.com\/de\/unsere-schiffe\/#primaryimage"},"image":{"@id":"https:\/\/www.atelierdesgazelles.com\/de\/unsere-schiffe\/#primaryimage"},"thumbnailUrl":"https:\/\/www.atelierdesgazelles.com\/wp-content\/uploads\/2024\/07\/IMG_7250.jpg","datePublished":"2025-04-30T12:57:29+00:00","breadcrumb":{"@id":"https:\/\/www.atelierdesgazelles.com\/de\/unsere-schiffe\/#breadcrumb"},"inLanguage":"de","potentialAction":[{"@type":"ReadAction","target":["https:\/\/www.atelierdesgazelles.com\/de\/unsere-schiffe\/"]}]},{"@type":"ImageObject","inLanguage":"de","@id":"https:\/\/www.atelierdesgazelles.com\/de\/unsere-schiffe\/#primaryimage","url":"https:\/\/www.atelierdesgazelles.com\/wp-content\/uploads\/2024\/07\/IMG_7250.jpg","contentUrl":"https:\/\/www.atelierdesgazelles.com\/wp-content\/uploads\/2024\/07\/IMG_7250.jpg","width":2461,"height":2461},{"@type":"BreadcrumbList","@id":"https:\/\/www.atelierdesgazelles.com\/de\/unsere-schiffe\/#breadcrumb","itemListElement":[{"@type":"ListItem","position":1,"name":"Accueil","item":"https:\/\/www.atelierdesgazelles.com\/de\/"},{"@type":"ListItem","position":2,"name":"Unsere Schiffe"}]},{"@type":"WebSite","@id":"https:\/\/www.atelierdesgazelles.com\/de\/#website","url":"https:\/\/www.atelierdesgazelles.com\/de\/","name":"l'Atelier des Gazelles","description":"Franz\u00f6sischer Hersteller von transportablen Booten und kleinen Segelbooten","publisher":{"@id":"https:\/\/www.atelierdesgazelles.com\/de\/#organization"},"potentialAction":[{"@type":"SearchAction","target":{"@type":"EntryPoint","urlTemplate":"https:\/\/www.atelierdesgazelles.com\/de\/?s={search_term_string}"},"query-input":{"@type":"PropertyValueSpecification","valueRequired":true,"valueName":"search_term_string"}}],"inLanguage":"de"},{"@type":"Organization","@id":"https:\/\/www.atelierdesgazelles.com\/de\/#organization","name":"Atelier des Gazelles","url":"https:\/\/www.atelierdesgazelles.com\/de\/","logo":{"@type":"ImageObject","inLanguage":"de","@id":"https:\/\/www.atelierdesgazelles.com\/de\/#\/schema\/logo\/image\/","url":"https:\/\/www.atelierdesgazelles.com\/wp-content\/uploads\/2025\/07\/LOGOTYPE--e1757420449423.png","contentUrl":"https:\/\/www.atelierdesgazelles.com\/wp-content\/uploads\/2025\/07\/LOGOTYPE--e1757420449423.png","width":500,"height":498,"caption":"Atelier des Gazelles"},"image":{"@id":"https:\/\/www.atelierdesgazelles.com\/de\/#\/schema\/logo\/image\/"},"sameAs":["https:\/\/www.facebook.com\/people\/LAtelier-Des-Gazelles\/61573097917505\/","https:\/\/www.youtube.com\/channel\/UCIjVXLt-UMv85l9CpZ_PtLw","https:\/\/www.instagram.com\/l_atelierdesgazelles\/?igsh=NXcxOWpzZXRoZ2Nn&utm_source=qr"]}]}},"_links":{"self":[{"href":"https:\/\/www.atelierdesgazelles.com\/de\/wp-json\/wp\/v2\/pages\/26577","targetHints":{"allow":["GET"]}}],"collection":[{"href":"https:\/\/www.atelierdesgazelles.com\/de\/wp-json\/wp\/v2\/pages"}],"about":[{"href":"https:\/\/www.atelierdesgazelles.com\/de\/wp-json\/wp\/v2\/types\/page"}],"author":[{"embeddable":true,"href":"https:\/\/www.atelierdesgazelles.com\/de\/wp-json\/wp\/v2\/users\/1"}],"replies":[{"embeddable":true,"href":"https:\/\/www.atelierdesgazelles.com\/de\/wp-json\/wp\/v2\/comments?post=26577"}],"version-history":[{"count":0,"href":"https:\/\/www.atelierdesgazelles.com\/de\/wp-json\/wp\/v2\/pages\/26577\/revisions"}],"wp:featuredmedia":[{"embeddable":true,"href":"https:\/\/www.atelierdesgazelles.com\/de\/wp-json\/wp\/v2\/media\/22941"}],"wp:attachment":[{"href":"https:\/\/www.atelierdesgazelles.com\/de\/wp-json\/wp\/v2\/media?parent=26577"}],"curies":[{"name":"wp","href":"https:\/\/api.w.org\/{rel}","templated":true}]}}