{"id":26561,"date":"2025-09-12T08:49:11","date_gmt":"2025-09-12T06:49:11","guid":{"rendered":"https:\/\/www.atelierdesgazelles.com\/datenschutzrichtlinie\/"},"modified":"2025-10-29T16:58:52","modified_gmt":"2025-10-29T15:58:52","slug":"datenschutzrichtlinie","status":"publish","type":"page","link":"https:\/\/www.atelierdesgazelles.com\/de\/datenschutzrichtlinie\/","title":{"rendered":"Datenschutzrichtlinie"},"content":{"rendered":"&#13;\n<h1 class=\"wp-block-heading\"><b>Datenschutzrichtlinie<\/b><\/h1>&#13;\n<p><b>Derni\u00e8re mise \u00e0 jour : [17 juin 2025]<\/b><\/p>&#13;\n<p><span style=\"font-weight: 400;\">Le site<\/span><a href=\"http:\/\/www.atelierdesgazelles.com\"> <span style=\"font-weight: 400;\">www.bowlingcity.fr<\/span><\/a><span style=\"font-weight: 400;\"> est \u00e9dit\u00e9 par <\/span><b>Atelier des gazelles<\/b><span style=\"font-weight: 400;\">, en collaboration avec l\u2019agence <\/span><b>Net Concept<\/b><span style=\"font-weight: 400;\"> pour sa conception et sa maintenance. Nous nous engageons \u00e0 respecter votre vie priv\u00e9e et \u00e0 prot\u00e9ger les donn\u00e9es personnelles que vous nous confiez.<\/span><\/p>&#13;\n<h2 class=\"wp-block-heading\">\u00a0<\/h2>&#13;\n<h2><b>1. Verantwortlich f\u00fcr die Verarbeitung<\/b><\/h2>&#13;\n<p><span style=\"font-weight: 400;\">Le responsable du traitement des donn\u00e9es est :<\/span><\/p>&#13;\n<p><span style=\"font-weight: 400;\"><b>Atelier des Gazelles <\/b><\/span><span style=\"font-weight: 400;\">Adresse : 90, rue de la Soie ZA de la Murie 49170 Saint Georges sur Loire FRANCE<\/span><span style=\"font-weight: 400;\"><br\/><\/span><span style=\"font-weight: 400;\"> Email : contact@atelierdesgazelles.com<\/span><span style=\"font-weight: 400;\"><br\/><\/span><span style=\"font-weight: 400;\"> T\u00e9l\u00e9phone : 06.61.38.17.80<\/span><\/p>&#13;\n<h2 class=\"wp-block-heading\">\u00a0<\/h2>&#13;\n<h2><b>2. Gesammelte Daten<\/b><\/h2>&#13;\n<p><span style=\"font-weight: 400;\">Nous collectons uniquement les donn\u00e9es strictement n\u00e9cessaires dans les cas suivants :<\/span><\/p>&#13;\n<ul>&#13;\n<li style=\"font-weight: 400;\" aria-level=\"1\"><span style=\"font-weight: 400;\">Formulaire de contact : nom, pr\u00e9nom, adresse email, message.<\/span><span style=\"font-weight: 400;\"><br\/><br\/><\/span><\/li>&#13;\n<li style=\"font-weight: 400;\" aria-level=\"1\"><span style=\"font-weight: 400;\">R\u00e9servation (si applicable) : nom, pr\u00e9nom, coordonn\u00e9es, date\/heure de r\u00e9servation.<\/span><span style=\"font-weight: 400;\"><br\/><br\/><\/span><\/li>&#13;\n<li style=\"font-weight: 400;\" aria-level=\"1\"><span style=\"font-weight: 400;\">Inscription \u00e0 la newsletter (si pr\u00e9sente) : adresse email.<\/span><span style=\"font-weight: 400;\"><br\/><br\/><\/span><\/li>&#13;\n<li style=\"font-weight: 400;\" aria-level=\"1\"><span style=\"font-weight: 400;\">Donn\u00e9es de navigation via les cookies.<\/span><span style=\"font-weight: 400;\"><br\/><br\/><\/span><\/li>&#13;\n<\/ul>&#13;\n<h2><b>3. Zweck der Verarbeitung<\/b><\/h2>&#13;\n<p><span style=\"font-weight: 400;\">Vos donn\u00e9es personnelles sont collect\u00e9es pour :<\/span><\/p>&#13;\n<ul>&#13;\n<li style=\"font-weight: 400;\" aria-level=\"1\"><span style=\"font-weight: 400;\">R\u00e9pondre \u00e0 vos demandes via le formulaire de contact.<\/span><span style=\"font-weight: 400;\"><br\/><br\/><\/span><\/li>&#13;\n<li style=\"font-weight: 400;\" aria-level=\"1\"><span style=\"font-weight: 400;\">G\u00e9rer vos r\u00e9servations et demandes de renseignements.<\/span><span style=\"font-weight: 400;\"><br\/><br\/><\/span><\/li>&#13;\n<li style=\"font-weight: 400;\" aria-level=\"1\"><span style=\"font-weight: 400;\">Vous envoyez des communications marketing si vous y avez consenti.<\/span><span style=\"font-weight: 400;\"><br\/><br\/><\/span><\/li>&#13;\n<li style=\"font-weight: 400;\" aria-level=\"1\"><span style=\"font-weight: 400;\">Am\u00e9liorer votre exp\u00e9rience utilisateur sur le site.<\/span><span style=\"font-weight: 400;\"><br\/><br\/><\/span><\/li>&#13;\n<\/ul>&#13;\n<h2><b>4. Rechtsgrundlage der Verarbeitung<\/b><\/h2>&#13;\n<p><span style=\"font-weight: 400;\">Conform\u00e9ment au R\u00e8glement G\u00e9n\u00e9ral sur la Protection des Donn\u00e9es (RGPD), la base l\u00e9gale du traitement peut \u00eatre :<\/span><\/p>&#13;\n<ul>&#13;\n<li style=\"font-weight: 400;\" aria-level=\"1\"><span style=\"font-weight: 400;\">Votre consentement (formulaire de contact, newsletter).<\/span><span style=\"font-weight: 400;\"><br\/><br\/><\/span><\/li>&#13;\n<li style=\"font-weight: 400;\" aria-level=\"1\"><span style=\"font-weight: 400;\">L\u2019ex\u00e9cution d\u2019un contrat ou de mesures pr\u00e9contractuelles (r\u00e9servations).<\/span><span style=\"font-weight: 400;\"><br\/><br\/><\/span><\/li>&#13;\n<li style=\"font-weight: 400;\" aria-level=\"1\"><span style=\"font-weight: 400;\">L\u2019int\u00e9r\u00eat l\u00e9gitime du responsable du traitement (statistiques de visite).<\/span><span style=\"font-weight: 400;\"><br\/><br\/><\/span><\/li>&#13;\n<\/ul>&#13;\n<h2><b>5. Dauer der Aufbewahrung<\/b><\/h2>&#13;\n<p><span style=\"font-weight: 400;\">Vos donn\u00e9es sont conserv\u00e9es uniquement pendant la dur\u00e9e n\u00e9cessaire aux finalit\u00e9s pour lesquelles elles ont \u00e9t\u00e9 collect\u00e9es :<\/span><\/p>&#13;\n<ul>&#13;\n<li style=\"font-weight: 400;\" aria-level=\"1\"><span style=\"font-weight: 400;\">Donn\u00e9es de contact : 3 ans apr\u00e8s le dernier contact.<\/span><span style=\"font-weight: 400;\"><br\/><br\/><\/span><\/li>&#13;\n<li style=\"font-weight: 400;\" aria-level=\"1\"><span style=\"font-weight: 400;\">Donn\u00e9es li\u00e9es \u00e0 la r\u00e9servation : pendant 5 ans (obligations l\u00e9gales).<\/span><span style=\"font-weight: 400;\"><br\/><br\/><\/span><\/li>&#13;\n<li style=\"font-weight: 400;\" aria-level=\"1\"><span style=\"font-weight: 400;\">Cookies : 13 mois maximum.<\/span><span style=\"font-weight: 400;\"><br\/><br\/><\/span><\/li>&#13;\n<\/ul>&#13;\n<h2><b>6. Empf\u00e4nger der Daten<\/b><\/h2>&#13;\n<p><span style=\"font-weight: 400;\">Vos donn\u00e9es ne sont jamais vendues ni transmises \u00e0 des tiers \u00e0 des fins commerciales.<\/span><\/p>&#13;\n<p><span style=\"font-weight: 400;\">Elles peuvent \u00eatre transmises \u00e0 :<\/span><\/p>&#13;\n<ul>&#13;\n<li style=\"font-weight: 400;\" aria-level=\"1\"><span style=\"font-weight: 400;\">L\u2019\u00e9quipe interne d&#8217;Atelier des gazelles pour traitement.<\/span><span style=\"font-weight: 400;\"><br\/><br\/><\/span><\/li>&#13;\n<li style=\"font-weight: 400;\" aria-level=\"1\"><span style=\"font-weight: 400;\">L\u2019h\u00e9bergeur du site web.<\/span><span style=\"font-weight: 400;\"><br\/><br\/><\/span><\/li>&#13;\n<li style=\"font-weight: 400;\" aria-level=\"1\"><span style=\"font-weight: 400;\">Les prestataires techniques dans le cadre de la maintenance du site, notamment l\u2019agence <\/span><b>Net Concept<\/b><span style=\"font-weight: 400;\">, agissant en tant que sous-traitant.<\/span><span style=\"font-weight: 400;\"><br\/><br\/><\/span><\/li>&#13;\n<\/ul>&#13;\n<h2><b>7. Datensicherheit<\/b><\/h2>&#13;\n<p><span style=\"font-weight: 400;\">Nous mettons en \u0153uvre des mesures techniques et organisationnelles appropri\u00e9es pour garantir la s\u00e9curit\u00e9 de vos donn\u00e9es personnelles (connexion s\u00e9curis\u00e9e HTTPS, acc\u00e8s restreint aux donn\u00e9es, sauvegardes r\u00e9guli\u00e8res\u2026).<\/span><\/p>&#13;\n<h2 class=\"wp-block-heading\">\u00a0<\/h2>&#13;\n<h2><b>8. Ihre Rechte<\/b><\/h2>&#13;\n<p><span style=\"font-weight: 400;\">Conform\u00e9ment \u00e0 la r\u00e9glementation en vigueur, vous disposez des droits suivants :<\/span><\/p>&#13;\n<ul>&#13;\n<li style=\"font-weight: 400;\" aria-level=\"1\"><span style=\"font-weight: 400;\">Droit d\u2019acc\u00e8s \u00e0 vos donn\u00e9es.<\/span><span style=\"font-weight: 400;\"><br\/><br\/><\/span><\/li>&#13;\n<li style=\"font-weight: 400;\" aria-level=\"1\"><span style=\"font-weight: 400;\">Droit de rectification ou de suppression.<\/span><span style=\"font-weight: 400;\"><br\/><br\/><\/span><\/li>&#13;\n<li style=\"font-weight: 400;\" aria-level=\"1\"><span style=\"font-weight: 400;\">Droit d\u2019opposition ou de limitation du traitement.<\/span><span style=\"font-weight: 400;\"><br\/><br\/><\/span><\/li>&#13;\n<li style=\"font-weight: 400;\" aria-level=\"1\"><span style=\"font-weight: 400;\">Droit \u00e0 la portabilit\u00e9 de vos donn\u00e9es.<\/span><span style=\"font-weight: 400;\"><br\/><br\/><\/span><\/li>&#13;\n<li style=\"font-weight: 400;\" aria-level=\"1\"><span style=\"font-weight: 400;\">Droit de retrait de votre consentement \u00e0 tout moment.<\/span><span style=\"font-weight: 400;\"><br\/><br\/><\/span><\/li>&#13;\n<\/ul>&#13;\n<p><span style=\"font-weight: 400;\">Pour exercer vos droits, vous pouvez nous contacter \u00e0 :<\/span><span style=\"font-weight: 400;\"><br\/><\/span> <b>Email : contact@atelierdesgazelles.com<\/b><\/p>&#13;\n<p><span style=\"font-weight: 400;\">Vous pouvez \u00e9galement introduire une r\u00e9clamation aupr\u00e8s de la CNIL :<\/span><a href=\"http:\/\/www.cnil.fr\"> <span style=\"font-weight: 400;\">www.cnil.fr<\/span><\/a><\/p>&#13;\n<h2 class=\"wp-block-heading\">\u00a0<\/h2>&#13;\n<h2><b>9. Cookies<\/b><\/h2>&#13;\n<p><span style=\"font-weight: 400;\">Le site utilise des cookies pour am\u00e9liorer l\u2019exp\u00e9rience de navigation, mesurer l\u2019audience et proposer des contenus adapt\u00e9s.<\/span><\/p>&#13;\n<p><span style=\"font-weight: 400;\">Vous pouvez g\u00e9rer vos pr\u00e9f\u00e9rences en mati\u00e8re de cookies via le bandeau pr\u00e9vu \u00e0 cet effet lors de votre premi\u00e8re visite.<\/span><\/p>&#13;\n<h2 class=\"wp-block-heading\">\u00a0<\/h2>&#13;\n<h2><b>10. \u00c4nderungen<\/b><\/h2>&#13;\n<p><span style=\"font-weight: 400;\">La pr\u00e9sente politique peut \u00eatre modifi\u00e9e \u00e0 tout moment. Nous vous conseillons de la consulter r\u00e9guli\u00e8rement.<\/span><\/p>","protected":false},"excerpt":{"rendered":"<p>&#13; Datenschutzrichtlinie &#13; Derni\u00e8re mise \u00e0 jour : [17 juin  [&#8230;]<\/p>\n","protected":false},"author":5,"featured_media":22941,"parent":0,"menu_order":0,"comment_status":"closed","ping_status":"closed","template":"","meta":{"_acf_changed":false,"inline_featured_image":false,"footnotes":""},"class_list":["post-26561","page","type-page","status-publish","has-post-thumbnail","hentry"],"acf":[],"yoast_head":"<!-- This site is optimized with the Yoast SEO plugin v27.4 - https:\/\/yoast.com\/product\/yoast-seo-wordpress\/ -->\n<title>Datenschutzrichtlinie - Atelier des Gazelles%<\/title>\n<meta name=\"robots\" content=\"index, follow, max-snippet:-1, max-image-preview:large, max-video-preview:-1\" \/>\n<link rel=\"canonical\" href=\"https:\/\/www.atelierdesgazelles.com\/de\/datenschutzrichtlinie\/\" \/>\n<meta property=\"og:locale\" content=\"de_DE\" \/>\n<meta property=\"og:type\" content=\"article\" \/>\n<meta property=\"og:title\" content=\"Datenschutzrichtlinie - Atelier des Gazelles%\" \/>\n<meta property=\"og:description\" content=\"&#013; Datenschutzrichtlinie &#013; Derni\u00e8re mise \u00e0 jour : [17 juin [...]\" \/>\n<meta property=\"og:url\" content=\"https:\/\/www.atelierdesgazelles.com\/de\/datenschutzrichtlinie\/\" \/>\n<meta property=\"og:site_name\" content=\"Atelier des Gazelles\" \/>\n<meta property=\"article:publisher\" content=\"https:\/\/www.facebook.com\/people\/LAtelier-Des-Gazelles\/61573097917505\/\" \/>\n<meta property=\"article:modified_time\" content=\"2025-10-29T15:58:52+00:00\" \/>\n<meta property=\"og:image\" content=\"https:\/\/www.atelierdesgazelles.com\/wp-content\/uploads\/2024\/07\/IMG_7250.jpg\" \/>\n\t<meta property=\"og:image:width\" content=\"2461\" \/>\n\t<meta property=\"og:image:height\" content=\"2461\" \/>\n\t<meta property=\"og:image:type\" content=\"image\/jpeg\" \/>\n<meta name=\"twitter:card\" content=\"summary_large_image\" \/>\n<meta name=\"twitter:label1\" content=\"Gesch\u00e4tzte Lesezeit\" \/>\n\t<meta name=\"twitter:data1\" content=\"3 Minuten\" \/>\n<script type=\"application\/ld+json\" class=\"yoast-schema-graph\">{\"@context\":\"https:\\\/\\\/schema.org\",\"@graph\":[{\"@type\":\"WebPage\",\"@id\":\"https:\\\/\\\/www.atelierdesgazelles.com\\\/de\\\/datenschutzrichtlinie\\\/\",\"url\":\"https:\\\/\\\/www.atelierdesgazelles.com\\\/de\\\/datenschutzrichtlinie\\\/\",\"name\":\"Datenschutzrichtlinie - Atelier des Gazelles%\",\"isPartOf\":{\"@id\":\"https:\\\/\\\/www.atelierdesgazelles.com\\\/de\\\/#website\"},\"primaryImageOfPage\":{\"@id\":\"https:\\\/\\\/www.atelierdesgazelles.com\\\/de\\\/datenschutzrichtlinie\\\/#primaryimage\"},\"image\":{\"@id\":\"https:\\\/\\\/www.atelierdesgazelles.com\\\/de\\\/datenschutzrichtlinie\\\/#primaryimage\"},\"thumbnailUrl\":\"https:\\\/\\\/www.atelierdesgazelles.com\\\/wp-content\\\/uploads\\\/2024\\\/07\\\/IMG_7250.jpg\",\"datePublished\":\"2025-09-12T06:49:11+00:00\",\"dateModified\":\"2025-10-29T15:58:52+00:00\",\"breadcrumb\":{\"@id\":\"https:\\\/\\\/www.atelierdesgazelles.com\\\/de\\\/datenschutzrichtlinie\\\/#breadcrumb\"},\"inLanguage\":\"de\",\"potentialAction\":[{\"@type\":\"ReadAction\",\"target\":[\"https:\\\/\\\/www.atelierdesgazelles.com\\\/de\\\/datenschutzrichtlinie\\\/\"]}]},{\"@type\":\"ImageObject\",\"inLanguage\":\"de\",\"@id\":\"https:\\\/\\\/www.atelierdesgazelles.com\\\/de\\\/datenschutzrichtlinie\\\/#primaryimage\",\"url\":\"https:\\\/\\\/www.atelierdesgazelles.com\\\/wp-content\\\/uploads\\\/2024\\\/07\\\/IMG_7250.jpg\",\"contentUrl\":\"https:\\\/\\\/www.atelierdesgazelles.com\\\/wp-content\\\/uploads\\\/2024\\\/07\\\/IMG_7250.jpg\",\"width\":2461,\"height\":2461},{\"@type\":\"BreadcrumbList\",\"@id\":\"https:\\\/\\\/www.atelierdesgazelles.com\\\/de\\\/datenschutzrichtlinie\\\/#breadcrumb\",\"itemListElement\":[{\"@type\":\"ListItem\",\"position\":1,\"name\":\"Accueil\",\"item\":\"https:\\\/\\\/www.atelierdesgazelles.com\\\/de\\\/\"},{\"@type\":\"ListItem\",\"position\":2,\"name\":\"Datenschutzrichtlinie\"}]},{\"@type\":\"WebSite\",\"@id\":\"https:\\\/\\\/www.atelierdesgazelles.com\\\/de\\\/#website\",\"url\":\"https:\\\/\\\/www.atelierdesgazelles.com\\\/de\\\/\",\"name\":\"l'Atelier des Gazelles\",\"description\":\"Franz\u00f6sischer Hersteller von transportablen Booten und kleinen Segelbooten\",\"publisher\":{\"@id\":\"https:\\\/\\\/www.atelierdesgazelles.com\\\/de\\\/#organization\"},\"potentialAction\":[{\"@type\":\"SearchAction\",\"target\":{\"@type\":\"EntryPoint\",\"urlTemplate\":\"https:\\\/\\\/www.atelierdesgazelles.com\\\/de\\\/?s={search_term_string}\"},\"query-input\":{\"@type\":\"PropertyValueSpecification\",\"valueRequired\":true,\"valueName\":\"search_term_string\"}}],\"inLanguage\":\"de\"},{\"@type\":\"Organization\",\"@id\":\"https:\\\/\\\/www.atelierdesgazelles.com\\\/de\\\/#organization\",\"name\":\"Atelier des Gazelles\",\"url\":\"https:\\\/\\\/www.atelierdesgazelles.com\\\/de\\\/\",\"logo\":{\"@type\":\"ImageObject\",\"inLanguage\":\"de\",\"@id\":\"https:\\\/\\\/www.atelierdesgazelles.com\\\/de\\\/#\\\/schema\\\/logo\\\/image\\\/\",\"url\":\"https:\\\/\\\/www.atelierdesgazelles.com\\\/wp-content\\\/uploads\\\/2025\\\/07\\\/LOGOTYPE--e1757420449423.png\",\"contentUrl\":\"https:\\\/\\\/www.atelierdesgazelles.com\\\/wp-content\\\/uploads\\\/2025\\\/07\\\/LOGOTYPE--e1757420449423.png\",\"width\":500,\"height\":498,\"caption\":\"Atelier des Gazelles\"},\"image\":{\"@id\":\"https:\\\/\\\/www.atelierdesgazelles.com\\\/de\\\/#\\\/schema\\\/logo\\\/image\\\/\"},\"sameAs\":[\"https:\\\/\\\/www.facebook.com\\\/people\\\/LAtelier-Des-Gazelles\\\/61573097917505\\\/\",\"https:\\\/\\\/www.youtube.com\\\/channel\\\/UCIjVXLt-UMv85l9CpZ_PtLw\",\"https:\\\/\\\/www.instagram.com\\\/l_atelierdesgazelles\\\/?igsh=NXcxOWpzZXRoZ2Nn&utm_source=qr\"]}]}<\/script>\n<!-- \/ Yoast SEO plugin. -->","yoast_head_json":{"title":"Datenschutzrichtlinie - Atelier des Gazelles%","robots":{"index":"index","follow":"follow","max-snippet":"max-snippet:-1","max-image-preview":"max-image-preview:large","max-video-preview":"max-video-preview:-1"},"canonical":"https:\/\/www.atelierdesgazelles.com\/de\/datenschutzrichtlinie\/","og_locale":"de_DE","og_type":"article","og_title":"Datenschutzrichtlinie - Atelier des Gazelles%","og_description":"&#13; Datenschutzrichtlinie &#13; Derni\u00e8re mise \u00e0 jour : [17 juin [...]","og_url":"https:\/\/www.atelierdesgazelles.com\/de\/datenschutzrichtlinie\/","og_site_name":"Atelier des Gazelles","article_publisher":"https:\/\/www.facebook.com\/people\/LAtelier-Des-Gazelles\/61573097917505\/","article_modified_time":"2025-10-29T15:58:52+00:00","og_image":[{"width":2461,"height":2461,"url":"https:\/\/www.atelierdesgazelles.com\/wp-content\/uploads\/2024\/07\/IMG_7250.jpg","type":"image\/jpeg"}],"twitter_card":"summary_large_image","twitter_misc":{"Gesch\u00e4tzte Lesezeit":"3 Minuten"},"schema":{"@context":"https:\/\/schema.org","@graph":[{"@type":"WebPage","@id":"https:\/\/www.atelierdesgazelles.com\/de\/datenschutzrichtlinie\/","url":"https:\/\/www.atelierdesgazelles.com\/de\/datenschutzrichtlinie\/","name":"Datenschutzrichtlinie - Atelier des Gazelles%","isPartOf":{"@id":"https:\/\/www.atelierdesgazelles.com\/de\/#website"},"primaryImageOfPage":{"@id":"https:\/\/www.atelierdesgazelles.com\/de\/datenschutzrichtlinie\/#primaryimage"},"image":{"@id":"https:\/\/www.atelierdesgazelles.com\/de\/datenschutzrichtlinie\/#primaryimage"},"thumbnailUrl":"https:\/\/www.atelierdesgazelles.com\/wp-content\/uploads\/2024\/07\/IMG_7250.jpg","datePublished":"2025-09-12T06:49:11+00:00","dateModified":"2025-10-29T15:58:52+00:00","breadcrumb":{"@id":"https:\/\/www.atelierdesgazelles.com\/de\/datenschutzrichtlinie\/#breadcrumb"},"inLanguage":"de","potentialAction":[{"@type":"ReadAction","target":["https:\/\/www.atelierdesgazelles.com\/de\/datenschutzrichtlinie\/"]}]},{"@type":"ImageObject","inLanguage":"de","@id":"https:\/\/www.atelierdesgazelles.com\/de\/datenschutzrichtlinie\/#primaryimage","url":"https:\/\/www.atelierdesgazelles.com\/wp-content\/uploads\/2024\/07\/IMG_7250.jpg","contentUrl":"https:\/\/www.atelierdesgazelles.com\/wp-content\/uploads\/2024\/07\/IMG_7250.jpg","width":2461,"height":2461},{"@type":"BreadcrumbList","@id":"https:\/\/www.atelierdesgazelles.com\/de\/datenschutzrichtlinie\/#breadcrumb","itemListElement":[{"@type":"ListItem","position":1,"name":"Accueil","item":"https:\/\/www.atelierdesgazelles.com\/de\/"},{"@type":"ListItem","position":2,"name":"Datenschutzrichtlinie"}]},{"@type":"WebSite","@id":"https:\/\/www.atelierdesgazelles.com\/de\/#website","url":"https:\/\/www.atelierdesgazelles.com\/de\/","name":"l'Atelier des Gazelles","description":"Franz\u00f6sischer Hersteller von transportablen Booten und kleinen Segelbooten","publisher":{"@id":"https:\/\/www.atelierdesgazelles.com\/de\/#organization"},"potentialAction":[{"@type":"SearchAction","target":{"@type":"EntryPoint","urlTemplate":"https:\/\/www.atelierdesgazelles.com\/de\/?s={search_term_string}"},"query-input":{"@type":"PropertyValueSpecification","valueRequired":true,"valueName":"search_term_string"}}],"inLanguage":"de"},{"@type":"Organization","@id":"https:\/\/www.atelierdesgazelles.com\/de\/#organization","name":"Atelier des Gazelles","url":"https:\/\/www.atelierdesgazelles.com\/de\/","logo":{"@type":"ImageObject","inLanguage":"de","@id":"https:\/\/www.atelierdesgazelles.com\/de\/#\/schema\/logo\/image\/","url":"https:\/\/www.atelierdesgazelles.com\/wp-content\/uploads\/2025\/07\/LOGOTYPE--e1757420449423.png","contentUrl":"https:\/\/www.atelierdesgazelles.com\/wp-content\/uploads\/2025\/07\/LOGOTYPE--e1757420449423.png","width":500,"height":498,"caption":"Atelier des Gazelles"},"image":{"@id":"https:\/\/www.atelierdesgazelles.com\/de\/#\/schema\/logo\/image\/"},"sameAs":["https:\/\/www.facebook.com\/people\/LAtelier-Des-Gazelles\/61573097917505\/","https:\/\/www.youtube.com\/channel\/UCIjVXLt-UMv85l9CpZ_PtLw","https:\/\/www.instagram.com\/l_atelierdesgazelles\/?igsh=NXcxOWpzZXRoZ2Nn&utm_source=qr"]}]}},"_links":{"self":[{"href":"https:\/\/www.atelierdesgazelles.com\/de\/wp-json\/wp\/v2\/pages\/26561","targetHints":{"allow":["GET"]}}],"collection":[{"href":"https:\/\/www.atelierdesgazelles.com\/de\/wp-json\/wp\/v2\/pages"}],"about":[{"href":"https:\/\/www.atelierdesgazelles.com\/de\/wp-json\/wp\/v2\/types\/page"}],"author":[{"embeddable":true,"href":"https:\/\/www.atelierdesgazelles.com\/de\/wp-json\/wp\/v2\/users\/5"}],"replies":[{"embeddable":true,"href":"https:\/\/www.atelierdesgazelles.com\/de\/wp-json\/wp\/v2\/comments?post=26561"}],"version-history":[{"count":3,"href":"https:\/\/www.atelierdesgazelles.com\/de\/wp-json\/wp\/v2\/pages\/26561\/revisions"}],"predecessor-version":[{"id":26579,"href":"https:\/\/www.atelierdesgazelles.com\/de\/wp-json\/wp\/v2\/pages\/26561\/revisions\/26579"}],"wp:featuredmedia":[{"embeddable":true,"href":"https:\/\/www.atelierdesgazelles.com\/de\/wp-json\/wp\/v2\/media\/22941"}],"wp:attachment":[{"href":"https:\/\/www.atelierdesgazelles.com\/de\/wp-json\/wp\/v2\/media?parent=26561"}],"curies":[{"name":"wp","href":"https:\/\/api.w.org\/{rel}","templated":true}]}}